{"id":6612,"date":"2026-04-16T11:13:38","date_gmt":"2026-04-16T08:13:38","guid":{"rendered":"https:\/\/tampereunited.fi\/juniorit\/?page_id=6612"},"modified":"2026-04-16T11:20:57","modified_gmt":"2026-04-16T08:20:57","slug":"p15-16-2011-2010-sininen-2","status":"publish","type":"page","link":"https:\/\/tampereunited.fi\/juniorit\/joukkueet\/harraste-2025-2026\/p15-16-2011-2010-sininen-2\/","title":{"rendered":"P15-16 (2011-2010) Sininen"},"content":{"rendered":"\n<p><\/p>\n\n\n\n<ul class=\"wp-block-list\">\n<li>Kyseess\u00e4 on harrastejoukkue, joka on kaudella 2025-2026 tarkoitettu 2011 &#8211; 2010 -syntyneille pojille.<\/li>\n\n\n\n<li>Harrastejoukkueet sopivat pelaajille, jotka haluavat harjoitella laadukkaassa ohjauksessa 2 kertaa viikossa..<\/li>\n\n\n\n<li>Kes\u00e4kaudella pelataan Palloliiton sarjapelej\u00e4, talvikaudella harjoitusotteluita.<\/li>\n<\/ul>\n\n\n\n<p>Ilmoittaudu P15-16 Sinisten kes\u00e4kaudelle!<\/p>\n\n\n\n<p><a href=\"https:\/\/tampereunited.myclub.fi\/flow\/courses\/10352072\" target=\"_blank\" rel=\"noreferrer noopener\">P15-16 Sininen (Kes\u00e4 2026)<\/a><\/p>\n\n\n\n<h2 class=\"wp-block-heading\">Kausimaksut<\/h2>\n\n\n\n<ul class=\"wp-block-list\">\n<li>Kausimaksu 60\u20ac\/kk = 600\u20ac vuodessa (joulukuulta ei tule kausimaksua, lokakuun ja hein\u00e4kuun maksu on puolitettu).<\/li>\n\n\n\n<li>Laskutetaan kerran kuukaudessa (lokakuun osuus laskutetaan marraskuussa ja hein\u00e4kuun osuus elokuussa).<\/li>\n\n\n\n<li>Kertakustannuksena kerran vuodessa (laskutetaan joulukuun alussa): \n<ul class=\"wp-block-list\">\n<li>vakuutus 95\u20ac (P2011), 230\u20ac (P2010), j\u00e4senmaksu 45\u20ac, rekister\u00f6inti (pelipassi) 43\u20ac, yhteens\u00e4 183-318\u20ac<\/li>\n\n\n\n<li>Mik\u00e4li lapsella on jo oma vakuutus, ettek\u00e4 halua Palloliiton vakuutusta, <a href=\"https:\/\/www.vismasignforms.com\/form\/54d9085f-baca-4647-a00d-a26891ecb637\" target=\"_blank\" rel=\"noreferrer noopener\">ilmoita siit\u00e4 t\u00e4nne<\/a> (ilmoita alkaen 1.12.2025). Vakuutusmaksua ei t\u00e4ss\u00e4 tapauksessa perit\u00e4.<\/li>\n<\/ul>\n<\/li>\n\n\n\n<li>Irtisanoutumisaika toiminnasta on 1 kuukausi siten, ett\u00e4 laskutus p\u00e4\u00e4ttyy aina irtisanoutumisp\u00e4iv\u00e4st\u00e4 seuraavaan kuun loppuun. Eli esim. 20.3. tehty ilmoitus p\u00e4\u00e4tt\u00e4\u00e4 laskutuksen 30.4.<\/li>\n<\/ul>\n\n\n\n<h2 class=\"wp-block-heading\">Varusteet<\/h2>\n\n\n\n<ul class=\"wp-block-list\">\n<li>Peliasu tilataan itsen\u00e4isesti&nbsp;<a href=\"https:\/\/seurakauppa.intersport.fi\/seura\/tampere-united\/jalkapallo\/pelaajien-tuotteet\" target=\"_blank\" rel=\"noreferrer noopener\"><u>Intersportin Seurakaupasta<\/u><\/a><\/li>\n\n\n\n<li>Voit tehd\u00e4 tilauksen saatuasi pelinumeron joukkueenjohtajalta (voi k\u00e4ytt\u00e4\u00e4 pallokouluihin hankittua peliasua, jos pelinumero on vapaa).<\/li>\n\n\n\n<li>Peliasuun kuuluvat:\n<ul class=\"wp-block-list\">\n<li><a href=\"https:\/\/seurakauppa.intersport.fi\/tuote\/tampere-united-pelaajien-tuotteet-7108\/puma-teamgoal-matchday-jersey-jr-90926\" target=\"_blank\" rel=\"noopener\" title=\"\">pelipaita jr<\/a> \/ <a href=\"https:\/\/seurakauppa.intersport.fi\/tuote\/tampere-united-pelaajien-tuotteet-7108\/puma-teamgoal-matchday-jersey-90925\" target=\"_blank\" rel=\"noopener\" title=\"\">pelipaita aikuiset<\/a><\/li>\n\n\n\n<li><a href=\"https:\/\/seurakauppa.intersport.fi\/tuote\/tampere-united-pelaajien-tuotteet-7108\/puma-teamgoal-shorts-jr-89260\" target=\"_blank\" rel=\"noopener\" title=\"\">shortist jr <\/a>\/ <a href=\"https:\/\/seurakauppa.intersport.fi\/tuote\/tampere-united-pelaajien-tuotteet-7108\/puma-teamgoal-shorts-89259\" target=\"_blank\" rel=\"noopener\" title=\"\">shortsit aikuiset<\/a><\/li>\n\n\n\n<li><a href=\"https:\/\/seurakauppa.intersport.fi\/tuote\/tampere-united-pelaajien-tuotteet-7108\/puma-liga-socks-core-68458\" target=\"_blank\" rel=\"noopener\" title=\"\">Sukat<\/a><\/li>\n<\/ul>\n<\/li>\n\n\n\n<li>Sis\u00e4treenit: sis\u00e4peli-\/futsalkeng\u00e4t, s\u00e4\u00e4risuojat, juomapullo<\/li>\n\n\n\n<li>Ulkotreenit: jalkapallokeng\u00e4t, s\u00e4\u00e4risuojat, juomapullo<\/li>\n<\/ul>\n\n\n\n<h2 class=\"wp-block-heading\">myClub ja WhatsApp<\/h2>\n\n\n\n<ul class=\"wp-block-list\">\n<li><strong>Merkitse aina ilmoittautuminen harjoituksiin, joko kyll\u00e4 tai ei.<\/strong>&nbsp;N\u00e4in valmentajan on helpompi suunnitella treenej\u00e4.<\/li>\n\n\n\n<li>Kirjaa lapsen kaikki etunimet myClubin tietoihin.<\/li>\n\n\n\n<li>Merkitse j\u00e4sentilin tietosuoja-asetuksista lapsen nimi n\u00e4kym\u00e4\u00e4n julkisesti, jotta valmentajat n\u00e4kev\u00e4t keit\u00e4 treeneiss\u00e4 on.<\/li>\n\n\n\n<li>Tilin k\u00e4ytt\u00f6oikeusasetuksista voit lis\u00e4t\u00e4 lapsen tiliin uusia k\u00e4ytt\u00e4ji\u00e4.<\/li>\n\n\n\n<li>Joukkueen tiedotuskanavana toimii&nbsp;p\u00e4\u00e4s\u00e4\u00e4nt\u00f6isesti joukkueen WhatsApp -kanava.<\/li>\n<\/ul>\n","protected":false},"excerpt":{"rendered":"<p>Ilmoittaudu P15-16 Sinisten kes\u00e4kaudelle! P15-16 Sininen (Kes\u00e4 2026) Kausimaksut Varusteet myClub ja WhatsApp<\/p>\n","protected":false},"author":18,"featured_media":6225,"parent":5726,"menu_order":7,"comment_status":"closed","ping_status":"closed","template":"page-templates\/junnujoukkue.php","meta":{"_acf_changed":false,"footnotes":"","_links_to":"","_links_to_target":""},"class_list":["post-6612","page","type-page","status-publish","has-post-thumbnail","hentry"],"acf":[],"aioseo_notices":[],"_links":{"self":[{"href":"https:\/\/tampereunited.fi\/juniorit\/wp-json\/wp\/v2\/pages\/6612","targetHints":{"allow":["GET"]}}],"collection":[{"href":"https:\/\/tampereunited.fi\/juniorit\/wp-json\/wp\/v2\/pages"}],"about":[{"href":"https:\/\/tampereunited.fi\/juniorit\/wp-json\/wp\/v2\/types\/page"}],"author":[{"embeddable":true,"href":"https:\/\/tampereunited.fi\/juniorit\/wp-json\/wp\/v2\/users\/18"}],"replies":[{"embeddable":true,"href":"https:\/\/tampereunited.fi\/juniorit\/wp-json\/wp\/v2\/comments?post=6612"}],"version-history":[{"count":2,"href":"https:\/\/tampereunited.fi\/juniorit\/wp-json\/wp\/v2\/pages\/6612\/revisions"}],"predecessor-version":[{"id":6797,"href":"https:\/\/tampereunited.fi\/juniorit\/wp-json\/wp\/v2\/pages\/6612\/revisions\/6797"}],"up":[{"embeddable":true,"href":"https:\/\/tampereunited.fi\/juniorit\/wp-json\/wp\/v2\/pages\/5726"}],"wp:featuredmedia":[{"embeddable":true,"href":"https:\/\/tampereunited.fi\/juniorit\/wp-json\/wp\/v2\/media\/6225"}],"wp:attachment":[{"href":"https:\/\/tampereunited.fi\/juniorit\/wp-json\/wp\/v2\/media?parent=6612"}],"curies":[{"name":"wp","href":"https:\/\/api.w.org\/{rel}","templated":true}]}}