{"id":6412,"date":"2026-02-18T14:54:21","date_gmt":"2026-02-18T12:54:21","guid":{"rendered":"https:\/\/tampereunited.fi\/juniorit\/?page_id=6412"},"modified":"2026-03-16T10:27:57","modified_gmt":"2026-03-16T08:27:57","slug":"t7-9-pallokoulut","status":"publish","type":"page","link":"https:\/\/tampereunited.fi\/juniorit\/t7-9-pallokoulut\/","title":{"rendered":"T7-9 Pallokoulut"},"content":{"rendered":"\n<p><\/p>\n\n\n\n<p><strong>Ilmoittautuminen KES\u00c4N 2026 Pallokouluihin on nyt avattu!<\/strong> <\/p>\n\n\n\n<p><em><strong>Hy\u00f6dynn\u00e4&nbsp;<\/strong><\/em><strong><em>Early Bird tarjous \u2013 voimassa 16.2.-15.3. v\u00e4lisen\u00e4 aikana<\/em><\/strong>!<\/p>\n\n\n\n<ul class=\"wp-block-list\">\n<li>Pallokoulu on <strong>tarkoitettu 2017-2019<\/strong> syntyneille (7-9 -vuotiaille) tyt\u00f6ille.<\/li>\n\n\n\n<li><strong>Kausi alkaa 4.5.2026<\/strong> ja p\u00e4\u00e4ttyy <strong>28.8.2026<\/strong>. Taukoa toiminnasta viet\u00e4mme 29.6. &#8211; 12.7.2026.<\/li>\n\n\n\n<li><strong>Palkatut ohjaajat <\/strong>vastaavat Pallokoulujen toiminnan laadusta,&nbsp;<strong>vanhempia ei velvoiteta<\/strong>&nbsp;mukaan toimintaan<\/li>\n\n\n\n<li>Tarjoamme mahdollisuuden harrastaa jalkapalloa omien kykyjen ja innon mukaisesti. Kilpailullisia tavoitteita ei ole, ja kaikki saavat pelata. T\u00e4rkeint\u00e4 on, ett\u00e4 kaikki osallistujat saavat kokea liikunnan riemua.<\/li>\n\n\n\n<li>Pallokoululaisten&nbsp;<strong>pelitoiminta<\/strong>&nbsp;tapahtuu seuran sis\u00e4isiss\u00e4 peli-illoissa<\/li>\n\n\n\n<li>Kausimaksuun sis\u00e4ltyv\u00e4t&nbsp;<strong>aamutaitokoulut<\/strong>&nbsp;kaksi kertaa viikossa (viikot 23-26 &amp; 29-31) keskustan alueella. Toiminta on maksutonta pallokouluihin osallistujille ja toimii ensimm\u00e4isen\u00e4 askeleena motivoituneille pelureille kohti ik\u00e4kausitoimintaa.<\/li>\n<\/ul>\n\n\n\n<p><strong>MAKSUT, ILMOITTAUTUMINEN JA LASKUTUS<\/strong><\/p>\n\n\n\n<ul class=\"wp-block-list\">\n<li>Kausimaksu Pallokoulu <strong>159\u20ac<\/strong><\/li>\n\n\n\n<li>Vakuutus ja rekister\u00f6intimaksu&nbsp;<strong>16\u20ac<\/strong>&nbsp;(mik\u00e4li lapsi ei ole osallistunut toimintaan 2026)<\/li>\n\n\n\n<li>J\u00e4senmaksu&nbsp;<strong>45\u20ac<\/strong>&nbsp;(mik\u00e4li lapsi ei ole osallistunut toimintaan 2026)<\/li>\n\n\n\n<li>Peliasu&nbsp;<strong>52\u20ac<\/strong>&nbsp;(aikaisempaa, sopivaa peliasua ei tarvitse uusia)\n<ul class=\"wp-block-list\">\n<li>Peliasu<strong>&nbsp;<\/strong>sis\u00e4lt\u00e4\u00e4 pelaajan nimell\u00e4 varustetun pelipaidan, shortsit ja sukat<\/li>\n\n\n\n<li>Painetulla peliasulla ei ole palautusoikeutta.<\/li>\n<\/ul>\n<\/li>\n\n\n\n<li>Ilmoittaudu toimintaan myClubin v\u00e4lityksell\u00e4. MyClub-ohjeet harrastajille l\u00f6ytyv\u00e4t osoitteesta<a href=\"https:\/\/docs.myclub.fi\/member\" target=\"_blank\" rel=\"noreferrer noopener\"><u>&nbsp;<\/u><strong><u>https:\/\/docs.myclub.fi\/member.<\/u><\/strong><\/a><\/li>\n\n\n\n<li>Merkitse pelaajan kaikki etunimet. (Yhdistyslaki 11.1 \u00a7)<\/li>\n\n\n\n<li>Lasku l\u00e4htee automaattisesti ilmoittautumisen yhteydess\u00e4. Paikka ryhm\u00e4ss\u00e4 varmistuu, kun lasku on maksettu.<\/li>\n<\/ul>\n\n\n\n<p><strong>PELIASUN TOIMITUS JA PELAAJAN REKISTER\u00d6INTI<\/strong><\/p>\n\n\n\n<ul class=\"wp-block-list\">\n<li>Peliasu toimitetaan suoraan harjoituksiin joko toukokuun viimeisell\u00e4 viikolla tai ensimm\u00e4isiin harjoituksiin (valittavissa ilmoittautumisen yhteydess\u00e4).<\/li>\n\n\n\n<li>Pelaajan rekister\u00f6inti- ja vakuutus astuu voimaan kokeilujakson p\u00e4\u00e4tytty\u00e4 tai ensimm\u00e4isiss\u00e4 harjoituksissa (valittavissa ilmoittautumisen yhteydess\u00e4).<\/li>\n\n\n\n<li>Peliasua ei hyvitet\u00e4, eik\u00e4 rekister\u00f6inti- ja vakuutusmaksua palauteta, mik\u00e4li peliasu on tilattu ja vakuutus otettu ensimm\u00e4isiin harjoituksiin.<\/li>\n<\/ul>\n\n\n\n<p><strong>MAKSU- JA PERUUTUSEHDOT<\/strong><a href=\"https:\/\/tampereunited.fi\/juniorit\/u5-7-pallokoulut\/\" target=\"_blank\" rel=\"noreferrer noopener\"><\/a><\/p>\n\n\n\n<ul class=\"wp-block-list\">\n<li>Pallokouluihin on mahdollisuus k\u00e4yd\u00e4 tutustumassa kahden viikon ajan harjoituksiin saapumisesta.<\/li>\n\n\n\n<li>Mik\u00e4li osallistuminen perutaan tutustumisjakson aikana, hyvitet\u00e4\u00e4n pelaajalle kaikki maksetut maksut (Huom! ehdot peliasun painatuksen\/vakuutuksen&amp;rekister\u00f6innin suhteen).<\/li>\n\n\n\n<li><strong>Toimintaan osallistumisen voi peruuttaa VAIN l\u00e4hett\u00e4m\u00e4ll\u00e4 s\u00e4hk\u00f6postia&nbsp;<\/strong><a href=\"mailto:juniorit@tampereunited.fi\" target=\"_blank\" rel=\"noreferrer noopener\"><strong>juniorit@tampereunited.fi<\/strong><\/a><\/li>\n\n\n\n<li>S\u00e4hk\u00f6postin tulee sis\u00e4lt\u00e4\u00e4 seuraavat tiedot:\n<ul class=\"wp-block-list\">\n<li>Pelaajan koko nimi<\/li>\n\n\n\n<li>Maksajan tiedot sek\u00e4 tilinumero palautusta varten<\/li>\n<\/ul>\n<\/li>\n<\/ul>\n\n\n\n<p><u><a href=\"https:\/\/tampereunited.myclub.fi\/flow\/courses\/public\" target=\"_blank\" rel=\"noopener\" title=\"\">ILMOITTAUDU MUKAAN<\/a><\/u><\/p>\n\n\n\n<p><a href=\"https:\/\/tampereunited.fi\/seura\/saannot\/\" target=\"_blank\" rel=\"noreferrer noopener\"><u>Seuran s\u00e4\u00e4nn\u00f6t<\/u><\/a>,<a href=\"https:\/\/tampereunited.fi\/tietosuojaseloste\" target=\"_blank\" rel=\"noreferrer noopener\">&nbsp;<u>tietosuojaseloste<\/u><\/a>,<a href=\"https:\/\/www-assets.palloliitto.fi\/62562\/1764665296-pelipassivakuutuksen-vakuutusdokumentit-2026_v2.pdf\" target=\"_blank\" rel=\"noopener\" title=\"\">&nbsp;<u>tietoa vakuutuksesta<\/u><\/a><\/p>\n\n\n\n<p><\/p>\n\n\n\n<figure class=\"wp-block-image size-large\"><img loading=\"lazy\" decoding=\"async\" width=\"1024\" height=\"546\" src=\"https:\/\/tampereunited.fi\/juniorit\/wp-content\/uploads\/sites\/4\/2022\/02\/tamu-juniorit-ilmoittautuminen-1024x546.jpg\" alt=\"\" class=\"wp-image-3259\" srcset=\"https:\/\/tampereunited.fi\/juniorit\/wp-content\/uploads\/sites\/4\/2022\/02\/tamu-juniorit-ilmoittautuminen-1024x546.jpg 1024w, https:\/\/tampereunited.fi\/juniorit\/wp-content\/uploads\/sites\/4\/2022\/02\/tamu-juniorit-ilmoittautuminen-300x160.jpg 300w, https:\/\/tampereunited.fi\/juniorit\/wp-content\/uploads\/sites\/4\/2022\/02\/tamu-juniorit-ilmoittautuminen-768x410.jpg 768w, https:\/\/tampereunited.fi\/juniorit\/wp-content\/uploads\/sites\/4\/2022\/02\/tamu-juniorit-ilmoittautuminen.jpg 1500w\" sizes=\"auto, (max-width: 639px) 98vw, (max-width: 1199px) 64vw, 770px\" \/><\/figure>\n\n\n\n<p><\/p>\n\n\n\n<p class=\"has-medium-font-size\"><strong>KES\u00c4N HARJOITUSRYHM\u00c4T<\/strong> <\/p>\n\n\n\n<p>Kes\u00e4n harjoitusryhm\u00e4t ja paikat. Tarkemmat tiedot l\u00f6ytyv\u00e4t&nbsp;<a href=\"https:\/\/tampereunited.myclub.fi\/flow\/courses\/\" target=\"_blank\" rel=\"noopener\" title=\"\">ilmoittautumisen yhteydess\u00e4 myClubista<\/a>.<\/p>\n\n\n\n<figure class=\"wp-block-table\"><table class=\"has-fixed-layout\"><tbody><tr><td>Amuri <\/td><td>Fista + V\u00e4in\u00f6 Linnan puisto<\/td><\/tr><tr><td>Annala<\/td><td>Karosen koulutalo<\/td><\/tr><tr><td>Atala-Vehmainen<\/td><td>Juvelanpuisto + Nikinpuisto<\/td><\/tr><tr><td>Hervanta-Rusko<\/td><td>Heinurinm\u00e4ki<\/td><\/tr><tr><td>H\u00e4rm\u00e4l\u00e4<\/td><td>H\u00e4rm\u00e4l\u00e4npuisto + Tehtaankallionkatu<\/td><\/tr><tr><td>Kaarila<\/td><td>Kaarilan koulu + Sellupuisto<\/td><\/tr><tr><td>Kaleva <\/td><td>Sammon (vanha) koulu<\/td><\/tr><tr><td>Lent\u00e4v\u00e4nniemi-Niemenranta<\/td><td>Pyh\u00e4ll\u00f6npuisto + Sellupuisto<\/td><\/tr><tr><td>Peltolammi<\/td><td>Palokallionpuisto + Peltolammin koulu<\/td><\/tr><tr><td>Takahuhti<\/td><td>Takahuhdin koulu + Jankan kentt\u00e4<\/td><\/tr><tr><td>Tesoma-Haukiluoma<\/td><td>Haukiluoman puisto + Tesoman koulu<\/td><\/tr><tr><td>Viiala-Lukonm\u00e4ki<\/td><td>Kalle P\u00e4\u00e4talon puisto + Lukonpuisto<\/td><\/tr><tr><td>Viinikka<\/td><td>Koskuenpuisto<\/td><\/tr><\/tbody><\/table><\/figure>\n\n\n\n<p>Huom! Ryhm\u00e4 tarvitsee toteutuakseen v\u00e4hint\u00e4\u00e4n kahdeksan osallistujaa. Mik\u00e4li valitsemanne ryhm\u00e4n osallistujam\u00e4\u00e4r\u00e4 j\u00e4\u00e4 v\u00e4h\u00e4iseksi, voidaan ryhmi\u00e4 yhdistell\u00e4.<\/p>\n\n\n\n<p><strong>Ohjeita vanhemmille<\/strong><\/p>\n\n\n\n<ul class=\"wp-block-list\">\n<li>Merkitse osallistuminen myClub-sovelluksen avulla, jotta ohjaaja pystyy suunnittelemaan harjoituksia osallistujam\u00e4\u00e4r\u00e4n mukaan.\n<ul class=\"wp-block-list\">\n<li>Merkitse tilin k\u00e4ytt\u00e4j\u00e4tietojen tietosuoja-asetuksista lapsen etunimi ja sukunimi n\u00e4kyviin, jotta ohjaajat n\u00e4kev\u00e4t, keit\u00e4 treeneihin on tulossa.<\/li>\n<\/ul>\n<\/li>\n\n\n\n<li>Kannusta lasta, mutta anna ohjaajille ty\u00f6rauha. Lapsi voi h\u00e4mmenty\u00e4 ohjaajan ja vanhemman samanaikaisista, kesken\u00e4\u00e4n ristiriitaisista ohjeista.<\/li>\n\n\n\n<li>Jos lapsi k\u00e4ytt\u00e4ytyy v\u00e4kivaltaisesti toisia lapsia\/ohjaajia kohtaan, varaamme oikeuden peruuttaa lapsen osallistumisen toimintaan, jolloin jo maksetut kausimaksu ja j\u00e4senmaksu (pl. mahdollinen rekister\u00f6intimaksu ja hankittu peliasu) palautetaan.<\/li>\n<\/ul>\n\n\n\n<p><\/p>\n","protected":false},"excerpt":{"rendered":"<p>Ilmoittautuminen KES\u00c4N 2026 Pallokouluihin on nyt avattu! Hy\u00f6dynn\u00e4&nbsp;Early Bird tarjous \u2013 voimassa 16.2.-15.3. v\u00e4lisen\u00e4 aikana! MAKSUT, ILMOITTAUTUMINEN JA LASKUTUS PELIASUN TOIMITUS JA PELAAJAN REKISTER\u00d6INTI MAKSU- JA PERUUTUSEHDOT ILMOITTAUDU MUKAAN Seuran s\u00e4\u00e4nn\u00f6t,&nbsp;tietosuojaseloste,&nbsp;tietoa vakuutuksesta KES\u00c4N HARJOITUSRYHM\u00c4T Kes\u00e4n harjoitusryhm\u00e4t ja paikat. Tarkemmat tiedot l\u00f6ytyv\u00e4t&nbsp;ilmoittautumisen yhteydess\u00e4 myClubista. Amuri Fista + V\u00e4in\u00f6 Linnan puisto Annala Karosen koulutalo Atala-Vehmainen Juvelanpuisto + [&hellip;]<\/p>\n","protected":false},"author":13,"featured_media":0,"parent":0,"menu_order":11,"comment_status":"closed","ping_status":"closed","template":"","meta":{"_acf_changed":false,"footnotes":"","_links_to":"","_links_to_target":""},"class_list":["post-6412","page","type-page","status-publish","hentry"],"acf":[],"aioseo_notices":[],"_links":{"self":[{"href":"https:\/\/tampereunited.fi\/juniorit\/wp-json\/wp\/v2\/pages\/6412","targetHints":{"allow":["GET"]}}],"collection":[{"href":"https:\/\/tampereunited.fi\/juniorit\/wp-json\/wp\/v2\/pages"}],"about":[{"href":"https:\/\/tampereunited.fi\/juniorit\/wp-json\/wp\/v2\/types\/page"}],"author":[{"embeddable":true,"href":"https:\/\/tampereunited.fi\/juniorit\/wp-json\/wp\/v2\/users\/13"}],"replies":[{"embeddable":true,"href":"https:\/\/tampereunited.fi\/juniorit\/wp-json\/wp\/v2\/comments?post=6412"}],"version-history":[{"count":32,"href":"https:\/\/tampereunited.fi\/juniorit\/wp-json\/wp\/v2\/pages\/6412\/revisions"}],"predecessor-version":[{"id":6742,"href":"https:\/\/tampereunited.fi\/juniorit\/wp-json\/wp\/v2\/pages\/6412\/revisions\/6742"}],"wp:attachment":[{"href":"https:\/\/tampereunited.fi\/juniorit\/wp-json\/wp\/v2\/media?parent=6412"}],"curies":[{"name":"wp","href":"https:\/\/api.w.org\/{rel}","templated":true}]}}