{"id":6247,"date":"2026-01-10T13:37:40","date_gmt":"2026-01-10T11:37:40","guid":{"rendered":"https:\/\/tampereunited.fi\/juniorit\/?page_id=6247"},"modified":"2026-02-10T12:10:12","modified_gmt":"2026-02-10T10:10:12","slug":"turnaukset","status":"publish","type":"page","link":"https:\/\/tampereunited.fi\/juniorit\/turnaukset\/","title":{"rendered":"Turnaukset"},"content":{"rendered":"\n<p>Tampere United j\u00e4rjest\u00e4\u00e4 p\u00e4iv\u00e4turnauksia Pirkkahallilla A:lla. Jokaisessa sarjassa pelataan kolme ottelua. <a href=\"https:\/\/docs.google.com\/forms\/d\/e\/1FAIpQLSd2HsLckEJxIrC75ddLVlohYKqG42qRDKHz-Aqi785zJ_EN7Q\/viewform\" target=\"_blank\" rel=\"noopener\" title=\"\">Ilmoittaudu mukaan turnaukseen!<\/a><\/p>\n\n\n\n<figure class=\"wp-block-table\"><table><tbody><tr><td class=\"has-text-align-center\" data-align=\"center\">P\u00e4iv\u00e4m\u00e4\u00e4r\u00e4<\/td><td class=\"has-text-align-center\" data-align=\"center\">Ik\u00e4ryhm\u00e4 ja taso<\/td><td class=\"has-text-align-center\" data-align=\"center\">Pelimuoto<br>ja m\u00e4\u00e4r\u00e4<\/td><td class=\"has-text-align-center\" data-align=\"center\">Peliaika<\/td><td class=\"has-text-align-center\" data-align=\"center\">Osallistumishinta<\/td><td>Osallistujat:<\/td><\/tr><tr><td class=\"has-text-align-center\" data-align=\"center\"><strong>7.2. (la)<\/strong><\/td><td class=\"has-text-align-center\" data-align=\"center\">P8 (Taso 3)<\/td><td class=\"has-text-align-center\" data-align=\"center\">5v5 x 3<\/td><td class=\"has-text-align-center\" data-align=\"center\">1 x 25 min<\/td><td class=\"has-text-align-center\" data-align=\"center\">70 \u20ac\/joukkue<\/td><td>TamU P8, P2018 Olkahinen Sininen, NoPS, PJK P8 (T\u00c4YNN\u00c4)<\/td><\/tr><tr><td class=\"has-text-align-center\" data-align=\"center\"><\/td><td class=\"has-text-align-center\" data-align=\"center\">P8 (Taso 1)<\/td><td class=\"has-text-align-center\" data-align=\"center\">5v5 x 3<\/td><td class=\"has-text-align-center\" data-align=\"center\">1 x 25 min<\/td><td class=\"has-text-align-center\" data-align=\"center\">70 \u20ac\/joukkue<\/td><td>TamU P8\/1, P2019 Akatemia<\/td><\/tr><tr><td class=\"has-text-align-center\" data-align=\"center\"><\/td><td class=\"has-text-align-center\" data-align=\"center\">P9 (Taso 3)<\/td><td class=\"has-text-align-center\" data-align=\"center\">5v5 x 3<\/td><td class=\"has-text-align-center\" data-align=\"center\">1 x 25 min<\/td><td class=\"has-text-align-center\" data-align=\"center\">70 \u20ac\/joukkue<\/td><td>TamU P9 Sininen, Loiske P9, Pyry P2017<\/td><\/tr><tr><td class=\"has-text-align-center\" data-align=\"center\"><strong>14.2. (la)<\/strong><\/td><td class=\"has-text-align-center\" data-align=\"center\">P12 (Taso 2)<\/td><td class=\"has-text-align-center\" data-align=\"center\">7v7 x 4<\/td><td class=\"has-text-align-center\" data-align=\"center\">3 x 20 min<br>1 x 25 min sijoitusottelut<\/td><td class=\"has-text-align-center\" data-align=\"center\">130 \u20ac\/joukkue<\/td><td>TamU\/1, TamU\/2, Ilves-Kissat P2014, Yilves Punainen, Pyry 1 ja Pyry 2 <\/td><\/tr><tr><td class=\"has-text-align-center\" data-align=\"center\"><\/td><td class=\"has-text-align-center\" data-align=\"center\">P11 (Taso 1)<\/td><td class=\"has-text-align-center\" data-align=\"center\">7v7 x 3<\/td><td class=\"has-text-align-center\" data-align=\"center\">1 x 35 min<\/td><td class=\"has-text-align-center\" data-align=\"center\">130 \u20ac\/joukkue<\/td><td>TamU P11\/1, Ilves-Kissat P2015, Ilves P2015 Keltainen, LeKi 2015 (T\u00c4YNN\u00c4)<\/td><\/tr><tr><td class=\"has-text-align-center\" data-align=\"center\"><strong>15.2. (su)<\/strong><\/td><td class=\"has-text-align-center\" data-align=\"center\">P7 (Taso 2)<\/td><td class=\"has-text-align-center\" data-align=\"center\">5v5 x 3<\/td><td class=\"has-text-align-center\" data-align=\"center\">1 x 25 min<\/td><td class=\"has-text-align-center\" data-align=\"center\">70 \u20ac\/joukkue<\/td><td>TamU P7, ViiPV P7, TPV P7, Yl\u00f6j\u00e4rven Ilves P2019 (T\u00c4YNN\u00c4)<\/td><\/tr><tr><td class=\"has-text-align-center\" data-align=\"center\"><\/td><td class=\"has-text-align-center\" data-align=\"center\">P8 (Taso 2)<\/td><td class=\"has-text-align-center\" data-align=\"center\">5v5 x 3<\/td><td class=\"has-text-align-center\" data-align=\"center\">1 x 25 min<\/td><td class=\"has-text-align-center\" data-align=\"center\">70 \u20ac\/joukkue<\/td><td>TamU P8, TPV P8, Yl\u00f6j\u00e4rven Ilves P2018, Yl\u00f6j\u00e4rven Ilves P7\/8 (T\u00c4YNN\u00c4)<\/td><\/tr><\/tbody><\/table><\/figure>\n\n\n\n<h2 class=\"wp-block-heading\">S\u00c4\u00c4NN\u00d6T<\/h2>\n\n\n\n<p><strong>P8-11<\/strong><\/p>\n\n\n\n<ul class=\"wp-block-list\">\n<li>Ei paitsiota<\/li>\n\n\n\n<li>Sivurajakuljetus\n<ul class=\"wp-block-list\">\n<li>Kuljetus: Sama pelaaja koskee palloa v\u00e4hint\u00e4\u00e4n kahdesti per\u00e4kk\u00e4inen<\/li>\n\n\n\n<li>Maalin tekeminen suoraan ensimm\u00e4isell\u00e4 kosketuksella johtaa maalin hylk\u00e4\u00e4miseen<\/li>\n\n\n\n<li>Vastustajajoukkueen on oltava v\u00e4hint\u00e4\u00e4n 5 m et\u00e4isyydell\u00e4 suorituspaikasta<\/li>\n<\/ul>\n<\/li>\n\n\n\n<li>Maalipotkussa pelin voi avata mist\u00e4 tahansa osasta rangaistusaluetta kuljettamalla.<\/li>\n\n\n\n<li>Kulmapotku ja vapaapotku voidaan antaa kuljettamalla.<\/li>\n<\/ul>\n\n\n\n<p><strong>P12<\/strong> <strong>taso 2-4, P13 taso 4<\/strong> <\/p>\n\n\n\n<ul class=\"wp-block-list\">\n<li>Ei paitsiota<\/li>\n<\/ul>\n\n\n\n<p><strong>P13 taso 3<\/strong><\/p>\n\n\n\n<ul class=\"wp-block-list\">\n<li>8v8, koko A-kentt\u00e4<\/li>\n\n\n\n<li>Puolikent\u00e4n paitsio<\/li>\n<\/ul>\n\n\n\n<p><strong>P13 taso 1<\/strong> <\/p>\n\n\n\n<ul class=\"wp-block-list\">\n<li>9v9, koko A-kentt\u00e4<\/li>\n\n\n\n<li>Puolikent\u00e4n paitsio<\/li>\n<\/ul>\n\n\n\n<h2 class=\"wp-block-heading\">MUUT OHJEET<\/h2>\n\n\n\n<ul class=\"wp-block-list\">\n<li>A-hallin tekonurmimatolla suositellaan k\u00e4ytett\u00e4v\u00e4ksi nappisten sijaan turf- tai futsal-kenki\u00e4 etenkin P11-13 sarjoissa.<\/li>\n\n\n\n<li>Kulku kent\u00e4lle pukukopeilta yhten\u00e4 joukkueena yleisurheiluradan p\u00e4\u00e4dyist\u00e4, kent\u00e4ll\u00e4 kiert\u00e4vi\u00e4 urheilijoita varoen.<\/li>\n\n\n\n<li>Pukukoppeja 1-4 voi k\u00e4ytt\u00e4\u00e4 vapaasti sen mukaan kuinka niiss\u00e4 on tilaa, ellei muuta ole ilmoitettu. Avain roikkuu pukukopin ovessa, tai on joukkueen toimihenkil\u00f6n mukana. Yhteen pukukoppiin mahtuu useampikin joukkue. Avaimen voi j\u00e4tt\u00e4\u00e4 oveen pelien p\u00e4\u00e4tytty\u00e4.<\/li>\n<\/ul>\n\n\n\n<h2 class=\"wp-block-heading\">SIJAINTI<\/h2>\n\n\n\n<p>Tampereen Messu- ja Urheilukeskus, A-halli. Ilmailunkatu 20, 33900 Tampere.<\/p>\n\n\n\n<p><\/p>\n\n\n\n<h2 class=\"wp-block-heading\">ILMOITTAUTUMINEN<\/h2>\n\n\n\n<p>Ilmoittautuminen turnauksiin k\u00e4ynniss\u00e4! Ilmoittaudu mukaan turnaukseen <a href=\"https:\/\/docs.google.com\/forms\/d\/e\/1FAIpQLSd2HsLckEJxIrC75ddLVlohYKqG42qRDKHz-Aqi785zJ_EN7Q\/viewform?usp=publish-editor\" target=\"_blank\" rel=\"noopener\" title=\"\">t\u00e4st\u00e4<\/a><\/p>\n\n\n\n<h2 class=\"wp-block-heading\">YHTEYSHENKIL\u00d6<\/h2>\n\n\n\n<p><\/p>\n\n\n\n<ul class=\"wp-block-list\">\n<li>Ville Yli-Hemminki (ville.yli-hemminki@tampereunited.fi)<\/li>\n\n\n\n<li>Puh: 041 449 1500<\/li>\n<\/ul>\n\n\n\n<p><\/p>\n","protected":false},"excerpt":{"rendered":"<p>Tampere United j\u00e4rjest\u00e4\u00e4 p\u00e4iv\u00e4turnauksia Pirkkahallilla A:lla. Jokaisessa sarjassa pelataan kolme ottelua. Ilmoittaudu mukaan turnaukseen! P\u00e4iv\u00e4m\u00e4\u00e4r\u00e4 Ik\u00e4ryhm\u00e4 ja taso Pelimuotoja m\u00e4\u00e4r\u00e4 Peliaika Osallistumishinta Osallistujat: 7.2. (la) P8 (Taso 3) 5v5 x 3 1 x 25 min 70 \u20ac\/joukkue TamU P8, P2018 Olkahinen Sininen, NoPS, PJK P8 (T\u00c4YNN\u00c4) P8 (Taso 1) 5v5 x 3 1 x 25 [&hellip;]<\/p>\n","protected":false},"author":13,"featured_media":0,"parent":0,"menu_order":0,"comment_status":"closed","ping_status":"closed","template":"","meta":{"_acf_changed":false,"footnotes":"","_links_to":"","_links_to_target":""},"class_list":["post-6247","page","type-page","status-publish","hentry"],"acf":[],"aioseo_notices":[],"_links":{"self":[{"href":"https:\/\/tampereunited.fi\/juniorit\/wp-json\/wp\/v2\/pages\/6247","targetHints":{"allow":["GET"]}}],"collection":[{"href":"https:\/\/tampereunited.fi\/juniorit\/wp-json\/wp\/v2\/pages"}],"about":[{"href":"https:\/\/tampereunited.fi\/juniorit\/wp-json\/wp\/v2\/types\/page"}],"author":[{"embeddable":true,"href":"https:\/\/tampereunited.fi\/juniorit\/wp-json\/wp\/v2\/users\/13"}],"replies":[{"embeddable":true,"href":"https:\/\/tampereunited.fi\/juniorit\/wp-json\/wp\/v2\/comments?post=6247"}],"version-history":[{"count":72,"href":"https:\/\/tampereunited.fi\/juniorit\/wp-json\/wp\/v2\/pages\/6247\/revisions"}],"predecessor-version":[{"id":6403,"href":"https:\/\/tampereunited.fi\/juniorit\/wp-json\/wp\/v2\/pages\/6247\/revisions\/6403"}],"wp:attachment":[{"href":"https:\/\/tampereunited.fi\/juniorit\/wp-json\/wp\/v2\/media?parent=6247"}],"curies":[{"name":"wp","href":"https:\/\/api.w.org\/{rel}","templated":true}]}}