{"id":60,"date":"2017-02-06T17:57:09","date_gmt":"2017-02-06T15:57:09","guid":{"rendered":"https:\/\/tampereunited.fi\/junnut\/?page_id=60"},"modified":"2023-11-01T10:05:26","modified_gmt":"2023-11-01T08:05:26","slug":"ohjaajien-ohjeet","status":"publish","type":"page","link":"https:\/\/tampereunited.fi\/juniorit\/ohjaajien-ohjeet\/","title":{"rendered":"Ohjaajien ohjeet"},"content":{"rendered":"<p>Tampere Unitedin Pallokouluissa ohjaajina toimivat ensisijaisesti teht\u00e4v\u00e4\u00e4n palkatut ohjaajat. My\u00f6s lasten vanhemmilla on halutessaan mahdollisuus ryhty\u00e4 ohjaajaksi, ja lis\u00e4ksi ohjaajina toimii TamUn aikuisjoukkueiden pelaajia sek\u00e4 muita vapaaehtoisia. Ohjaajien teht\u00e4v\u00e4n\u00e4 on toimia my\u00f6s linkkin\u00e4 seuran junioriorganisaation edustajien ja joukkueen vanhempien v\u00e4lill\u00e4. H\u00e4n toimii joukkueen yhteyshenkil\u00f6n\u00e4 my\u00f6s muiden seurojen ja joukkueiden edustajille.<\/p>\n<p>Vastuullinen ohjaaja vastaa joukkueen ohjaamisesta harjoituksissa ja peli-illoissa. Vastuuohjaajien kanssa tehd\u00e4\u00e4n valmentajasopimus ja ty\u00f6st\u00e4 maksetaan palkkaa.<\/p>\n<div class=\"row show-for-medium-up large-centered\"><a class=\"button\" href=\"#hakulomake\">Hae ohjaajaksi<\/a><\/div>\n<h3>Vastuullisen ohjaajan teht\u00e4v\u00e4t<\/h3>\n<ul>\n<li>Harjoitusten ohjaaminen<\/li>\n<li>Joukkueen ohjaaminen seuran peli-illoissa<\/li>\n<li>Joukkueen varusteista huolehtiminen (pallot, liivit yms.)<\/li>\n<li>Tarvittaessa <a href=\"https:\/\/tampereunited.fi\/juniorit\/pelinohjaajat\/\">pelinohjaajana<\/a> toimiminen peli-illoissa<\/li>\n<\/ul>\n<p>Lasten kanssa toimiessa kenen tahansa ohjaajan t\u00e4rkein teht\u00e4v\u00e4 on luoda ryhm\u00e4lle iloinen ja kannustava ilmapiiri, jossa lapset uskaltavat kokeilla uusia asioita ilman pelkoa ep\u00e4onnistumisesta. T\u00e4m\u00e4 on paljon t\u00e4rke\u00e4mp\u00e4\u00e4 kuin se, osaako ohjaaja opettaa oikeat suoritustekniikat. Jos lapsi kokee jalkapallon harjoittelun ja pelaamisen mukavaksi, h\u00e4n oppii kokeilujen ja erehdysten kautta pelaamaan sit\u00e4 paremmin.<\/p>\n<h3>Ohjaajan muistilistat<\/h3>\n<p>Lapset kokevat jalkalloilussa:<\/p>\n<ul>\n<li>intoa, iloa ja riemua<\/li>\n<li>pelikavereidensa kanssa hienoa yhdess\u00e4oloa<\/li>\n<li>olevansa yht\u00e4 arvokas kuin kuka tahansa muu<\/li>\n<li>saavansa hyv\u00e4\u00e4 ohjausta<\/li>\n<li>el\u00e4myksi\u00e4 jokaisessa harjoituksessa ja jokaisessa ottelussa<\/li>\n<li>oppivansa uusia asioita<\/li>\n<\/ul>\n<p>Lapset kokevat minun olevan:<\/p>\n<ul>\n<li>iloinen ja positiivinen<\/li>\n<li>esimerkillinen<\/li>\n<li>reipas<\/li>\n<li>hyv\u00e4tapainen<\/li>\n<li>kannustava ja kiitt\u00e4v\u00e4<\/li>\n<li>oikeudenmukainen ja tasapuolisesti lapset huomioon ottava<\/li>\n<li>onnistumisesta sanoin, elein, ilmein tai olalle taputtaen palkitseva<\/li>\n<li>kuunteleva ja keskusteleva<\/li>\n<li>lapsia realistisesti arvioiva \u2013 asetan tavoitteet sopiviksi<\/li>\n<li>toiminnan hauskana pit\u00e4v\u00e4, kuria ja s\u00e4\u00e4nt\u00f6j\u00e4 unohtamatta<\/li>\n<\/ul>\n<h3>Apua teht\u00e4v\u00e4\u00e4n<\/h3>\n<p><a name=\"hakulomake\"><\/a><\/p>\n<p>Kenelt\u00e4k\u00e4\u00e4n ei vaadita alkutiedoiksi jalkapallotiet\u00e4myst\u00e4, ja muitakaan alkutasovaatimuksia ei ole.<\/p>\n<p>Tampere United kouluttaa kaikki ohjaajansa Suomen Palloliiton lasten ohjaaja- ja valmentajakoulutuksilla. <a href=\"https:\/\/tampereunited.fi\/juniorit\/koulutus\/\">Koulutukset<\/a> j\u00e4rjestet\u00e4\u00e4n ennen kauden alkua.<\/p>\n<p>Seura tarjoaa kaupunginosaohjaajille laaja-alaisen <a href=\"https:\/\/tampereunited.fi\/juniorit\/harjoituskirjasto\/\">harjoituskirjaston<\/a>, jota voi k\u00e4ytt\u00e4\u00e4 harjoitusten l\u00e4piviemiseen. Seuralla on my\u00f6s vankka jalkapallotiet\u00e4mys kaupunginosatoiminnan taustalla, josta saa tarvittaessa apua harjoitteiden kehitt\u00e4miseen.<\/p>\n<h3>Hakulomake<\/h3>\n<p>Haku ei ole t\u00e4ll\u00e4 hetkell\u00e4 k\u00e4ynniss\u00e4.<\/p>\n","protected":false},"excerpt":{"rendered":"<p>Tampere Unitedin Pallokouluissa ohjaajina toimivat ensisijaisesti teht\u00e4v\u00e4\u00e4n palkatut ohjaajat. My\u00f6s lasten vanhemmilla on halutessaan mahdollisuus ryhty\u00e4 ohjaajaksi, ja lis\u00e4ksi ohjaajina toimii TamUn aikuisjoukkueiden pelaajia sek\u00e4 muita vapaaehtoisia. Ohjaajien teht\u00e4v\u00e4n\u00e4 on toimia my\u00f6s linkkin\u00e4 seuran junioriorganisaation edustajien ja joukkueen vanhempien v\u00e4lill\u00e4. H\u00e4n toimii joukkueen yhteyshenkil\u00f6n\u00e4 my\u00f6s muiden seurojen ja joukkueiden edustajille. Vastuullinen ohjaaja vastaa joukkueen ohjaamisesta [&hellip;]<\/p>\n","protected":false},"author":6,"featured_media":0,"parent":0,"menu_order":0,"comment_status":"closed","ping_status":"closed","template":"","meta":{"_acf_changed":false,"footnotes":"","_links_to":"","_links_to_target":""},"class_list":["post-60","page","type-page","status-publish","hentry"],"acf":[],"aioseo_notices":[],"_links":{"self":[{"href":"https:\/\/tampereunited.fi\/juniorit\/wp-json\/wp\/v2\/pages\/60","targetHints":{"allow":["GET"]}}],"collection":[{"href":"https:\/\/tampereunited.fi\/juniorit\/wp-json\/wp\/v2\/pages"}],"about":[{"href":"https:\/\/tampereunited.fi\/juniorit\/wp-json\/wp\/v2\/types\/page"}],"author":[{"embeddable":true,"href":"https:\/\/tampereunited.fi\/juniorit\/wp-json\/wp\/v2\/users\/6"}],"replies":[{"embeddable":true,"href":"https:\/\/tampereunited.fi\/juniorit\/wp-json\/wp\/v2\/comments?post=60"}],"version-history":[{"count":56,"href":"https:\/\/tampereunited.fi\/juniorit\/wp-json\/wp\/v2\/pages\/60\/revisions"}],"predecessor-version":[{"id":4115,"href":"https:\/\/tampereunited.fi\/juniorit\/wp-json\/wp\/v2\/pages\/60\/revisions\/4115"}],"wp:attachment":[{"href":"https:\/\/tampereunited.fi\/juniorit\/wp-json\/wp\/v2\/media?parent=60"}],"curies":[{"name":"wp","href":"https:\/\/api.w.org\/{rel}","templated":true}]}}