{"id":5738,"date":"2025-08-22T11:17:29","date_gmt":"2025-08-22T08:17:29","guid":{"rendered":"https:\/\/tampereunited.fi\/juniorit\/?page_id=5738"},"modified":"2026-02-26T12:27:27","modified_gmt":"2026-02-26T10:27:27","slug":"p8-9-2018-2017-sininen","status":"publish","type":"page","link":"https:\/\/tampereunited.fi\/juniorit\/joukkueet\/harraste-2025-2026\/p8-9-2018-2017-sininen\/","title":{"rendered":"P9-10 (2017-2016) L\u00c4NSI"},"content":{"rendered":"\n<p><\/p>\n\n\n\n<ul class=\"wp-block-list\">\n<li>Kyseess\u00e4 on harrastejoukkue, joka on kes\u00e4ll\u00e4 2026 tarkoitettu 2016- ja 2017-syntyneille pojille.<\/li>\n\n\n\n<li>Harrastejoukkueet sopivat pelaajille, jotka haluavat harjoitella laadukkaassa ohjauksessa 2 kertaa viikossa. <\/li>\n\n\n\n<li>Kausi 2026 alkaa 13.4. ja loppuu 28.8. Kes\u00e4taukoa toiminnasta viet\u00e4mme&nbsp; 29.6 &#8211; 12.7.<\/li>\n<\/ul>\n\n\n\n<p><\/p>\n\n\n\n<p>Ilmoittaudu P9-10 Sinisten kes\u00e4kaudelle!<\/p>\n\n\n\n<p><a href=\"https:\/\/tampereunited.myclub.fi\/flow\/courses\/10351474\" target=\"_blank\" rel=\"noreferrer noopener\">P9-10 Sininen L\u00c4NSI (Kes\u00e4 2026<\/a>)<\/p>\n\n\n\n<p><a href=\"https:\/\/tampereunited.myclub.fi\/flow\/courses\/10349104\" target=\"_blank\" rel=\"noreferrer noopener\">P9-10 Sininen IT\u00c4 (Kes\u00e4 2026<\/a>)<\/p>\n\n\n\n<p><\/p>\n","protected":false},"excerpt":{"rendered":"<p>Ilmoittaudu P9-10 Sinisten kes\u00e4kaudelle! P9-10 Sininen L\u00c4NSI (Kes\u00e4 2026) P9-10 Sininen IT\u00c4 (Kes\u00e4 2026)<\/p>\n","protected":false},"author":13,"featured_media":0,"parent":5726,"menu_order":0,"comment_status":"closed","ping_status":"closed","template":"page-templates\/junnujoukkue.php","meta":{"_acf_changed":false,"footnotes":"","_links_to":"","_links_to_target":""},"class_list":["post-5738","page","type-page","status-publish","hentry"],"acf":[],"aioseo_notices":[],"_links":{"self":[{"href":"https:\/\/tampereunited.fi\/juniorit\/wp-json\/wp\/v2\/pages\/5738","targetHints":{"allow":["GET"]}}],"collection":[{"href":"https:\/\/tampereunited.fi\/juniorit\/wp-json\/wp\/v2\/pages"}],"about":[{"href":"https:\/\/tampereunited.fi\/juniorit\/wp-json\/wp\/v2\/types\/page"}],"author":[{"embeddable":true,"href":"https:\/\/tampereunited.fi\/juniorit\/wp-json\/wp\/v2\/users\/13"}],"replies":[{"embeddable":true,"href":"https:\/\/tampereunited.fi\/juniorit\/wp-json\/wp\/v2\/comments?post=5738"}],"version-history":[{"count":25,"href":"https:\/\/tampereunited.fi\/juniorit\/wp-json\/wp\/v2\/pages\/5738\/revisions"}],"predecessor-version":[{"id":6668,"href":"https:\/\/tampereunited.fi\/juniorit\/wp-json\/wp\/v2\/pages\/5738\/revisions\/6668"}],"up":[{"embeddable":true,"href":"https:\/\/tampereunited.fi\/juniorit\/wp-json\/wp\/v2\/pages\/5726"}],"wp:attachment":[{"href":"https:\/\/tampereunited.fi\/juniorit\/wp-json\/wp\/v2\/media?parent=5738"}],"curies":[{"name":"wp","href":"https:\/\/api.w.org\/{rel}","templated":true}]}}