{"id":5728,"date":"2025-08-22T11:01:16","date_gmt":"2025-08-22T08:01:16","guid":{"rendered":"https:\/\/tampereunited.fi\/juniorit\/?page_id=5728"},"modified":"2026-02-24T17:21:09","modified_gmt":"2026-02-24T15:21:09","slug":"edustus-2025-2026","status":"publish","type":"page","link":"https:\/\/tampereunited.fi\/juniorit\/joukkueet\/edustus-2025-2026\/","title":{"rendered":"Edustus (2026)"},"content":{"rendered":"\n<p>Seurassa on tarjolla edustusjoukkueita aina 7-vuotiaista yl\u00f6sp\u00e4in.<\/p>\n\n\n\n<h2 class=\"wp-block-heading\">OLETKO KIINNOSTUNUT LIITTYM\u00c4\u00c4N JOUKKUEESEEN?<\/h2>\n\n\n\n<p>Ota yhteytt\u00e4 joukkueenjohtajaan ja sovi tutustumisesta harjoituksiin!<\/p>\n\n\n\n<p><\/p>\n\n\n\n<ul class=\"wp-block-list\">\n<li><a href=\"https:\/\/tampereunited.fi\/juniorit\/joukkueet\/edustus-2025-2026\/p7-9-2017-2019\/\" title=\"\">P7-8 edustus<\/a><\/li>\n\n\n\n<li><a href=\"https:\/\/tampereunited.fi\/juniorit\/joukkueet\/edustus-2025-2026\/p9-2017\/\" title=\"\">P9 edustus<\/a><\/li>\n\n\n\n<li><a href=\"https:\/\/tampereunited.fi\/juniorit\/joukkueet\/edustus-2025-2026\/p10-2016\/\" title=\"\">P10 edustus<\/a><\/li>\n\n\n\n<li><a href=\"https:\/\/tampereunited.fi\/juniorit\/joukkueet\/edustus-2025-2026\/p11-2015\/\" title=\"\">P11 edustus<\/a><\/li>\n\n\n\n<li><a href=\"https:\/\/tampereunited.fi\/juniorit\/joukkueet\/edustus-2025-2026\/p12-2014\/\" title=\"\">P12 edustus<\/a><\/li>\n\n\n\n<li><a href=\"https:\/\/tampereunited.fi\/juniorit\/joukkueet\/edustus-2025-2026\/p13-2013\/\" title=\"\">P13 edustus<\/a><\/li>\n\n\n\n<li><a href=\"https:\/\/tampereunited.fi\/juniorit\/joukkueet\/edustus-2025-2026\/p14-2012\/\" title=\"\">P14 edustus<\/a><\/li>\n\n\n\n<li><a href=\"https:\/\/tampereunited.fi\/juniorit\/joukkueet\/edustus-2025-2026\/p16-2010\/\" title=\"\">P16 edustus<\/a><\/li>\n\n\n\n<li><a href=\"https:\/\/tampereunited.fi\/juniorit\/joukkueet\/edustus-2025-2026\/p17-2008-2009\/\" title=\"\">P18 edustus<\/a><\/li>\n<\/ul>\n","protected":false},"excerpt":{"rendered":"<p>Seurassa on tarjolla edustusjoukkueita aina 7-vuotiaista yl\u00f6sp\u00e4in. OLETKO KIINNOSTUNUT LIITTYM\u00c4\u00c4N JOUKKUEESEEN? Ota yhteytt\u00e4 joukkueenjohtajaan ja sovi tutustumisesta harjoituksiin!<\/p>\n","protected":false},"author":13,"featured_media":0,"parent":3536,"menu_order":0,"comment_status":"closed","ping_status":"closed","template":"","meta":{"_acf_changed":false,"footnotes":"","_links_to":"","_links_to_target":""},"class_list":["post-5728","page","type-page","status-publish","hentry"],"acf":[],"aioseo_notices":[],"_links":{"self":[{"href":"https:\/\/tampereunited.fi\/juniorit\/wp-json\/wp\/v2\/pages\/5728","targetHints":{"allow":["GET"]}}],"collection":[{"href":"https:\/\/tampereunited.fi\/juniorit\/wp-json\/wp\/v2\/pages"}],"about":[{"href":"https:\/\/tampereunited.fi\/juniorit\/wp-json\/wp\/v2\/types\/page"}],"author":[{"embeddable":true,"href":"https:\/\/tampereunited.fi\/juniorit\/wp-json\/wp\/v2\/users\/13"}],"replies":[{"embeddable":true,"href":"https:\/\/tampereunited.fi\/juniorit\/wp-json\/wp\/v2\/comments?post=5728"}],"version-history":[{"count":3,"href":"https:\/\/tampereunited.fi\/juniorit\/wp-json\/wp\/v2\/pages\/5728\/revisions"}],"predecessor-version":[{"id":6635,"href":"https:\/\/tampereunited.fi\/juniorit\/wp-json\/wp\/v2\/pages\/5728\/revisions\/6635"}],"up":[{"embeddable":true,"href":"https:\/\/tampereunited.fi\/juniorit\/wp-json\/wp\/v2\/pages\/3536"}],"wp:attachment":[{"href":"https:\/\/tampereunited.fi\/juniorit\/wp-json\/wp\/v2\/media?parent=5728"}],"curies":[{"name":"wp","href":"https:\/\/api.w.org\/{rel}","templated":true}]}}