{"id":5726,"date":"2025-08-22T11:12:48","date_gmt":"2025-08-22T08:12:48","guid":{"rendered":"https:\/\/tampereunited.fi\/juniorit\/?page_id=5726"},"modified":"2026-04-09T13:52:03","modified_gmt":"2026-04-09T10:52:03","slug":"harraste-2025-2026","status":"publish","type":"page","link":"https:\/\/tampereunited.fi\/juniorit\/joukkueet\/harraste-2025-2026\/","title":{"rendered":"Harraste (2026)"},"content":{"rendered":"\n<p>Seurassa on tarjolla harrastejoukkueita aina 3-vuotiaista yl\u00f6sp\u00e4in. <\/p>\n\n\n\n<p>Ilmoittautuminen kes\u00e4n harrasteryhmiin nyt auki!<\/p>\n\n\n\n<ul class=\"wp-block-list\">\n<li><a href=\"https:\/\/tampereunited.fi\/juniorit\/lapsi-aikuisryhmat-3-4-vuotiaat\/\" title=\"\">PT3-4 Lapsi-aikuisryhm\u00e4t<\/a> <\/li>\n\n\n\n<li><a href=\"https:\/\/tampereunited.fi\/juniorit\/pt5-6-pallokoulut\/\" title=\"\">PT5-6 Pallokoulut <\/a><\/li>\n\n\n\n<li><a href=\"https:\/\/tampereunited.fi\/juniorit\/p7-8-pallokoulut\/\" title=\"\">P7-8 Pallokoulu<\/a><\/li>\n\n\n\n<li><a href=\"https:\/\/tampereunited.fi\/juniorit\/t7-9-pallokoulut\/\" title=\"\">T7-9 Pallokoulu<\/a><\/li>\n\n\n\n<li><a href=\"https:\/\/tampereunited.myclub.fi\/flow\/courses\/10351474\" target=\"_blank\" rel=\"noopener\" title=\"\">P9-10 Sininen L\u00c4NSI <\/a><\/li>\n\n\n\n<li><a href=\"https:\/\/tampereunited.myclub.fi\/flow\/courses\/10349104\" target=\"_blank\" rel=\"noopener\" title=\"\">P9-10 Sininen IT\u00c4 <\/a><\/li>\n\n\n\n<li><a href=\"https:\/\/tampereunited.myclub.fi\/flow\/courses\/10303668\" title=\"\">P11 Viinikka <\/a><\/li>\n\n\n\n<li><a href=\"https:\/\/tampereunited.myclub.fi\/flow\/courses\/10352072\" target=\"_blank\" rel=\"noopener\" title=\"\">P15-16 Sininen <\/a><\/li>\n<\/ul>\n\n\n\n<figure class=\"wp-block-image size-large\"><img loading=\"lazy\" decoding=\"async\" width=\"819\" height=\"1024\" src=\"https:\/\/tampereunited.fi\/juniorit\/wp-content\/uploads\/sites\/4\/2026\/03\/TamU-PK-mainos-sininen-819x1024.jpeg\" alt=\"\" class=\"wp-image-6729\" srcset=\"https:\/\/tampereunited.fi\/juniorit\/wp-content\/uploads\/sites\/4\/2026\/03\/TamU-PK-mainos-sininen-819x1024.jpeg 819w, https:\/\/tampereunited.fi\/juniorit\/wp-content\/uploads\/sites\/4\/2026\/03\/TamU-PK-mainos-sininen-240x300.jpeg 240w, https:\/\/tampereunited.fi\/juniorit\/wp-content\/uploads\/sites\/4\/2026\/03\/TamU-PK-mainos-sininen-768x960.jpeg 768w, https:\/\/tampereunited.fi\/juniorit\/wp-content\/uploads\/sites\/4\/2026\/03\/TamU-PK-mainos-sininen-640x800.jpeg 640w, https:\/\/tampereunited.fi\/juniorit\/wp-content\/uploads\/sites\/4\/2026\/03\/TamU-PK-mainos-sininen-1024x1280.jpeg 1024w, https:\/\/tampereunited.fi\/juniorit\/wp-content\/uploads\/sites\/4\/2026\/03\/TamU-PK-mainos-sininen.jpeg 1080w\" sizes=\"auto, (max-width: 639px) 98vw, (max-width: 1199px) 64vw, 770px\" \/><\/figure>\n\n\n\n<p><\/p>\n","protected":false},"excerpt":{"rendered":"<p>Seurassa on tarjolla harrastejoukkueita aina 3-vuotiaista yl\u00f6sp\u00e4in. Ilmoittautuminen kes\u00e4n harrasteryhmiin nyt auki!<\/p>\n","protected":false},"author":13,"featured_media":0,"parent":3536,"menu_order":0,"comment_status":"closed","ping_status":"closed","template":"","meta":{"_acf_changed":false,"footnotes":"","_links_to":"","_links_to_target":""},"class_list":["post-5726","page","type-page","status-publish","hentry"],"acf":[],"aioseo_notices":[],"_links":{"self":[{"href":"https:\/\/tampereunited.fi\/juniorit\/wp-json\/wp\/v2\/pages\/5726","targetHints":{"allow":["GET"]}}],"collection":[{"href":"https:\/\/tampereunited.fi\/juniorit\/wp-json\/wp\/v2\/pages"}],"about":[{"href":"https:\/\/tampereunited.fi\/juniorit\/wp-json\/wp\/v2\/types\/page"}],"author":[{"embeddable":true,"href":"https:\/\/tampereunited.fi\/juniorit\/wp-json\/wp\/v2\/users\/13"}],"replies":[{"embeddable":true,"href":"https:\/\/tampereunited.fi\/juniorit\/wp-json\/wp\/v2\/comments?post=5726"}],"version-history":[{"count":22,"href":"https:\/\/tampereunited.fi\/juniorit\/wp-json\/wp\/v2\/pages\/5726\/revisions"}],"predecessor-version":[{"id":6788,"href":"https:\/\/tampereunited.fi\/juniorit\/wp-json\/wp\/v2\/pages\/5726\/revisions\/6788"}],"up":[{"embeddable":true,"href":"https:\/\/tampereunited.fi\/juniorit\/wp-json\/wp\/v2\/pages\/3536"}],"wp:attachment":[{"href":"https:\/\/tampereunited.fi\/juniorit\/wp-json\/wp\/v2\/media?parent=5726"}],"curies":[{"name":"wp","href":"https:\/\/api.w.org\/{rel}","templated":true}]}}