{"id":5045,"date":"2024-12-09T11:25:09","date_gmt":"2024-12-09T09:25:09","guid":{"rendered":"https:\/\/tampereunited.fi\/juniorit\/?page_id=5045"},"modified":"2026-03-20T13:35:41","modified_gmt":"2026-03-20T11:35:41","slug":"futisleirit-2","status":"publish","type":"page","link":"https:\/\/tampereunited.fi\/juniorit\/futisleirit-2\/","title":{"rendered":"Futisleirit"},"content":{"rendered":"\n<p>Tampere United j\u00e4rjest\u00e4\u00e4 useita futisleirej\u00e4 ymp\u00e4ri vuoden! Leirille ovat tervetulleita pelaajat sek\u00e4 seuran sis\u00e4lt\u00e4 ett\u00e4 ulkopuolelta! <\/p>\n\n\n\n<p>Julkaisemme t\u00e4ll\u00e4 sivustolla ajankohtaista tietoa leireist\u00e4.  <\/p>\n\n\n\n<hr class=\"wp-block-separator has-alpha-channel-opacity\" \/>\n\n\n\n<p><\/p>\n\n\n\n<figure class=\"wp-block-image size-full\"><img loading=\"lazy\" decoding=\"async\" width=\"1024\" height=\"536\" src=\"https:\/\/tampereunited.fi\/juniorit\/wp-content\/uploads\/sites\/4\/2026\/03\/image.png\" alt=\"\" class=\"wp-image-6749\" srcset=\"https:\/\/tampereunited.fi\/juniorit\/wp-content\/uploads\/sites\/4\/2026\/03\/image.png 1024w, https:\/\/tampereunited.fi\/juniorit\/wp-content\/uploads\/sites\/4\/2026\/03\/image-300x157.png 300w, https:\/\/tampereunited.fi\/juniorit\/wp-content\/uploads\/sites\/4\/2026\/03\/image-768x402.png 768w, https:\/\/tampereunited.fi\/juniorit\/wp-content\/uploads\/sites\/4\/2026\/03\/image-640x335.png 640w\" sizes=\"auto, (max-width: 639px) 98vw, (max-width: 1199px) 64vw, 770px\" \/><\/figure>\n\n\n\n<p><\/p>\n\n\n\n<p class=\"has-medium-font-size\">Dutch Football Camp 30.6.-2.7.2026<\/p>\n\n\n\n<p class=\"has-medium-font-size\">j\u00e4rjestet\u00e4\u00e4n ensi kes\u00e4n\u00e4 jo kolmatta kertaa Kaupin urheilupuistossa. Leirin vastuuvalmentajana on aiempien kahden kes\u00e4n tapaan Ajax Amsterdamin akatemiassa huippuja valmentanut\u00a0<strong>Eddie van Schaick<\/strong>, jonka oikeana k\u00e4ten\u00e4 leirill\u00e4 toimii t\u00e4ll\u00e4 kertaa TamUn urheilutoimenjohtaja\u00a0<strong>Tero Suonper\u00e4<\/strong>. Lis\u00e4ksi leirill\u00e4 on apuvalmentajina TamUn miesten edustusjoukkueen pelaajia.<\/p>\n\n\n\n<p class=\"has-medium-font-size\">Leiri kest\u00e4\u00e4 kolme p\u00e4iv\u00e4\u00e4 30.6.\u20132.7.2026, ja harjoituksia on viimevuotiseen tapaan aamup\u00e4iv\u00e4ll\u00e4 klo 10\u201311.30 sek\u00e4 iltap\u00e4iv\u00e4ll\u00e4 klo 13\u201315. Leiril\u00e4isille on tarjolla maittava lounas Kauppi Sports Centerill\u00e4.<\/p>\n\n\n\n<p class=\"has-medium-font-size\">Leiri on suunnattu 2011\u20132018\u00a0syntyneille pojille ja tyt\u00f6ille, joilla on vahva motivaatio kehitt\u00e4\u00e4 itse\u00e4\u00e4n jalkapalloilijana ja urheilijana. Leirille voi tulla mukaan mink\u00e4 tahansa seuran pelaaja niin Tampereen l\u00e4hialueilta kuin kauempaakin.<\/p>\n\n\n\n<p class=\"has-medium-font-size\"><\/p>\n\n\n\n<p><a href=\"https:\/\/tampereunited.fi\/dutch-football-camp\/\" title=\"\">Lue lis\u00e4\u00e4<\/a><\/p>\n\n\n\n<p><\/p>\n","protected":false},"excerpt":{"rendered":"<p>Tampere United j\u00e4rjest\u00e4\u00e4 useita futisleirej\u00e4 ymp\u00e4ri vuoden! Leirille ovat tervetulleita pelaajat sek\u00e4 seuran sis\u00e4lt\u00e4 ett\u00e4 ulkopuolelta! Julkaisemme t\u00e4ll\u00e4 sivustolla ajankohtaista tietoa leireist\u00e4. Dutch Football Camp 30.6.-2.7.2026 j\u00e4rjestet\u00e4\u00e4n ensi kes\u00e4n\u00e4 jo kolmatta kertaa Kaupin urheilupuistossa. Leirin vastuuvalmentajana on aiempien kahden kes\u00e4n tapaan Ajax Amsterdamin akatemiassa huippuja valmentanut\u00a0Eddie van Schaick, jonka oikeana k\u00e4ten\u00e4 leirill\u00e4 toimii t\u00e4ll\u00e4 kertaa [&hellip;]<\/p>\n","protected":false},"author":13,"featured_media":0,"parent":0,"menu_order":0,"comment_status":"closed","ping_status":"closed","template":"","meta":{"_acf_changed":false,"footnotes":"","_links_to":"","_links_to_target":""},"class_list":["post-5045","page","type-page","status-publish","hentry"],"acf":[],"aioseo_notices":[],"_links":{"self":[{"href":"https:\/\/tampereunited.fi\/juniorit\/wp-json\/wp\/v2\/pages\/5045","targetHints":{"allow":["GET"]}}],"collection":[{"href":"https:\/\/tampereunited.fi\/juniorit\/wp-json\/wp\/v2\/pages"}],"about":[{"href":"https:\/\/tampereunited.fi\/juniorit\/wp-json\/wp\/v2\/types\/page"}],"author":[{"embeddable":true,"href":"https:\/\/tampereunited.fi\/juniorit\/wp-json\/wp\/v2\/users\/13"}],"replies":[{"embeddable":true,"href":"https:\/\/tampereunited.fi\/juniorit\/wp-json\/wp\/v2\/comments?post=5045"}],"version-history":[{"count":35,"href":"https:\/\/tampereunited.fi\/juniorit\/wp-json\/wp\/v2\/pages\/5045\/revisions"}],"predecessor-version":[{"id":6750,"href":"https:\/\/tampereunited.fi\/juniorit\/wp-json\/wp\/v2\/pages\/5045\/revisions\/6750"}],"wp:attachment":[{"href":"https:\/\/tampereunited.fi\/juniorit\/wp-json\/wp\/v2\/media?parent=5045"}],"curies":[{"name":"wp","href":"https:\/\/api.w.org\/{rel}","templated":true}]}}