{"id":50,"date":"2017-02-06T17:47:45","date_gmt":"2017-02-06T15:47:45","guid":{"rendered":"https:\/\/tampereunited.fi\/junnut\/?page_id=50"},"modified":"2026-03-11T17:06:09","modified_gmt":"2026-03-11T15:06:09","slug":"yhteyshenkilot","status":"publish","type":"page","link":"https:\/\/tampereunited.fi\/juniorit\/yhteyshenkilot\/","title":{"rendered":"Yhteyshenkil\u00f6t"},"content":{"rendered":"<div class=\"row\">\n<div class=\"columns large-6 small-12\">\n<table class=\"show-for-small\" style=\"width: 95%;\">\n<tbody>\n<tr>\n<th>Juniorikoordinaattori<\/th>\n<\/tr>\n<tr>\n<td><strong>Ville Yli-Hemminki<\/strong><\/td>\n<\/tr>\n<tr>\n<td>Vastuualueet: lapsi-aikuisryhm\u00e4t &amp; pallokoulu, varustetilaukset, laskutus, MyClub-j\u00e4senrekisteri\u00a0<\/td>\n<\/tr>\n<tr>\n<td>041 449 1500<\/td>\n<\/tr>\n<tr>\n<td>ville.yli-hemminki (\u00e4t) tampereunited.fi<\/td>\n<\/tr>\n<\/tbody>\n<\/table>\n<table class=\"show-for-small\">\n<tbody>\n<tr>\n<th>Juniorip\u00e4\u00e4llikk\u00f6<\/th>\n<\/tr>\n<tr>\n<td><strong>Ville Lehtil\u00e4<\/strong><\/td>\n<\/tr>\n<tr>\n<td>Vastuualueet: valmennuksen johtaminen &amp; valmentajarekrytointi<\/td>\n<\/tr>\n<tr>\n<td>045 7836 4440<\/td>\n<\/tr>\n<tr>\n<td>ville.lehtila (\u00e4t) tampereunited.fi<\/td>\n<\/tr>\n<\/tbody>\n<\/table>\n\n<table class=\"show-for-small\">\n<tbody>\n<tr>\n<th>Valmennusosaamisen kehitt\u00e4j\u00e4<\/th>\n<\/tr>\n<tr>\n<td><strong>Rami Set\u00e4l\u00e4<\/strong><\/td>\n<\/tr>\n<tr>\n<td>rami.setala (\u00e4t) tampereunited.fi<\/td>\n<\/tr>\n<\/tbody>\n<\/table>\n<table class=\"show-for-small\">\n<tbody>\n<tr>\n<th>Joukkueenjohtajakoulutus<\/th>\n<\/tr>\n<tr>\n<td><strong>Antto Heino<\/strong><\/td>\n<\/tr>\n<tr>\n<td>antto.heino (\u00e4t) tampereunited.fi<\/td>\n<\/tr>\n<\/tbody>\n<\/table>\n<table class=\"show-for-small\">\n<tbody>\n<tr>\n<th>Kotisivuvastaava<\/th>\n<\/tr>\n<tr>\n<td><strong>Sara Asp<\/strong><\/td>\n<\/tr>\n<tr>\n<td>sara.asp (\u00e4t) tampereunited.fi<\/td>\n<\/tr>\n<\/tbody>\n<\/table>\n<\/div>\n<\/div>\n<\/div>\n<div class=\"row\">\n<div class=\"columns large-6 small-12\">\u00a0<\/div>\n<\/div>\n\n\n<p><\/p>\n","protected":false},"excerpt":{"rendered":"<p>Juniorikoordinaattori Ville Yli-Hemminki Vastuualueet: lapsi-aikuisryhm\u00e4t &amp; pallokoulu, varustetilaukset, laskutus, MyClub-j\u00e4senrekisteri\u00a0 041 449 1500 ville.yli-hemminki (\u00e4t) tampereunited.fi Juniorip\u00e4\u00e4llikk\u00f6 Ville Lehtil\u00e4 Vastuualueet: valmennuksen johtaminen &amp; valmentajarekrytointi 045 7836 4440 ville.lehtila (\u00e4t) tampereunited.fi Valmennusosaamisen kehitt\u00e4j\u00e4 Rami Set\u00e4l\u00e4 rami.setala (\u00e4t) tampereunited.fi Joukkueenjohtajakoulutus Antto Heino antto.heino (\u00e4t) tampereunited.fi Kotisivuvastaava Sara Asp sara.asp (\u00e4t) tampereunited.fi \u00a0<\/p>\n","protected":false},"author":6,"featured_media":0,"parent":0,"menu_order":4,"comment_status":"closed","ping_status":"closed","template":"","meta":{"_acf_changed":false,"footnotes":"","_links_to":"","_links_to_target":""},"class_list":["post-50","page","type-page","status-publish","hentry"],"acf":[],"aioseo_notices":[],"_links":{"self":[{"href":"https:\/\/tampereunited.fi\/juniorit\/wp-json\/wp\/v2\/pages\/50","targetHints":{"allow":["GET"]}}],"collection":[{"href":"https:\/\/tampereunited.fi\/juniorit\/wp-json\/wp\/v2\/pages"}],"about":[{"href":"https:\/\/tampereunited.fi\/juniorit\/wp-json\/wp\/v2\/types\/page"}],"author":[{"embeddable":true,"href":"https:\/\/tampereunited.fi\/juniorit\/wp-json\/wp\/v2\/users\/6"}],"replies":[{"embeddable":true,"href":"https:\/\/tampereunited.fi\/juniorit\/wp-json\/wp\/v2\/comments?post=50"}],"version-history":[{"count":40,"href":"https:\/\/tampereunited.fi\/juniorit\/wp-json\/wp\/v2\/pages\/50\/revisions"}],"predecessor-version":[{"id":6711,"href":"https:\/\/tampereunited.fi\/juniorit\/wp-json\/wp\/v2\/pages\/50\/revisions\/6711"}],"wp:attachment":[{"href":"https:\/\/tampereunited.fi\/juniorit\/wp-json\/wp\/v2\/media?parent=50"}],"curies":[{"name":"wp","href":"https:\/\/api.w.org\/{rel}","templated":true}]}}