{"id":4800,"date":"2024-10-09T13:32:52","date_gmt":"2024-10-09T10:32:52","guid":{"rendered":"https:\/\/tampereunited.fi\/juniorit\/?page_id=4800"},"modified":"2026-01-29T09:39:36","modified_gmt":"2026-01-29T07:39:36","slug":"p10-2016","status":"publish","type":"page","link":"https:\/\/tampereunited.fi\/juniorit\/joukkueet\/edustus-2025-2026\/p10-2016\/","title":{"rendered":"P10 (2016)"},"content":{"rendered":"\n<p>Tervetuloa Tampere United P10 Edustusjoukkueen sivulle!<\/p>\n\n\n\n<p>Kaudella 2025-2026 P10 Edustusjoukkue on tarkoitettu 2016 -syntyneille pojille.<\/p>\n\n\n\n<p><\/p>\n\n\n\n<h2 class=\"wp-block-heading has-large-font-size\">FAKTAT<\/h2>\n\n\n\n<ul class=\"wp-block-list\">\n<li>Sopii pelaajille, jotka haluavat harjoitella tavoitteellisesti muiden sitoutuneiden ja motivoituneiden pelaajien kanssa.<\/li>\n\n\n\n<li>Valmennuksellinen painotus yksil\u00f6taidoissa.<\/li>\n\n\n\n<li>Pelaa talvella futsalin piirisarjoja, jalkapallon harjoituspelej\u00e4 Pirkanmaan alueella sek\u00e4 osallistuu turnauksiin Pirkanmaan ulkopuolella.<\/li>\n\n\n\n<li>Ty\u00f6suhteessa oleva koulutettu vastuuvalmentaja valmennusryhmineen tarjoaa pelaajille hyv\u00e4n ja motivoivan ymp\u00e4rist\u00f6n oppia ja kasvaa jalkapalloilijana kohti ik\u00e4ryhm\u00e4ns\u00e4 k\u00e4rke\u00e4.<\/li>\n<\/ul>\n\n\n\n<h2 class=\"wp-block-heading\">KAUSIMAKSUT<\/h2>\n\n\n\n<ul class=\"wp-block-list\">\n<li>100 \u20ac\/kk = 1200 \u20ac\/vuosi (laskutus kuusi kertaa vuodessa)<\/li>\n\n\n\n<li>Pelipassi, vakuutus ja seuran j\u00e4senmaksu erikseen, yhteens\u00e4 noin 79 \u20ac<\/li>\n\n\n\n<li>Lis\u00e4ksi tulee kertahankintana varustepaketti, jonka hinta on noin 250 \u20ac.<\/li>\n<\/ul>\n\n\n\n<p>Edustuspelaajien varustepakettiin kuuluu:<\/p>\n\n\n\n<ul class=\"wp-block-list\">\n<li><a href=\"https:\/\/seurakauppa.intersport.fi\/tuote\/tampere-united-pelaajien-tuotteet-7108\/puma-teamgoal-matchday-jersey-jr-90926\" target=\"_blank\" rel=\"noopener\" title=\"\">Pelipaita jr<\/a> \/ <a href=\"https:\/\/seurakauppa.intersport.fi\/tuote\/tampere-united-pelaajien-tuotteet-7108\/puma-teamgoal-matchday-jersey-90925\" target=\"_blank\" rel=\"noopener\" title=\"\">pelipaita aikuinen<\/a><\/li>\n\n\n\n<li><a href=\"https:\/\/seurakauppa.intersport.fi\/tuote\/tampere-united-pelaajien-tuotteet-7108\/puma-teamgoal-shorts-jr-89260\" target=\"_blank\" rel=\"noopener\" title=\"\">Shortsit jr<\/a> \/ <a href=\"https:\/\/seurakauppa.intersport.fi\/tuote\/tampere-united-pelaajien-tuotteet-7108\/puma-teamgoal-shorts-89259\" target=\"_blank\" rel=\"noopener\" title=\"\">shortsit aikuinen<\/a> <\/li>\n\n\n\n<li><a href=\"https:\/\/seurakauppa.intersport.fi\/tuote\/tampere-united-pelaajien-tuotteet-7108\/puma-liga-socks-core-68458\" target=\"_blank\" rel=\"noreferrer noopener\">Sukat<\/a><\/li>\n\n\n\n<li><a href=\"https:\/\/seurakauppa.intersport.fi\/tuote\/tampere-united-pelaajien-tuotteet-7108\/puma-teamgoal-matchday-jersey-jr-90931\" target=\"_blank\" rel=\"noopener\" title=\"\">Treenipaita jr<\/a> \/<a href=\"https:\/\/seurakauppa.intersport.fi\/tuote\/tampere-united-pelaajien-tuotteet-7108\/puma-teamgoal-matchday-jersey-90930\" target=\"_blank\" rel=\"noopener\" title=\" treenipaita aikuinen\"> treenipaita aikuinen<\/a><\/li>\n\n\n\n<li><a href=\"https:\/\/seurakauppa.intersport.fi\/tuote\/tampere-united-pelaajien-tuotteet-7108\/puma-teamgoal-training-1-4-zip-top-jr-90933\" target=\"_blank\" rel=\"noopener\" title=\"\">L\u00e4mmittelypaita jr<\/a> \/ <a href=\"https:\/\/seurakauppa.intersport.fi\/tuote\/tampere-united-pelaajien-tuotteet-7108\/puma-teamgoal-training-1-4-zip-top-90932\" target=\"_blank\" rel=\"noopener\" title=\"\">l\u00e4mmittelypaita aikuinen<\/a><\/li>\n\n\n\n<li><a href=\"https:\/\/seurakauppa.intersport.fi\/tuote\/tampere-united-pelaajien-tuotteet-7108\/puma-teamgoal-slim-training-pants-jr-90935\" target=\"_blank\" rel=\"noopener\" title=\"\">Verkkarit jr<\/a> \/ <a href=\"https:\/\/seurakauppa.intersport.fi\/tuote\/tampere-united-pelaajien-tuotteet-7108\/puma-teamgoal-slim-training-pants-90934\" target=\"_blank\" rel=\"noopener\" title=\"verkkarit aikuinen\">verkkarit aikuinen<\/a><\/li>\n\n\n\n<li><a href=\"https:\/\/seurakauppa.intersport.fi\/tuote\/tampere-united-pelaajien-tuotteet-7108\/puma-teamgoal-allweather-jacket-jr-90937\" target=\"_blank\" rel=\"noopener\" title=\"\">Tuulitakki jr<\/a> \/ <a href=\"https:\/\/seurakauppa.intersport.fi\/tuote\/tampere-united-pelaajien-tuotteet-7108\/puma-teamgoal-all-weather-jacket-90936\" target=\"_blank\" rel=\"noopener\" title=\"\">tuulitakki aikuinen<\/a><\/li>\n\n\n\n<li>Vapaaehtoisina varusteina&nbsp;<a href=\"https:\/\/seurakauppa.intersport.fi\/tuote\/tampere-united-pelaajien-tuotteet-7108\/puma-teamgoal-backpack-with-ball-net-88909\" target=\"_blank\" rel=\"noreferrer noopener\">reppu<\/a>&nbsp;ja&nbsp;<a href=\"https:\/\/seurakauppa.intersport.fi\/tuote\/tampere-united-pelaajien-tuotteet-7108\/puma-teamliga-light-jacket-jr-68473\" target=\"_blank\" rel=\"noopener\" title=\"\">toppatakki jr<\/a> \/ <a href=\"https:\/\/seurakauppa.intersport.fi\/tuote\/tampere-united-pelaajien-tuotteet-7108\/puma-teamliga-light-jacket-68468\" target=\"_blank\" rel=\"noopener\" title=\"toppatakki aikuinen\">toppatakki aikuinen<\/a><\/li>\n<\/ul>\n\n\n\n<p>Ensimm\u00e4isen hankinnan j\u00e4lkeen varusteita uusitaan aina tarpeen mukaan. <\/p>\n\n\n\n<p><\/p>\n\n\n\n<h2 class=\"wp-block-heading\">OLETKO KIINNOSTUNUT LIITTYM\u00c4\u00c4N JOUKKUEESEEN?<\/h2>\n\n\n\n<p>Ota yhteytt\u00e4 joukkueenjohtajaan ja sovi tutustumisesta harjoituksiin!<\/p>\n","protected":false},"excerpt":{"rendered":"<p>Tervetuloa Tampere United P10 Edustusjoukkueen sivulle! Kaudella 2025-2026 P10 Edustusjoukkue on tarkoitettu 2016 -syntyneille pojille. FAKTAT KAUSIMAKSUT Edustuspelaajien varustepakettiin kuuluu: Ensimm\u00e4isen hankinnan j\u00e4lkeen varusteita uusitaan aina tarpeen mukaan. OLETKO KIINNOSTUNUT LIITTYM\u00c4\u00c4N JOUKKUEESEEN? Ota yhteytt\u00e4 joukkueenjohtajaan ja sovi tutustumisesta harjoituksiin!<\/p>\n","protected":false},"author":13,"featured_media":6219,"parent":5728,"menu_order":0,"comment_status":"closed","ping_status":"closed","template":"page-templates\/junnujoukkue.php","meta":{"_acf_changed":false,"footnotes":"","_links_to":"","_links_to_target":""},"class_list":["post-4800","page","type-page","status-publish","has-post-thumbnail","hentry"],"acf":[],"aioseo_notices":[],"_links":{"self":[{"href":"https:\/\/tampereunited.fi\/juniorit\/wp-json\/wp\/v2\/pages\/4800","targetHints":{"allow":["GET"]}}],"collection":[{"href":"https:\/\/tampereunited.fi\/juniorit\/wp-json\/wp\/v2\/pages"}],"about":[{"href":"https:\/\/tampereunited.fi\/juniorit\/wp-json\/wp\/v2\/types\/page"}],"author":[{"embeddable":true,"href":"https:\/\/tampereunited.fi\/juniorit\/wp-json\/wp\/v2\/users\/13"}],"replies":[{"embeddable":true,"href":"https:\/\/tampereunited.fi\/juniorit\/wp-json\/wp\/v2\/comments?post=4800"}],"version-history":[{"count":30,"href":"https:\/\/tampereunited.fi\/juniorit\/wp-json\/wp\/v2\/pages\/4800\/revisions"}],"predecessor-version":[{"id":6383,"href":"https:\/\/tampereunited.fi\/juniorit\/wp-json\/wp\/v2\/pages\/4800\/revisions\/6383"}],"up":[{"embeddable":true,"href":"https:\/\/tampereunited.fi\/juniorit\/wp-json\/wp\/v2\/pages\/5728"}],"wp:featuredmedia":[{"embeddable":true,"href":"https:\/\/tampereunited.fi\/juniorit\/wp-json\/wp\/v2\/media\/6219"}],"wp:attachment":[{"href":"https:\/\/tampereunited.fi\/juniorit\/wp-json\/wp\/v2\/media?parent=4800"}],"curies":[{"name":"wp","href":"https:\/\/api.w.org\/{rel}","templated":true}]}}