{"id":4798,"date":"2024-10-09T13:33:32","date_gmt":"2024-10-09T10:33:32","guid":{"rendered":"https:\/\/tampereunited.fi\/juniorit\/?page_id=4798"},"modified":"2026-04-16T10:26:57","modified_gmt":"2026-04-16T07:26:57","slug":"p12-2014","status":"publish","type":"page","link":"https:\/\/tampereunited.fi\/juniorit\/joukkueet\/edustus-2025-2026\/p12-2014\/","title":{"rendered":"P12 (2014)"},"content":{"rendered":"\n<p>Tervetuloa Tampere United P12 Edustusjoukkueen sivulle!<\/p>\n\n\n\n<p>Kaudella 2025-2026 P12 Edustusjoukkue on tarkoitettu 2014-syntyneille pojille. Harjoitusvuorot esitetty alempana.<\/p>\n\n\n\n<p class=\"has-medium-font-size\"><\/p>\n\n\n\n<h2 class=\"wp-block-heading\">FAKTAT<\/h2>\n\n\n\n<ul class=\"wp-block-list\">\n<li>Sopii pelaajille, jotka haluavat harjoitella <strong>tavoitteellisesti<\/strong> muiden sitoutuneiden ja motivoituneiden pelaajien kanssa.<\/li>\n\n\n\n<li><strong>Koulutettu<\/strong> valmennusryhm\u00e4 takaa jokaisen pelaajan mahdollisuuden kasvaa kohti omaa pelaajapolun huippua.<\/li>\n\n\n\n<li>Kes\u00e4ll\u00e4 futista 8v8 sarjoissa niin ik\u00e4\u00e4n P12 sek\u00e4 P13 sarjoissa (kilpa&amp;haaste). Lis\u00e4ksi tarjotaan pelaajille <strong>el\u00e4myksi\u00e4<\/strong> turnausmatkojen muodossa.<\/li>\n<\/ul>\n\n\n\n<h2 class=\"wp-block-heading\">Kausimaksut<\/h2>\n\n\n\n<ul class=\"wp-block-list\">\n<li>100 \u20ac\/kk = 1200 \u20ac\/vuosi (laskutus kuusi kertaa vuodessa)<\/li>\n\n\n\n<li>Pelipassi, vakuutus ja seuran j\u00e4senmaksu erikseen, yhteens\u00e4 noin 79 \u20ac<\/li>\n\n\n\n<li>Lis\u00e4ksi tulee kertahankintana varustepaketti, jonka hinta on noin 250 \u20ac.<\/li>\n<\/ul>\n\n\n\n<p>Varustepaketti sis\u00e4lt\u00e4\u00e4:<\/p>\n\n\n\n<ul class=\"wp-block-list\">\n<li>Peliasun<\/li>\n\n\n\n<li>Treenipaidan<\/li>\n\n\n\n<li>L\u00e4mmittelypaidan<\/li>\n\n\n\n<li>Verkkarit<\/li>\n\n\n\n<li>Tuulitakin<\/li>\n\n\n\n<li>Vapaaehtoisina varusteina my\u00f6s reppu ja toppatakki<\/li>\n<\/ul>\n\n\n\n<p>Ensimm\u00e4isen hankinnan j\u00e4lkeen varusteita uusitaan aina tarpeen mukaan.<br>Tilaukset tehd\u00e4\u00e4n seurakaupan kautta: <br><a href=\"https:\/\/seurakauppa.intersport.fi\/seura\/tampere-united\/jalkapallo\/pelaajien-tuotteet\" target=\"_blank\" rel=\"noopener\" title=\"\">https:\/\/seurakauppa.intersport.fi\/seura\/tampere-united\/jalkapallo\/pelaajien-tuotteet <\/a><\/p>\n\n\n\n<p><\/p>\n\n\n\n<p><\/p>\n\n\n\n<h2 class=\"wp-block-heading\">OLETKO KIINNOSTUNUT LIITTYM\u00c4\u00c4N JOUKKUEESEEN?<\/h2>\n\n\n\n<p>Ota yhteytt\u00e4 joukkueenjohtajaan ja sovi tutustumisesta harjoituksiin!<br><br>Sami Koivisto<br>040 556 9784<\/p>\n","protected":false},"excerpt":{"rendered":"<p>Tervetuloa Tampere United P12 Edustusjoukkueen sivulle! Kaudella 2025-2026 P12 Edustusjoukkue on tarkoitettu 2014-syntyneille pojille. Harjoitusvuorot esitetty alempana. FAKTAT Kausimaksut Varustepaketti sis\u00e4lt\u00e4\u00e4: Ensimm\u00e4isen hankinnan j\u00e4lkeen varusteita uusitaan aina tarpeen mukaan.Tilaukset tehd\u00e4\u00e4n seurakaupan kautta: https:\/\/seurakauppa.intersport.fi\/seura\/tampere-united\/jalkapallo\/pelaajien-tuotteet OLETKO KIINNOSTUNUT LIITTYM\u00c4\u00c4N JOUKKUEESEEN? Ota yhteytt\u00e4 joukkueenjohtajaan ja sovi tutustumisesta harjoituksiin! Sami Koivisto040 556 9784<\/p>\n","protected":false},"author":13,"featured_media":6218,"parent":5728,"menu_order":0,"comment_status":"closed","ping_status":"closed","template":"page-templates\/junnujoukkue.php","meta":{"_acf_changed":false,"footnotes":"","_links_to":"","_links_to_target":""},"class_list":["post-4798","page","type-page","status-publish","has-post-thumbnail","hentry"],"acf":[],"aioseo_notices":[],"_links":{"self":[{"href":"https:\/\/tampereunited.fi\/juniorit\/wp-json\/wp\/v2\/pages\/4798","targetHints":{"allow":["GET"]}}],"collection":[{"href":"https:\/\/tampereunited.fi\/juniorit\/wp-json\/wp\/v2\/pages"}],"about":[{"href":"https:\/\/tampereunited.fi\/juniorit\/wp-json\/wp\/v2\/types\/page"}],"author":[{"embeddable":true,"href":"https:\/\/tampereunited.fi\/juniorit\/wp-json\/wp\/v2\/users\/13"}],"replies":[{"embeddable":true,"href":"https:\/\/tampereunited.fi\/juniorit\/wp-json\/wp\/v2\/comments?post=4798"}],"version-history":[{"count":57,"href":"https:\/\/tampereunited.fi\/juniorit\/wp-json\/wp\/v2\/pages\/4798\/revisions"}],"predecessor-version":[{"id":6792,"href":"https:\/\/tampereunited.fi\/juniorit\/wp-json\/wp\/v2\/pages\/4798\/revisions\/6792"}],"up":[{"embeddable":true,"href":"https:\/\/tampereunited.fi\/juniorit\/wp-json\/wp\/v2\/pages\/5728"}],"wp:featuredmedia":[{"embeddable":true,"href":"https:\/\/tampereunited.fi\/juniorit\/wp-json\/wp\/v2\/media\/6218"}],"wp:attachment":[{"href":"https:\/\/tampereunited.fi\/juniorit\/wp-json\/wp\/v2\/media?parent=4798"}],"curies":[{"name":"wp","href":"https:\/\/api.w.org\/{rel}","templated":true}]}}