{"id":4794,"date":"2024-10-08T09:30:07","date_gmt":"2024-10-08T06:30:07","guid":{"rendered":"https:\/\/tampereunited.fi\/juniorit\/?page_id=4794"},"modified":"2026-02-20T13:23:24","modified_gmt":"2026-02-20T11:23:24","slug":"p16-2010","status":"publish","type":"page","link":"https:\/\/tampereunited.fi\/juniorit\/joukkueet\/edustus-2025-2026\/p16-2010\/","title":{"rendered":"P16 (2010-2011)"},"content":{"rendered":"\n<h1 class=\"wp-block-heading\"><\/h1>\n\n\n\n<p>Tervetuloa Tampere United P16 -edustusjoukkueen sivulle. Joukkue on tarkoitettu 2010-2011 syntyneille pojille. <\/p>\n\n\n\n<h3 class=\"wp-block-heading\">FAKTAT<\/h3>\n\n\n\n<ul class=\"wp-block-list\">\n<li>Toiminta on tavoitteellista ja vaatii sitoutumista sek\u00e4&nbsp;juniorilta ett\u00e4 perheelt\u00e4<\/li>\n\n\n\n<li>Talvella pelaamme harjoituspelien lis\u00e4ksi futsalia yhteisty\u00f6ss\u00e4 NoPS:n kanssa P17 Futsal-liigassa ja P17 Ykk\u00f6sess\u00e4. <\/li>\n\n\n\n<li>Tavoitteena on ottaa joka kaudella askelia eteenp\u00e4in ja kehitty\u00e4 kohti L\u00e4ntisen piirin k\u00e4rke\u00e4<\/li>\n\n\n\n<li>Kokenut ja monipuolinen valmennustiimi auttaa junioreita kehittym\u00e4\u00e4n jalkapalloilijoina ja oppimaan urheilullista el\u00e4m\u00e4ntapaa<\/li>\n\n\n\n<li>V\u00e4lit\u00e4mme aidosti nuorisourheilun arvoista ja haluamme tarjota kaikille kivan paikan harrastaa ja kilpailla<\/li>\n<\/ul>\n\n\n\n<h2 class=\"wp-block-heading\">KAUSIMAKSUT <\/h2>\n\n\n\n<p>Koko toimintakausi (lokakuu 2025-syyskuu 2026) 1200 \u20ac (100 \u20ac\/kk).<\/p>\n\n\n\n<p>Kausimaksusta erillisen\u00e4 laskutetaan:<\/p>\n\n\n\n<ul class=\"wp-block-list\">\n<li>J\u00e4senmaksu 45 \u20ac <\/li>\n\n\n\n<li>Pelipassi 43 \u20ac<\/li>\n\n\n\n<li>Vakuutus 95 \u20ac (2011) \/ 230 \u20ac (2010)<\/li>\n<\/ul>\n\n\n\n<p>Lis\u00e4ksi tulee kertahankintana varustepaketti, jonka hinta on noin 250-300 \u20ac riippuen tilattavista varusteista.<br>Varustepaketti sis\u00e4lt\u00e4\u00e4<\/p>\n\n\n\n<ul class=\"wp-block-list\">\n<li>Kotipeliasun<\/li>\n\n\n\n<li>Vieraspeliasun<\/li>\n\n\n\n<li>Peliasuun sopivat alusasut<\/li>\n\n\n\n<li>Treenipaidan<\/li>\n\n\n\n<li>L\u00e4mmittelypaidan<\/li>\n\n\n\n<li>Verkkarit<\/li>\n\n\n\n<li>Tuulitakin<\/li>\n\n\n\n<li>Vapaaehtoisina varusteina my\u00f6s reppu ja toppatakki<\/li>\n<\/ul>\n\n\n\n<p>Ensimm\u00e4isen hankinnan j\u00e4lkeen varusteita uusitaan aina tarpeen mukaan.<\/p>\n\n\n\n<p>Valmennuksesta vastaa ty\u00f6suhteessa oleva vastuuvalmentaja.<\/p>\n\n\n\n<h2 class=\"wp-block-heading\">OLETKO KIINNOSTUNUT LIITTYM\u00c4\u00c4N JOUKKUEESEEN?<\/h2>\n\n\n\n<p>Ota yhteytt\u00e4 joukkueenjohtajaan ja sovi tutustumisesta harjoituksiin!<\/p>\n\n\n\n<p><\/p>\n","protected":false},"excerpt":{"rendered":"<p>Tervetuloa Tampere United P16 -edustusjoukkueen sivulle. Joukkue on tarkoitettu 2010-2011 syntyneille pojille. FAKTAT KAUSIMAKSUT Koko toimintakausi (lokakuu 2025-syyskuu 2026) 1200 \u20ac (100 \u20ac\/kk). Kausimaksusta erillisen\u00e4 laskutetaan: Lis\u00e4ksi tulee kertahankintana varustepaketti, jonka hinta on noin 250-300 \u20ac riippuen tilattavista varusteista.Varustepaketti sis\u00e4lt\u00e4\u00e4 Ensimm\u00e4isen hankinnan j\u00e4lkeen varusteita uusitaan aina tarpeen mukaan. Valmennuksesta vastaa ty\u00f6suhteessa oleva vastuuvalmentaja. OLETKO KIINNOSTUNUT [&hellip;]<\/p>\n","protected":false},"author":13,"featured_media":6224,"parent":5728,"menu_order":0,"comment_status":"closed","ping_status":"closed","template":"page-templates\/junnujoukkue.php","meta":{"_acf_changed":false,"footnotes":"","_links_to":"","_links_to_target":""},"class_list":["post-4794","page","type-page","status-publish","has-post-thumbnail","hentry"],"acf":[],"aioseo_notices":[],"_links":{"self":[{"href":"https:\/\/tampereunited.fi\/juniorit\/wp-json\/wp\/v2\/pages\/4794","targetHints":{"allow":["GET"]}}],"collection":[{"href":"https:\/\/tampereunited.fi\/juniorit\/wp-json\/wp\/v2\/pages"}],"about":[{"href":"https:\/\/tampereunited.fi\/juniorit\/wp-json\/wp\/v2\/types\/page"}],"author":[{"embeddable":true,"href":"https:\/\/tampereunited.fi\/juniorit\/wp-json\/wp\/v2\/users\/13"}],"replies":[{"embeddable":true,"href":"https:\/\/tampereunited.fi\/juniorit\/wp-json\/wp\/v2\/comments?post=4794"}],"version-history":[{"count":37,"href":"https:\/\/tampereunited.fi\/juniorit\/wp-json\/wp\/v2\/pages\/4794\/revisions"}],"predecessor-version":[{"id":6623,"href":"https:\/\/tampereunited.fi\/juniorit\/wp-json\/wp\/v2\/pages\/4794\/revisions\/6623"}],"up":[{"embeddable":true,"href":"https:\/\/tampereunited.fi\/juniorit\/wp-json\/wp\/v2\/pages\/5728"}],"wp:featuredmedia":[{"embeddable":true,"href":"https:\/\/tampereunited.fi\/juniorit\/wp-json\/wp\/v2\/media\/6224"}],"wp:attachment":[{"href":"https:\/\/tampereunited.fi\/juniorit\/wp-json\/wp\/v2\/media?parent=4794"}],"curies":[{"name":"wp","href":"https:\/\/api.w.org\/{rel}","templated":true}]}}