{"id":4792,"date":"2024-09-25T11:00:22","date_gmt":"2024-09-25T08:00:22","guid":{"rendered":"https:\/\/tampereunited.fi\/juniorit\/?page_id=4792"},"modified":"2026-04-16T13:27:02","modified_gmt":"2026-04-16T10:27:02","slug":"p14-2012","status":"publish","type":"page","link":"https:\/\/tampereunited.fi\/juniorit\/joukkueet\/edustus-2025-2026\/p14-2012\/","title":{"rendered":"P14 (2012)"},"content":{"rendered":"\n<p>Tervetuloa Tampere United P14 Edustusjoukkueen sivulle!<\/p>\n\n\n\n<p>Kaudella 2025-2026 P14-Edustusjoukkue on tarkoitettu 2012-syntyneille pojille.<\/p>\n\n\n\n<h2 class=\"wp-block-heading\">FAKTAT<\/h2>\n\n\n\n<ul class=\"wp-block-list\">\n<li>Toiminta <strong>tavoitteellista<\/strong>, <strong>positiivista<\/strong> ja <strong>kannustava<\/strong>a; vaatii vahvaa sitoutumista niin juniorilta itselt\u00e4\u00e4n kuin perheelt\u00e4<\/li>\n\n\n\n<li>Tavoitteena pelata ik\u00e4luokan korkeimmilla tasoilla ja kehitt\u00e4\u00e4 pelaajia kohti <strong>omaa huippuaan<\/strong>. <\/li>\n\n\n\n<li>Sopii pelaajille, jotka haluavat harjoitella tavoitteellisesti muiden sitoutuneiden ja motivoituneiden kanssa.<\/li>\n\n\n\n<li><strong>Kokenut ja koulutettu<\/strong> valmennusryhm\u00e4 tarjoaa pelaajille hyv\u00e4n ja motivoivan ymp\u00e4rist\u00f6n oppia ja kasvaa jalkapalloilijana. Olemme vuoden aikana todistaneet huimia kehityskaaria kun vasta kilpapelaajan uraa aloittavat pelaajat ovat osoittaneet voivansa kantaa vastuuta ja ratkoa otteluita.<\/li>\n\n\n\n<li>Edell\u00e4 mainittu perustuu tapaamme tukea <strong>yksil\u00f6llisesti<\/strong> pelaajan kehityst\u00e4 seuran pelaajaputkessa, tarjoamalla mahdollisuuden pelata my\u00f6s omaa ik\u00e4luokkaa ylemmiss\u00e4 sarjoissa. My\u00f6s yli-ik\u00e4isyys huomioidaan!<\/li>\n\n\n\n<li>Tulevalla talvikaudella (2025-2026) pelataan futsalia P14 ja P15 sarjoissa, osallistutaan Winterliigan kilpasarjaan sek\u00e4 pelataan paljon treenipelej\u00e4. <\/li>\n\n\n\n<li>Kes\u00e4ll\u00e4 pelaamme futista vain 11v11 sarjoissa (P14 ja P15).<\/li>\n<\/ul>\n\n\n\n<p><\/p>\n\n\n\n<h2 class=\"wp-block-heading has-large-font-size\">Kausimaksut<\/h2>\n\n\n\n<ul class=\"wp-block-list\">\n<li>100\u20ac\/kk = 1200\u20ac\/vuosi (laskutus kuusi kertaa vuodessa)<\/li>\n\n\n\n<li>Pelipassi 43\u20ac, vakuutus (2012 s.) 95\u20ac, j\u00e4senmaksu 45\u20ac, yht. 183\u20ac.  <\/li>\n\n\n\n<li>Lis\u00e4ksi tulee kertahankintana varustepaketti, jonka hinta on noin 250\u20ac.<\/li>\n<\/ul>\n\n\n\n<p>Varustepaketti sis\u00e4lt\u00e4\u00e4:<\/p>\n\n\n\n<ul class=\"wp-block-list\">\n<li>Peliasun<\/li>\n\n\n\n<li>Treenipaidan<\/li>\n\n\n\n<li>L\u00e4mmittelypaidan<\/li>\n\n\n\n<li>Verkkarit<\/li>\n\n\n\n<li>Tuulitakin<\/li>\n\n\n\n<li>Vapaaehtoisina varusteina my\u00f6s reppu ja toppatakki<\/li>\n<\/ul>\n\n\n\n<p>Ensimm\u00e4isen hankinnan j\u00e4lkeen varusteita uusitaan aina tarpeen mukaan.<br>Tilaukset tehd\u00e4\u00e4n seurakaupan kautta: <br><a href=\"https:\/\/seurakauppa.intersport.fi\/seura\/tampere-united\/jalkapallo\/pelaajien-tuotteet\" target=\"_blank\" rel=\"noopener\" title=\"\">https:\/\/seurakauppa.intersport.fi\/seura\/tampere-united\/jalkapallo\/pelaajien-tuotteet <\/a><\/p>\n\n\n\n<p><\/p>\n\n\n\n<p><\/p>\n\n\n\n<h2 class=\"wp-block-heading\">OLETKO KIINNOSTUNUT LIITTYM\u00c4\u00c4N JOUKKUEESEEN?<\/h2>\n\n\n\n<p>Ota yhteytt\u00e4 joukkueenjohtajaan ja sovi tutustumisesta harjoituksiin!<\/p>\n\n\n\n<p>Antto Heino<br>antto.heino@tampereunited.fi<br>0443060633<\/p>\n\n\n\n<p><\/p>\n","protected":false},"excerpt":{"rendered":"<p>Tervetuloa Tampere United P14 Edustusjoukkueen sivulle! Kaudella 2025-2026 P14-Edustusjoukkue on tarkoitettu 2012-syntyneille pojille. FAKTAT Kausimaksut Varustepaketti sis\u00e4lt\u00e4\u00e4: Ensimm\u00e4isen hankinnan j\u00e4lkeen varusteita uusitaan aina tarpeen mukaan.Tilaukset tehd\u00e4\u00e4n seurakaupan kautta: https:\/\/seurakauppa.intersport.fi\/seura\/tampere-united\/jalkapallo\/pelaajien-tuotteet OLETKO KIINNOSTUNUT LIITTYM\u00c4\u00c4N JOUKKUEESEEN? Ota yhteytt\u00e4 joukkueenjohtajaan ja sovi tutustumisesta harjoituksiin! Antto Heinoantto.heino@tampereunited.fi0443060633<\/p>\n","protected":false},"author":13,"featured_media":6217,"parent":5728,"menu_order":0,"comment_status":"closed","ping_status":"closed","template":"page-templates\/junnujoukkue.php","meta":{"_acf_changed":false,"footnotes":"","_links_to":"","_links_to_target":""},"class_list":["post-4792","page","type-page","status-publish","has-post-thumbnail","hentry"],"acf":[],"aioseo_notices":[],"_links":{"self":[{"href":"https:\/\/tampereunited.fi\/juniorit\/wp-json\/wp\/v2\/pages\/4792","targetHints":{"allow":["GET"]}}],"collection":[{"href":"https:\/\/tampereunited.fi\/juniorit\/wp-json\/wp\/v2\/pages"}],"about":[{"href":"https:\/\/tampereunited.fi\/juniorit\/wp-json\/wp\/v2\/types\/page"}],"author":[{"embeddable":true,"href":"https:\/\/tampereunited.fi\/juniorit\/wp-json\/wp\/v2\/users\/13"}],"replies":[{"embeddable":true,"href":"https:\/\/tampereunited.fi\/juniorit\/wp-json\/wp\/v2\/comments?post=4792"}],"version-history":[{"count":87,"href":"https:\/\/tampereunited.fi\/juniorit\/wp-json\/wp\/v2\/pages\/4792\/revisions"}],"predecessor-version":[{"id":6799,"href":"https:\/\/tampereunited.fi\/juniorit\/wp-json\/wp\/v2\/pages\/4792\/revisions\/6799"}],"up":[{"embeddable":true,"href":"https:\/\/tampereunited.fi\/juniorit\/wp-json\/wp\/v2\/pages\/5728"}],"wp:featuredmedia":[{"embeddable":true,"href":"https:\/\/tampereunited.fi\/juniorit\/wp-json\/wp\/v2\/media\/6217"}],"wp:attachment":[{"href":"https:\/\/tampereunited.fi\/juniorit\/wp-json\/wp\/v2\/media?parent=4792"}],"curies":[{"name":"wp","href":"https:\/\/api.w.org\/{rel}","templated":true}]}}