{"id":4740,"date":"2024-08-19T15:32:12","date_gmt":"2024-08-19T12:32:12","guid":{"rendered":"https:\/\/tampereunited.fi\/juniorit\/?page_id=4740"},"modified":"2024-08-19T15:32:13","modified_gmt":"2024-08-19T12:32:13","slug":"edustus-2024-2025","status":"publish","type":"page","link":"https:\/\/tampereunited.fi\/juniorit\/joukkueet\/edustus-2024-2025\/","title":{"rendered":"Edustus (2024-2025)"},"content":{"rendered":"<p>Junioriedustusjoukkueet ovat Tampere Unitedissa tavoitteellisesti toimivia joukkueita, joihin valitaan pelaajat n\u00e4ytt\u00f6jen perusteella.<\/p>\n<ul>\n<li><a title=\"P8-9 (2016-2017)\" href=\"https:\/\/tampereunited.fi\/juniorit\/joukkueet\/edustus\/p8-9-2016-2017\/\">P8-9 (2016-2017)<\/a><\/li>\n<\/ul>\n<p><strong>Kenelle edustusjoukkue sopii?<\/strong><\/p>\n<p>Edustusjoukkue sopii juniorille, joka haluaa tavoitella oman potentiaalinsa huippua ja harjoitella muiden motivoituneiden kanssa. Seuraan ty\u00f6suhteessa olevat vastuuvalmentajat takaavat laadukkaan toiminnan jokaisessa ik\u00e4luokassa.<\/p>\n<p><strong>Kausimaksut<\/strong><\/p>\n<p>Joukkueiden kausimaksut erittelyineen on avattu kunkin joukkueen sivulla.<\/p>\n<p><strong>Miten p\u00e4\u00e4sen mukaan?<\/strong><\/p>\n<p>Mik\u00e4li olet kiinnostunut liittym\u00e4\u00e4n edustusjoukkueeseen, ole yhteydess\u00e4 joukkueenjohtajaan sopiaksesi tutustumisesta harjoituksiin!<\/p>\n<div class=\"row\">\n<div class=\"row\">\n<div class=\"columns large-6 small-12\"><\/div>\n<\/div>\n<\/div>\n","protected":false},"excerpt":{"rendered":"<p>Junioriedustusjoukkueet ovat Tampere Unitedissa tavoitteellisesti toimivia joukkueita, joihin valitaan pelaajat n\u00e4ytt\u00f6jen perusteella. P8-9 (2016-2017) Kenelle edustusjoukkue sopii? Edustusjoukkue sopii juniorille, joka haluaa tavoitella oman potentiaalinsa huippua ja harjoitella muiden motivoituneiden kanssa. Seuraan ty\u00f6suhteessa olevat vastuuvalmentajat takaavat laadukkaan toiminnan jokaisessa ik\u00e4luokassa. Kausimaksut Joukkueiden kausimaksut erittelyineen on avattu kunkin joukkueen sivulla. Miten p\u00e4\u00e4sen mukaan? Mik\u00e4li olet kiinnostunut [&hellip;]<\/p>\n","protected":false},"author":13,"featured_media":0,"parent":3536,"menu_order":0,"comment_status":"closed","ping_status":"closed","template":"","meta":{"_acf_changed":false,"footnotes":"","_links_to":"","_links_to_target":""},"class_list":["post-4740","page","type-page","status-publish","hentry"],"acf":[],"aioseo_notices":[],"_links":{"self":[{"href":"https:\/\/tampereunited.fi\/juniorit\/wp-json\/wp\/v2\/pages\/4740","targetHints":{"allow":["GET"]}}],"collection":[{"href":"https:\/\/tampereunited.fi\/juniorit\/wp-json\/wp\/v2\/pages"}],"about":[{"href":"https:\/\/tampereunited.fi\/juniorit\/wp-json\/wp\/v2\/types\/page"}],"author":[{"embeddable":true,"href":"https:\/\/tampereunited.fi\/juniorit\/wp-json\/wp\/v2\/users\/13"}],"replies":[{"embeddable":true,"href":"https:\/\/tampereunited.fi\/juniorit\/wp-json\/wp\/v2\/comments?post=4740"}],"version-history":[{"count":1,"href":"https:\/\/tampereunited.fi\/juniorit\/wp-json\/wp\/v2\/pages\/4740\/revisions"}],"predecessor-version":[{"id":4741,"href":"https:\/\/tampereunited.fi\/juniorit\/wp-json\/wp\/v2\/pages\/4740\/revisions\/4741"}],"up":[{"embeddable":true,"href":"https:\/\/tampereunited.fi\/juniorit\/wp-json\/wp\/v2\/pages\/3536"}],"wp:attachment":[{"href":"https:\/\/tampereunited.fi\/juniorit\/wp-json\/wp\/v2\/media?parent=4740"}],"curies":[{"name":"wp","href":"https:\/\/api.w.org\/{rel}","templated":true}]}}