{"id":47,"date":"2017-02-06T09:37:58","date_gmt":"2017-02-06T07:37:58","guid":{"rendered":"https:\/\/tampereunited.fi\/junnut\/?page_id=47"},"modified":"2026-03-24T17:12:51","modified_gmt":"2026-03-24T15:12:51","slug":"pelinohjaajille","status":"publish","type":"page","link":"https:\/\/tampereunited.fi\/juniorit\/pelinohjaajille\/","title":{"rendered":"Pelinohjaajien ohjeet"},"content":{"rendered":"<p>Kaupunginosajoukkueiden peleiss\u00e4 on tuomarin sijasta pelinohjaaja. Pelinohjaajan t\u00e4rkein teht\u00e4v\u00e4 on omalla toiminnallaan huolehtia pelaajien turvallisuudesta kent\u00e4ll\u00e4.<\/p>\n<p>Kaupunginosajoukkueiden peleiss\u00e4 pelinohjauksesta huolehtivat kotijoukkueen ohjaajat tai vanhemmat. Varsinaista koulutusta teht\u00e4v\u00e4\u00e4n ei tarvita (yleinen jalkapallon s\u00e4\u00e4nt\u00f6tuntemus riitt\u00e4\u00e4), mutta suositeltavaa on yli 15-vuoden ik\u00e4. Jokaisen Tampere Unitedin kaupunginosajoukkueen vakiovarustukseen kuuluu pilli, jolla pelinohjaaminen k\u00e4y helposti. Jos kiinnostuneita kuitenkin on riitt\u00e4v\u00e4sti, voidaan kev\u00e4\u00e4n aikana j\u00e4rjest\u00e4\u00e4 my\u00f6s erillinen, yhden arki-illan kest\u00e4v\u00e4, pelinohjaajakoulutus.<\/p>\n<p>Katso Futisklubissa noudatettavat <a href=\"https:\/\/tampereunited.fi\/juniorit\/saannot\/\">s\u00e4\u00e4nn\u00f6t<\/a>.<\/p>\n<h3>Pelinohjaajan teht\u00e4v\u00e4t<\/h3>\n<ul>\n<li><strong>Ohjaa<\/strong> reiluun peliin reagoimalla reilun pelin ja s\u00e4\u00e4nt\u00f6jen vastaiseen k\u00e4ytt\u00e4ytymiseen<\/li>\n<li><strong>Opastaa<\/strong> oikeisiin suorituksiin antamalla mahdollisuuden uuteen yritykseen<\/li>\n<li><strong>Kannustaa<\/strong> yritt\u00e4m\u00e4\u00e4n ja rohkaisee pelaajia my\u00f6s ep\u00e4onnistumisen hetkell\u00e4<\/li>\n<li><strong>Kasvattaa<\/strong> esimerkill\u00e4\u00e4n olemalla turvallinen ja luotettava pelin ohjaaja pelaajille, taustahenkil\u00f6ille ja vanhemmille<\/li>\n<\/ul>\n<p>T\u00e4rkein tavoite on, ett\u00e4 pelaaminen on turvallista ja hauskaa!<\/p>\n<p>\u00a0<\/p>\n<h3>Pelinohjaajan lomake<\/h3>\n<p><a href=\"https:\/\/docs.google.com\/forms\/d\/e\/1FAIpQLSfHfYZtJ8bOcEcj0kiTOqfEhy3YYx39vd0Y8CuHoWia3c_Thw\/viewform\">Ilmoita t\u00e4ll\u00e4 lomakkeella tekemist\u00e4si pelinohjauksista!\u00a0<\/a><\/p>\n<p>Alla listaus palkkiosummista.\u00a0<\/p>\n<p>\u00a0<\/p>\n\n\n<figure class=\"wp-block-table\"><table class=\"has-fixed-layout\"><tbody><tr><td><strong>5v5<\/strong><\/td><td><strong>2026<\/strong><\/td><\/tr><tr><td>15 min<\/td><td>7,00 \u20ac<\/td><\/tr><tr><td>20 min\/2&#215;10 min<\/td><td>9,00 \u20ac<\/td><\/tr><tr><td>25 min<\/td><td>12,00 \u20ac<\/td><\/tr><tr><td>30 min\/2&#215;15 min<\/td><td>14,00 \u20ac<\/td><\/tr><tr><td>40 min\/2&#215;20 min<\/td><td>18,00 \u20ac<\/td><\/tr><tr><td><\/td><td><\/td><\/tr><\/tbody><\/table><\/figure>\n\n\n\n<figure class=\"wp-block-table\"><table class=\"has-fixed-layout\"><tbody><tr><td><strong>8v8<\/strong><\/td><td><strong>2026<\/strong><\/td><\/tr><tr><td>20 min\/2&#215;10 min<\/td><td>10,00 \u20ac<\/td><\/tr><tr><td>25 min<\/td><td>13,00 \u20ac<\/td><\/tr><tr><td>30 min\/2&#215;15 min<\/td><td>16,00 \u20ac<\/td><\/tr><tr><td>35 min<\/td><td>18,00 \u20ac<\/td><\/tr><tr><td>40 min\/2&#215;20 min<\/td><td>20,00 \u20ac<\/td><\/tr><tr><td>2&#215;25 min<\/td><td>25,00 \u20ac<\/td><\/tr><tr><td>70 min\/2&#215;35 min<\/td><td>35,00 \u20ac<\/td><\/tr><\/tbody><\/table><\/figure>\n\n\n\n<figure class=\"wp-block-table\"><table class=\"has-fixed-layout\"><tbody><tr><td><strong>11v11<\/strong> (yleens\u00e4 TEK kautta)<\/td><td><strong>2026<\/strong><\/td><\/tr><tr><td>70 min\/2&#215;35 min<\/td><td>40,00 \u20ac<\/td><\/tr><tr><td>80 min\/2&#215;40 min<\/td><td>45,00 \u20ac<\/td><\/tr><\/tbody><\/table><\/figure>\n\n\n\n<figure class=\"wp-block-table\"><table class=\"has-fixed-layout\"><tbody><tr><td><strong>Futsal<\/strong> <\/td><td><strong>2026<\/strong><\/td><\/tr><tr><td>2x10min (U8-9)<\/td><td>10,00 \u20ac<\/td><\/tr><tr><td>2x15min (U10-11)<\/td><td>45,00 \u20ac<\/td><\/tr><\/tbody><\/table><\/figure>\n","protected":false},"excerpt":{"rendered":"<p>Kaupunginosajoukkueiden peleiss\u00e4 on tuomarin sijasta pelinohjaaja. Pelinohjaajan t\u00e4rkein teht\u00e4v\u00e4 on omalla toiminnallaan huolehtia pelaajien turvallisuudesta kent\u00e4ll\u00e4. Kaupunginosajoukkueiden peleiss\u00e4 pelinohjauksesta huolehtivat kotijoukkueen ohjaajat tai vanhemmat. Varsinaista koulutusta teht\u00e4v\u00e4\u00e4n ei tarvita (yleinen jalkapallon s\u00e4\u00e4nt\u00f6tuntemus riitt\u00e4\u00e4), mutta suositeltavaa on yli 15-vuoden ik\u00e4. Jokaisen Tampere Unitedin kaupunginosajoukkueen vakiovarustukseen kuuluu pilli, jolla pelinohjaaminen k\u00e4y helposti. Jos kiinnostuneita kuitenkin on riitt\u00e4v\u00e4sti, [&hellip;]<\/p>\n","protected":false},"author":7,"featured_media":0,"parent":0,"menu_order":1,"comment_status":"closed","ping_status":"closed","template":"","meta":{"_acf_changed":false,"footnotes":"","_links_to":"","_links_to_target":""},"class_list":["post-47","page","type-page","status-publish","hentry"],"acf":[],"aioseo_notices":[],"_links":{"self":[{"href":"https:\/\/tampereunited.fi\/juniorit\/wp-json\/wp\/v2\/pages\/47","targetHints":{"allow":["GET"]}}],"collection":[{"href":"https:\/\/tampereunited.fi\/juniorit\/wp-json\/wp\/v2\/pages"}],"about":[{"href":"https:\/\/tampereunited.fi\/juniorit\/wp-json\/wp\/v2\/types\/page"}],"author":[{"embeddable":true,"href":"https:\/\/tampereunited.fi\/juniorit\/wp-json\/wp\/v2\/users\/7"}],"replies":[{"embeddable":true,"href":"https:\/\/tampereunited.fi\/juniorit\/wp-json\/wp\/v2\/comments?post=47"}],"version-history":[{"count":13,"href":"https:\/\/tampereunited.fi\/juniorit\/wp-json\/wp\/v2\/pages\/47\/revisions"}],"predecessor-version":[{"id":6754,"href":"https:\/\/tampereunited.fi\/juniorit\/wp-json\/wp\/v2\/pages\/47\/revisions\/6754"}],"wp:attachment":[{"href":"https:\/\/tampereunited.fi\/juniorit\/wp-json\/wp\/v2\/media?parent=47"}],"curies":[{"name":"wp","href":"https:\/\/api.w.org\/{rel}","templated":true}]}}