{"id":4614,"date":"2024-08-16T13:17:09","date_gmt":"2024-08-16T10:17:09","guid":{"rendered":"https:\/\/tampereunited.fi\/juniorit\/?page_id=4614"},"modified":"2025-05-20T20:20:36","modified_gmt":"2025-05-20T17:20:36","slug":"p14-15-2011-2010-sininen","status":"publish","type":"page","link":"https:\/\/tampereunited.fi\/juniorit\/joukkueet\/harraste\/p14-15-2011-2010-sininen\/","title":{"rendered":"P14-15 (2011-2010) Sininen"},"content":{"rendered":"\n<p><\/p>\n\n\n\n<p>Kyseess\u00e4 on harrastejoukkue, joka on kaudella 2024-2025 tarkoitettu 2010- ja 2011-syntyneille pojille. <\/p>\n\n\n\n<p>Harrastejoukkueet sopivat pelaajille, jotka haluavat harjoitella laadukkaassa ohjauksessa 1-2 kertaa viikossa. Ty\u00f6suhteessa seuraan toimivat valmentajat huolehtivat tekemisen laadusta.<\/p>\n\n\n\n<p>Ilmoittautumislomakkeen p\u00e4\u00e4set t\u00e4ytt\u00e4m\u00e4\u00e4n <a href=\"https:\/\/docs.google.com\/forms\/d\/e\/1FAIpQLSfeM5oS43ygYQb2lctmYex6Fy7YRcdgQNqpULhOnEZJ0a1AJg\/viewform?usp=sf_link\" title=\"\">t\u00e4st\u00e4!<\/a><\/p>\n\n\n\n<h2 class=\"wp-block-heading\">Kausimaksut<\/h2>\n\n\n\n<ul class=\"wp-block-list\">\n<li>Kes\u00e4kausi (touko-syyskuu) 250\u20ac<\/li>\n\n\n\n<li>50\u20ac\/kk = 600\u20ac\/vuosi (laskutus kuusi kertaa vuodessa)<\/li>\n\n\n\n<li>Pelipassi, vakuutus ja seuran j\u00e4senmaksu erikseen, yhteens\u00e4 n. 150\u20ac<\/li>\n\n\n\n<li>Peliasu erikseen, n. 70\u20ac<\/li>\n<\/ul>\n\n\n\n<h2 class=\"wp-block-heading\">Mist\u00e4 kausimaksu koostuu?<\/h2>\n\n\n\n<ul class=\"wp-block-list\">\n<li>300\u20ac Valmennus<\/li>\n\n\n\n<li>90\u20ac Harjoittelukulut<\/li>\n\n\n\n<li>60\u20ac Kilpailu-\/turnauskulut<\/li>\n\n\n\n<li>150\u20ac Toiminnan suunnittelu ja j\u00e4rjestely<\/li>\n<\/ul>\n\n\n\n<p><\/p>\n","protected":false},"excerpt":{"rendered":"<p>Kyseess\u00e4 on harrastejoukkue, joka on kaudella 2024-2025 tarkoitettu 2010- ja 2011-syntyneille pojille. Harrastejoukkueet sopivat pelaajille, jotka haluavat harjoitella laadukkaassa ohjauksessa 1-2 kertaa viikossa. Ty\u00f6suhteessa seuraan toimivat valmentajat huolehtivat tekemisen laadusta. Ilmoittautumislomakkeen p\u00e4\u00e4set t\u00e4ytt\u00e4m\u00e4\u00e4n t\u00e4st\u00e4! Kausimaksut Mist\u00e4 kausimaksu koostuu?<\/p>\n","protected":false},"author":13,"featured_media":5083,"parent":3913,"menu_order":0,"comment_status":"closed","ping_status":"closed","template":"page-templates\/junnujoukkue.php","meta":{"_acf_changed":false,"footnotes":"","_links_to":"","_links_to_target":""},"class_list":["post-4614","page","type-page","status-publish","has-post-thumbnail","hentry"],"acf":[],"aioseo_notices":[],"_links":{"self":[{"href":"https:\/\/tampereunited.fi\/juniorit\/wp-json\/wp\/v2\/pages\/4614","targetHints":{"allow":["GET"]}}],"collection":[{"href":"https:\/\/tampereunited.fi\/juniorit\/wp-json\/wp\/v2\/pages"}],"about":[{"href":"https:\/\/tampereunited.fi\/juniorit\/wp-json\/wp\/v2\/types\/page"}],"author":[{"embeddable":true,"href":"https:\/\/tampereunited.fi\/juniorit\/wp-json\/wp\/v2\/users\/13"}],"replies":[{"embeddable":true,"href":"https:\/\/tampereunited.fi\/juniorit\/wp-json\/wp\/v2\/comments?post=4614"}],"version-history":[{"count":31,"href":"https:\/\/tampereunited.fi\/juniorit\/wp-json\/wp\/v2\/pages\/4614\/revisions"}],"predecessor-version":[{"id":5580,"href":"https:\/\/tampereunited.fi\/juniorit\/wp-json\/wp\/v2\/pages\/4614\/revisions\/5580"}],"up":[{"embeddable":true,"href":"https:\/\/tampereunited.fi\/juniorit\/wp-json\/wp\/v2\/pages\/3913"}],"wp:featuredmedia":[{"embeddable":true,"href":"https:\/\/tampereunited.fi\/juniorit\/wp-json\/wp\/v2\/media\/5083"}],"wp:attachment":[{"href":"https:\/\/tampereunited.fi\/juniorit\/wp-json\/wp\/v2\/media?parent=4614"}],"curies":[{"name":"wp","href":"https:\/\/api.w.org\/{rel}","templated":true}]}}