{"id":4608,"date":"2024-08-16T13:18:19","date_gmt":"2024-08-16T10:18:19","guid":{"rendered":"https:\/\/tampereunited.fi\/juniorit\/?page_id=4608"},"modified":"2026-03-05T10:03:09","modified_gmt":"2026-03-05T08:03:09","slug":"p10-11-2016-2015-sininen","status":"publish","type":"page","link":"https:\/\/tampereunited.fi\/juniorit\/joukkueet\/harraste-2025-2026\/p10-11-2016-2015-sininen\/","title":{"rendered":"P11-12 (2015-2014) Sininen"},"content":{"rendered":"\n<p><\/p>\n\n\n\n<ul class=\"wp-block-list\">\n<li>Kyseess\u00e4 on harrastejoukkue, joka on kaudella 2025-2026 tarkoitettu 2016- ja 2015 -syntyneille pojille.<\/li>\n\n\n\n<li>Harrastejoukkueet sopivat pelaajille, jotka haluavat harjoitella laadukkaassa ohjauksessa 2 kertaa viikossa.<\/li>\n\n\n\n<li>Kausi 2026 alkaa 13.4. ja loppuu 28.8. Kes\u00e4taukoa toiminnasta viet\u00e4mme&nbsp; 29.6 &#8211; 12.7.<\/li>\n<\/ul>\n\n\n\n<p>Ilmoittaudu P11-12 Sinisten kes\u00e4kaudelle!<\/p>\n\n\n\n<p><a href=\"https:\/\/tampereunited.myclub.fi\/flow\/courses\/10351474\" target=\"_blank\" rel=\"noreferrer noopener\">P11-12 Sininen L\u00c4NSI (Kes\u00e4 2026)<\/a><\/p>\n\n\n\n<p><a href=\"https:\/\/tampereunited.myclub.fi\/flow\/courses\/10351716\" target=\"_blank\" rel=\"noopener\" title=\"\">P11-12 Sininen IT\u00c4 (Kes\u00e4 2026)<\/a><\/p>\n\n\n\n<p><\/p>\n","protected":false},"excerpt":{"rendered":"<p>Ilmoittaudu P11-12 Sinisten kes\u00e4kaudelle! P11-12 Sininen L\u00c4NSI (Kes\u00e4 2026) P11-12 Sininen IT\u00c4 (Kes\u00e4 2026)<\/p>\n","protected":false},"author":18,"featured_media":0,"parent":5726,"menu_order":7,"comment_status":"closed","ping_status":"closed","template":"page-templates\/junnujoukkue.php","meta":{"_acf_changed":false,"footnotes":"","_links_to":"","_links_to_target":""},"class_list":["post-4608","page","type-page","status-publish","hentry"],"acf":[],"aioseo_notices":[],"_links":{"self":[{"href":"https:\/\/tampereunited.fi\/juniorit\/wp-json\/wp\/v2\/pages\/4608","targetHints":{"allow":["GET"]}}],"collection":[{"href":"https:\/\/tampereunited.fi\/juniorit\/wp-json\/wp\/v2\/pages"}],"about":[{"href":"https:\/\/tampereunited.fi\/juniorit\/wp-json\/wp\/v2\/types\/page"}],"author":[{"embeddable":true,"href":"https:\/\/tampereunited.fi\/juniorit\/wp-json\/wp\/v2\/users\/18"}],"replies":[{"embeddable":true,"href":"https:\/\/tampereunited.fi\/juniorit\/wp-json\/wp\/v2\/comments?post=4608"}],"version-history":[{"count":55,"href":"https:\/\/tampereunited.fi\/juniorit\/wp-json\/wp\/v2\/pages\/4608\/revisions"}],"predecessor-version":[{"id":6692,"href":"https:\/\/tampereunited.fi\/juniorit\/wp-json\/wp\/v2\/pages\/4608\/revisions\/6692"}],"up":[{"embeddable":true,"href":"https:\/\/tampereunited.fi\/juniorit\/wp-json\/wp\/v2\/pages\/5726"}],"wp:attachment":[{"href":"https:\/\/tampereunited.fi\/juniorit\/wp-json\/wp\/v2\/media?parent=4608"}],"curies":[{"name":"wp","href":"https:\/\/api.w.org\/{rel}","templated":true}]}}