{"id":45,"date":"2017-02-06T09:33:49","date_gmt":"2017-02-06T07:33:49","guid":{"rendered":"https:\/\/tampereunited.fi\/junnut\/?page_id=45"},"modified":"2021-03-15T19:48:24","modified_gmt":"2021-03-15T17:48:24","slug":"valmentajakoulutus","status":"publish","type":"page","link":"https:\/\/tampereunited.fi\/juniorit\/valmentajakoulutus\/","title":{"rendered":"Valmentajakoulutus"},"content":{"rendered":"<p>Tampere United kouluttaa valmentajat joko seuran sis\u00e4isesti tai sitten Palloliiton tai toisen seuran koulutuksilla riippuen koulutettavien valmentajien m\u00e4\u00e4r\u00e4st\u00e4. Alla lueteltu Palloliiton koulutuspyramidin alkup\u00e4\u00e4 ja linkit tarkempaan sis\u00e4lt\u00f6\u00f6n. Jokaiselta valmentajalta ja ohjaajalta edellytet\u00e4\u00e4n v\u00e4hint\u00e4\u00e4n Futisvalmentajan starttikoulutus. Suosituksena on starttikoulutuksen lis\u00e4ksi soveltuva ik\u00e4vaihekoulutus.<\/p>\n<h3>1. Futisvalmentajan startti<\/h3>\n<ul>\n<li><a href=\"https:\/\/www.palloliitto.fi\/palvelut\/valmentajakoulutus-lapset-ja-nuoret\/futisvalmentajan-starttikoulutus\/\">Sis\u00e4lt\u00f6<\/a><\/li>\n<\/ul>\n<h3>2. Ik\u00e4vaihekoulutukset (5\u20137-vuotiaat tai 8\u201311-vuotiaat)<\/h3>\n<ul>\n<li><a href=\"https:\/\/www.palloliitto.fi\/palvelut\/valmentajakoulutus-lapset-ja-nuoret\/ikavaihekoulutus\/\">Sis\u00e4lt\u00f6<\/a><\/li>\n<li>Futisvalmentajan startti tulee k\u00e4yd\u00e4 ennen ik\u00e4vaihekoulutuksia<\/li>\n<\/ul>\n<h3>3. Teemakoulutukset<\/h3>\n<ul>\n<li><a href=\"https:\/\/www.palloliitto.fi\/palvelut\/valmentajakoulutus-lapset-ja-nuoret\/teemakoulutukset-lasten-ja-nuorten-valmentajille\/\">Vaihtoehtoiset koulutukset<\/a><\/li>\n<li>Ik\u00e4vaihekoulutus tulee k\u00e4yd\u00e4 ennen teemakoulutuksia<\/li>\n<\/ul>\n<h3>4. UEFA C<\/h3>\n<ul>\n<li><a href=\"https:\/\/www.palloliitto.fi\/palvelut\/valmentajakoulutus-lapset-ja-nuoret\/uefa-c-valmentajakoulutus\/\">Sis\u00e4lt\u00f6<\/a><\/li>\n<li>Edellytys kurssille p\u00e4\u00e4syyn on ik\u00e4vaihekoulutuksen sek\u00e4 yhden teemakoulutuksen suorittaminen<\/li>\n<\/ul>\n","protected":false},"excerpt":{"rendered":"<p>Tampere United kouluttaa valmentajat joko seuran sis\u00e4isesti tai sitten Palloliiton tai toisen seuran koulutuksilla riippuen koulutettavien valmentajien m\u00e4\u00e4r\u00e4st\u00e4. Alla lueteltu Palloliiton koulutuspyramidin alkup\u00e4\u00e4 ja linkit tarkempaan sis\u00e4lt\u00f6\u00f6n. Jokaiselta valmentajalta ja ohjaajalta edellytet\u00e4\u00e4n v\u00e4hint\u00e4\u00e4n Futisvalmentajan starttikoulutus. Suosituksena on starttikoulutuksen lis\u00e4ksi soveltuva ik\u00e4vaihekoulutus. 1. Futisvalmentajan startti Sis\u00e4lt\u00f6 2. Ik\u00e4vaihekoulutukset (5\u20137-vuotiaat tai 8\u201311-vuotiaat) Sis\u00e4lt\u00f6 Futisvalmentajan startti tulee k\u00e4yd\u00e4 [&hellip;]<\/p>\n","protected":false},"author":7,"featured_media":0,"parent":0,"menu_order":0,"comment_status":"closed","ping_status":"closed","template":"juniorit.php","meta":{"_acf_changed":false,"footnotes":"","_links_to":"","_links_to_target":""},"class_list":["post-45","page","type-page","status-publish","hentry"],"acf":[],"aioseo_notices":[],"_links":{"self":[{"href":"https:\/\/tampereunited.fi\/juniorit\/wp-json\/wp\/v2\/pages\/45","targetHints":{"allow":["GET"]}}],"collection":[{"href":"https:\/\/tampereunited.fi\/juniorit\/wp-json\/wp\/v2\/pages"}],"about":[{"href":"https:\/\/tampereunited.fi\/juniorit\/wp-json\/wp\/v2\/types\/page"}],"author":[{"embeddable":true,"href":"https:\/\/tampereunited.fi\/juniorit\/wp-json\/wp\/v2\/users\/7"}],"replies":[{"embeddable":true,"href":"https:\/\/tampereunited.fi\/juniorit\/wp-json\/wp\/v2\/comments?post=45"}],"version-history":[{"count":32,"href":"https:\/\/tampereunited.fi\/juniorit\/wp-json\/wp\/v2\/pages\/45\/revisions"}],"predecessor-version":[{"id":2834,"href":"https:\/\/tampereunited.fi\/juniorit\/wp-json\/wp\/v2\/pages\/45\/revisions\/2834"}],"wp:attachment":[{"href":"https:\/\/tampereunited.fi\/juniorit\/wp-json\/wp\/v2\/media?parent=45"}],"curies":[{"name":"wp","href":"https:\/\/api.w.org\/{rel}","templated":true}]}}