{"id":4161,"date":"2023-12-23T13:07:06","date_gmt":"2023-12-23T11:07:06","guid":{"rendered":"https:\/\/tampereunited.fi\/juniorit\/?page_id=4161"},"modified":"2025-10-17T22:16:53","modified_gmt":"2025-10-17T19:16:53","slug":"muut-tukimuodot","status":"publish","type":"page","link":"https:\/\/tampereunited.fi\/juniorit\/harrastustuki\/muut-tukimuodot\/","title":{"rendered":"Tukea jalkapallon harrastamiseen"},"content":{"rendered":"\n<p class=\"has-text-align-center\">Tukea jalkapallon harrastamiseen on saatavilla <a href=\"https:\/\/tampereunited.fi\/juniorit\/harrastustuki\/\" title=\"\">Tampere Unitedin omasta tukirahastosta my\u00f6nnett\u00e4v\u00e4n harrastustuen<\/a> lis\u00e4ksi monesta eri l\u00e4hteest\u00e4. Alla on linkkej\u00e4 eri tahoihin, joilta tukea voi hakea.<\/p>\n\n\n\n<h2 class=\"wp-block-heading\">Hope ry<\/h2>\n\n\n\n<p>Hope ry:lt\u00e4 voi hakea tukea harrastamisen my\u00f6s suoraan. Hope autaa v\u00e4h\u00e4varaisia perheit\u00e4, joissa asuu alle 18-vuotiaita lapsia. Lasten harrastustoiminnan lis\u00e4ksi Hope toteuttaa vapaa-ajan el\u00e4myksi\u00e4 ja erityisesti \u00e4killisen kriisin kohdanneita lapsiperheit\u00e4 autetaan lahjoittamalla vaatteita, kenki\u00e4 ja leluja.<\/p>\n\n\n\n<p>Lue lis\u00e4\u00e4: <a href=\"https:\/\/hopeyhdistys.fi\/apua-hope\/\" title=\"\">hopeyhdistys.fi\/apua-hope<\/a><\/p>\n\n\n\n<h2 class=\"wp-block-heading\">Nuorisopassi<\/h2>\n\n\n\n<p>Tampereen kaupungilla on k\u00e4yt\u00f6ss\u00e4 Nuorisopassi-sovellus. Vuonna 2025 edun piirin kuuluvat seitsem\u00e4s-, kahdeksas- ja yhdeks\u00e4sluokkalaiset, joiden kotikunta on Tampere. Nuorisopassi-sovellus ladataan \u00e4lypuhelimelle ja siihen kirjaudutaa koulun s\u00e4hk\u00f6postiosoitteella. Kaupunki on ladannut Nuorisopassiin saldoa, joka on k\u00e4ytett\u00e4viss\u00e4 liikunta- ja kulttuuriharrastuksiin 31.12.2025 asti. <\/p>\n\n\n\n<p>Lue lis\u00e4\u00e4: <a href=\"https:\/\/www.tampere.fi\/vapaa-aika-ja-harrastukset\/nuorisopassi\" title=\"\">tampere.fi\/vapaa-aika-ja-harrastukset\/nuorisopassi<\/a><\/p>\n\n\n\n<h2 class=\"wp-block-heading\">Pelastakaa Lapset ry<\/h2>\n\n\n\n<p>Ev\u00e4it\u00e4 El\u00e4m\u00e4lle -ohjelmassa mukana olevat Pelastakaa Lasten paikallisyhdistykset tukevat v\u00e4h\u00e4varaisten perheiden lapsia ja nuoria harrastus- ja oppimateriaalituen sek\u00e4 mentoroinnin kautta.<\/p>\n\n\n\n<p>Lue lis\u00e4\u00e4: <a href=\"https:\/\/www.pelastakaalapset.fi\/tyomme\/mita-teemme\/lapsikoyhyys\/evaita-elamalle-ohjelma\/\" title=\"\">pelastakaalapset.fi\/tyomme\/mita-teemme\/lapsikoyhyys\/evaita-elamalle-ohjelma<\/a><\/p>\n\n\n\n<h2 class=\"wp-block-heading\">Pirkanmaan hyvinvointialue<\/h2>\n\n\n\n<p>Pirkanmaan hyvinvointialueelta voi hakea t\u00e4ydent\u00e4v\u00e4\u00e4 ja ehk\u00e4isev\u00e4\u00e4 toimeentulotukea. <\/p>\n\n\n\n<p>Lue lis\u00e4\u00e4: <a href=\"https:\/\/www.pirha.fi\/fi\/palvelut\/sosiaalipalvelut\/tukea-taloudellisiin-ongelmiin\/taydentava-ja-ehkaiseva-toimeentulotuki\" title=\"\">pirha.fi\/fi\/palvelut\/sosiaalipalvelut\/tukea-taloudellisiin-ongelmiin\/taydentava-ja-ehkaiseva-toimeentulotuki<\/a><\/p>\n\n\n\n<h2 class=\"wp-block-heading\">SOS-Lapsikyl\u00e4 ry<\/h2>\n\n\n\n<p>SOS-Lapsikyl\u00e4 my\u00f6nt\u00e4\u00e4 harrastustukea on tarkoitettu 7\u201317-vuotiaille lapsille, joiden harrastuksen aloittaminen tai sen jatkaminen on uhattuna perheen haasteellisen taloudellisen tilanteen vuoksi.<\/p>\n\n\n\n<p>Lus lis\u00e4\u00e4: <a href=\"https:\/\/unelmista.fi\/seeker-home\" title=\"\">unelmista.fi\/seeker-home<\/a><\/p>\n\n\n\n<h2 class=\"wp-block-heading\">Tukikummit -s\u00e4\u00e4ti\u00f6<\/h2>\n\n\n\n<p>Tukikummit my\u00f6nt\u00e4\u00e4 kertaluontoisia avustuksia sellaisiin lasten harrastamiseen liittyviin tarpeisiin ja kustannuksiin, joita ei saada katettua muualta.<\/p>\n\n\n\n<p>Lue lis\u00e4\u00e4: <a href=\"https:\/\/tukikummit.fi\/hae-avustusta\/\" title=\"\">tukikummit.fi\/hae-avustusta<\/a><\/p>\n\n\n\n<h2 class=\"wp-block-heading\">YMCA Tampere<\/h2>\n\n\n\n<p>Osallistumaan\u2013toiminnan kautta my\u00f6nnet\u00e4\u00e4n tukea, jolla voidaan tarjota lapselle harrastus, teatteriliput koko perheelle, liput urheilutapahtumaan tai osallistuminen kiinnostavalle kurssille tai leirille.<\/p>\n\n\n\n<p>Lue lis\u00e4\u00e4: <a href=\"https:\/\/ymcatampere.fi\/hankkeet\/osallistumaan\/\" title=\"\">ymcatampere.fi\/hankkeet\/osallistumaan<\/a><\/p>\n","protected":false},"excerpt":{"rendered":"<p>Tukea jalkapallon harrastamiseen on saatavilla Tampere Unitedin omasta tukirahastosta my\u00f6nnett\u00e4v\u00e4n harrastustuen lis\u00e4ksi monesta eri l\u00e4hteest\u00e4. Alla on linkkej\u00e4 eri tahoihin, joilta tukea voi hakea. Hope ry Hope ry:lt\u00e4 voi hakea tukea harrastamisen my\u00f6s suoraan. Hope autaa v\u00e4h\u00e4varaisia perheit\u00e4, joissa asuu alle 18-vuotiaita lapsia. Lasten harrastustoiminnan lis\u00e4ksi Hope toteuttaa vapaa-ajan el\u00e4myksi\u00e4 ja erityisesti \u00e4killisen kriisin kohdanneita [&hellip;]<\/p>\n","protected":false},"author":3,"featured_media":0,"parent":3379,"menu_order":0,"comment_status":"closed","ping_status":"closed","template":"","meta":{"_acf_changed":false,"footnotes":"","_links_to":"","_links_to_target":""},"class_list":["post-4161","page","type-page","status-publish","hentry"],"acf":[],"aioseo_notices":[],"_links":{"self":[{"href":"https:\/\/tampereunited.fi\/juniorit\/wp-json\/wp\/v2\/pages\/4161","targetHints":{"allow":["GET"]}}],"collection":[{"href":"https:\/\/tampereunited.fi\/juniorit\/wp-json\/wp\/v2\/pages"}],"about":[{"href":"https:\/\/tampereunited.fi\/juniorit\/wp-json\/wp\/v2\/types\/page"}],"author":[{"embeddable":true,"href":"https:\/\/tampereunited.fi\/juniorit\/wp-json\/wp\/v2\/users\/3"}],"replies":[{"embeddable":true,"href":"https:\/\/tampereunited.fi\/juniorit\/wp-json\/wp\/v2\/comments?post=4161"}],"version-history":[{"count":15,"href":"https:\/\/tampereunited.fi\/juniorit\/wp-json\/wp\/v2\/pages\/4161\/revisions"}],"predecessor-version":[{"id":6070,"href":"https:\/\/tampereunited.fi\/juniorit\/wp-json\/wp\/v2\/pages\/4161\/revisions\/6070"}],"up":[{"embeddable":true,"href":"https:\/\/tampereunited.fi\/juniorit\/wp-json\/wp\/v2\/pages\/3379"}],"wp:attachment":[{"href":"https:\/\/tampereunited.fi\/juniorit\/wp-json\/wp\/v2\/media?parent=4161"}],"curies":[{"name":"wp","href":"https:\/\/api.w.org\/{rel}","templated":true}]}}