{"id":403,"date":"2017-02-20T21:42:10","date_gmt":"2017-02-20T19:42:10","guid":{"rendered":"https:\/\/tampereunited.fi\/junnut\/?page_id=403"},"modified":"2026-04-05T19:46:13","modified_gmt":"2026-04-05T16:46:13","slug":"seuran-saannot","status":"publish","type":"page","link":"https:\/\/tampereunited.fi\/juniorit\/seuran-saannot\/","title":{"rendered":"Seuran s\u00e4\u00e4nn\u00f6t"},"content":{"rendered":"<h3>1 \u00a7 Nimi ja kotipaikka<\/h3>\n<p>Yhdistyksen nimi on Jalkapalloseura Tampere United ry ja sen kotipaikka on Tampere.<\/p>\n<p>Yhdistyksest\u00e4 k\u00e4ytet\u00e4\u00e4n n\u00e4iss\u00e4 s\u00e4\u00e4nn\u00f6iss\u00e4 nimityst\u00e4 seura.<\/p>\n<p>Seuran toiminta-alueena on Pirkanmaa.<\/p>\n<h3>2 \u00a7 Seuran tarkoitus ja toiminnan laatu<\/h3>\n<p>Seuran tarkoituksena on edist\u00e4\u00e4 liikuntaa sek\u00e4 muuta siihen liittyv\u00e4\u00e4 kansalaistoimintaa seuran toiminta-alueella siten, ett\u00e4 erilaisista l\u00e4ht\u00f6kohdista olevilla henkil\u00f6ill\u00e4 on mahdollisuus harrastaa kunto- ja terveysliikuntaa, kilpa- ja huippu-urheilua tai liikuntaan liittyv\u00e4\u00e4 yhdistystoimintaa edellytystens\u00e4 ja tarpeidensa mukaisesti, tai osallistua kannattajana seuran toimintaan.<\/p>\n<p>Tarkoituksensa seura toteuttaa<\/p>\n<p>1) Tarjoamalla j\u00e4senilleen:<\/p>\n<ul>\n<li>kilpailutoimintaa, kunto- ja muuta terveysliikuntaa;<\/li>\n<li>harjoitus-, koulutus- ja valmennustoimintaa;<\/li>\n<li>sosiaalisesti kehitt\u00e4v\u00e4\u00e4 kasvatustoimintaa, sek\u00e4<\/li>\n<li>tiedotus- ja suhdetoimintaa.<\/li>\n<\/ul>\n<p>2) Edist\u00e4m\u00e4ll\u00e4 ja yll\u00e4pit\u00e4m\u00e4ll\u00e4 seuran kannatustoimintaa toiminta-alueellaan<\/p>\n<p>3) Kiinnitt\u00e4m\u00e4ll\u00e4 ehdotuksilla, anomuksilla ja aloitteilla viranomaisten ja muiden yhteis\u00f6jen huomiota liikuntakysymyksiin sek\u00e4 vaikuttamalla omatoimisesti liikunnan kehitt\u00e4miseen ja tarpeellisten harjoituspaikkojen ja -v\u00e4lineiden hankkimiseen ja hoitamiseen.<\/p>\n<p>4) Harjoittamalla julkaisutoimintaa.<\/p>\n<p>5) Edist\u00e4m\u00e4ll\u00e4 liikunnan avulla tasa-arvoa ja suvaitsevaisuutta sek\u00e4 tukemalla kulttuurien moninaisuutta ja ymp\u00e4rist\u00f6n kest\u00e4v\u00e4\u00e4 kehityst\u00e4.<\/p>\n<p>Toimintansa tukemiseksi seura voi ottaa vastaan avustuksia, lahjoituksia ja testamentteja sek\u00e4 toimeenpanna rahanker\u00e4yksi\u00e4 ja arpajaisia hankittuaan asianmukaisen luvan. Seura voi j\u00e4rjest\u00e4\u00e4 maksullisia huvitilaisuuksia sek\u00e4 majoitus-, kahvila- ja ravintolatoimintaa, harjoittaa kustannus- ja monistustoimintaa sek\u00e4 v\u00e4litt\u00e4\u00e4 urheiluv\u00e4lineit\u00e4, urheiluasusteita ja seuran kannatustuotteita. Seura voi omistaa toimintaansa varten tarpeellista irtainta ja kiinte\u00e4\u00e4 omaisuutta.<\/p>\n<h3>3 \u00a7 J\u00e4senet<\/h3>\n<p>Seuran j\u00e4seneksi tai kannatusj\u00e4seneksi voi liitty\u00e4 jokainen, joka hyv\u00e4ksyy seuran tarkoituksen ja s\u00e4\u00e4nn\u00f6t, ja suorittaa kalenterivuosittaisen j\u00e4sen- tai kannatusj\u00e4senmaksun. J\u00e4seneksi tai kannatusj\u00e4seneksi voi liitty\u00e4 sek\u00e4 luonnollinen henkil\u00f6 ett\u00e4 rekister\u00f6ity yhdistys.<\/p>\n<p>J\u00e4senien ja kannatusj\u00e4senien hyv\u00e4ksymisest\u00e4 p\u00e4\u00e4tt\u00e4\u00e4 seuran hallitus.<\/p>\n<p>Kunniapuheenjohtajaksi seuran kev\u00e4tkokous voi kutsua seuran toiminnassa erityisesti ansioituneita henkil\u00f6it\u00e4, jotka ovat toimineet seuran puheenjohtajana tai varapuheenjohtajana. Kunniaj\u00e4seneksi seuran kev\u00e4tkokous voi kutsua seuran toiminnassa ansioituneita henkil\u00f6it\u00e4. Esityksen kutsumisesta seuran kev\u00e4tkokoukselle voi tehd\u00e4 vain seuran hallitus. Kutsuminen tulee seuran kev\u00e4tkokouksessa hyv\u00e4ksy\u00e4 v\u00e4hint\u00e4\u00e4n kolmen nelj\u00e4sosan (3\/4) enemmist\u00f6ll\u00e4 annetuista \u00e4\u00e4nist\u00e4. Kunniapuheenjohtajien ja kunniaj\u00e4senien tulee hyv\u00e4ksy\u00e4 seuran tarkoitus ja s\u00e4\u00e4nn\u00f6t, mutta he ovat vapautettu kalenterivuosittaisen j\u00e4senmaksun maksamisesta ja ovat t\u00e4ten \u00e4\u00e4nioikeutettuja seuran kokouksissa ilman j\u00e4senmaksulaskun maksamista. Kunniaj\u00e4senen -ja puheenjohtajan tulee hyv\u00e4ksy\u00e4 nimens\u00e4 julkaiseminen ja julkipit\u00e4minen seuran eri tiedotuskanavissa. Seuralla voi olla yht\u00e4aikaisesti enint\u00e4\u00e4n kolme kunniapuheenjohtajaa ja enint\u00e4\u00e4n kymmenen kunniaj\u00e4sent\u00e4, ja kalenterivuoden aikana voidaan tehd\u00e4 p\u00e4\u00e4t\u00f6s kutsua enint\u00e4\u00e4n yksi kunniapuheenjohtaja ja enint\u00e4\u00e4n yksi kunniaj\u00e4sen.<\/p>\n<p>J\u00e4senen velvollisuutena on ilmoittaa tarvittavat yhteystiedot seuran hallitukselle j\u00e4senrekisteri\u00e4 varten. J\u00e4sen on velvollinen ilmoittamaan tietoihinsa tulevista muutoksista.<\/p>\n<h3>4 \u00a7 J\u00e4senen eroaminen ja erottaminen<\/h3>\n<p>J\u00e4senell\u00e4 on oikeus erota seurasta ilmoittamalla siit\u00e4 kirjallisesti hallitukselle tai sen puheenjohtajalle taikka ilmoittamalla erosta seuran kokouksessa merkitt\u00e4v\u00e4ksi p\u00f6yt\u00e4kirjaan.<\/p>\n<p>Hallitus voi erottaa j\u00e4senen seurasta, jos j\u00e4sen ei ole maksanut kalenterivuosittaista j\u00e4senmaksuaan toukokuun loppuun menness\u00e4 tai on muuten j\u00e4tt\u00e4nyt t\u00e4ytt\u00e4m\u00e4tt\u00e4 ne velvoitukset, joihin h\u00e4n on seuraan liittym\u00e4ll\u00e4 sitoutunut tai on menettelyll\u00e4\u00e4n seurassa tai sen ulkopuolella vahingoittanut seuraa tai ei en\u00e4\u00e4 t\u00e4yt\u00e4 laissa taikka seuran s\u00e4\u00e4nn\u00f6iss\u00e4 mainittuja j\u00e4senyyden ehtoja.<\/p>\n<p>Hallitus p\u00e4\u00e4tt\u00e4\u00e4 my\u00f6s kurinpitotoimista ja niiden yhteydess\u00e4 an\u00adnet\u00adta\u00advis\u00adta rangaistuksista, jolloin noudatetaan kansallisen lajiliiton s\u00e4\u00e4n\u00adt\u00f6\u00adj\u00e4 ja m\u00e4\u00e4r\u00e4yksi\u00e4. Seuran sijasta kurinpitotoimista voi p\u00e4\u00e4tt\u00e4\u00e4 lajin kansallinen liitto s\u00e4\u00e4nn\u00f6iss\u00e4\u00e4n ja s\u00e4\u00e4nt\u00f6j\u00e4\u00e4n alemmanasteisissa m\u00e4\u00e4r\u00e4yksiss\u00e4\u00e4n vahvistetulla tavalla.<\/p>\n<p>Erotetulla ei ole oikeutta vaatia takaisin seuralle suorittamiaan maksuja.<\/p>\n<p>Ennen erottamisp\u00e4\u00e4t\u00f6ksen tekemist\u00e4 asianomaiselle j\u00e4senelle on varattava tilaisuus selityksen antamiseen asiassa paitsi milloin erottamisen syyn\u00e4 on j\u00e4senmaksun maksamatta j\u00e4tt\u00e4minen. Erottamisp\u00e4\u00e4t\u00f6ksen voi saattaa seuran kokouksen ratkaistavaksi ilmoittamalla siit\u00e4 hallitukselle kuukauden kuluessa erottamisp\u00e4\u00e4t\u00f6ksen vastaanottamisesta, joka lis\u00e4\u00e4 erottamisen k\u00e4sittelyn seuraavan kokouksen asialistalle; asianomaiselle j\u00e4senelle tulee ilmoittaa kokous, jossa asia k\u00e4sitell\u00e4\u00e4n.<\/p>\n<h3>5 \u00a7 K\u00e4ytt\u00e4ytymisvelvollisuus seuran toiminnassa<\/h3>\n<p>Seuran j\u00e4senet sek\u00e4 seuran j\u00e4rjest\u00e4m\u00e4\u00e4n toimintaan osallistuvat huoltajat, tukihenkil\u00f6t ja muut mukana olevat sitoutuvat noudattamaan seuran s\u00e4\u00e4nt\u00f6j\u00e4, j\u00e4rjestyss\u00e4\u00e4nt\u00f6j\u00e4, toimihenkil\u00f6iden ohjeita sek\u00e4 urheilun eettisi\u00e4 periaatteita.<\/p>\n<p>Urheilun eettisill\u00e4 periaatteilla tarkoitetaan reilua peli\u00e4, tasa-arvon ja yhdenvertaisuuden kunnioittamista, syrjim\u00e4tt\u00f6myytt\u00e4, turvallisen toimintaymp\u00e4rist\u00f6n varmistamista, p\u00e4ihteett\u00f6myytt\u00e4 sek\u00e4 lasten ja nuorten terveen kehityksen tukemista.<\/p>\n<p>Seuran hallitus voi m\u00e4\u00e4r\u00e4t\u00e4 j\u00e4senelle kurinpitotoimia, jos t\u00e4m\u00e4 rikkoo seuran s\u00e4\u00e4nt\u00f6j\u00e4, p\u00e4\u00e4t\u00f6ksi\u00e4 tai urheilun eettisi\u00e4 periaatteita. Kurinpitotoimia voivat olla kirjallinen huomautus, varoitus, m\u00e4\u00e4r\u00e4aikainen toimintakielto tai erottaminen seurasta. Kurinpitomenettelyss\u00e4 noudatetaan yhdistyslain edellytt\u00e4m\u00e4\u00e4 j\u00e4senen kuulemista. Milloin kurinpitotoimena olisi seuran j\u00e4senen erottaminen, tulee huomioida mit\u00e4 s\u00e4\u00e4nt\u00f6jen 4 \u00a7:ss\u00e4 s\u00e4\u00e4det\u00e4\u00e4n.<\/p>\n<p>Mik\u00e4li huoltaja toistuvasti rikkoo seuran ohjeita tai k\u00e4ytt\u00e4ytymiss\u00e4\u00e4nt\u00f6j\u00e4, seura voi rajoittaa h\u00e4nen huollettavansa osallistumista seuran toimintaan m\u00e4\u00e4r\u00e4ajaksi tai toistaiseksi.<\/p>\n<h3>6 \u00a7 J\u00e4senmaksut ja kannatusj\u00e4senmaksu<\/h3>\n<p>J\u00e4senilt\u00e4 kannettavan kalenterivuosittaisen j\u00e4sen- ja kannatusj\u00e4senmaksun suuruudesta p\u00e4\u00e4tt\u00e4\u00e4 vuosittain seuran syyskokous. Marras-joulukuun v\u00e4lisen\u00e4 aikana hyv\u00e4ksytty seuran uusi j\u00e4sen on vapautettu kyseisen kalenterivuoden j\u00e4senmaksun maksamisesta, mutta h\u00e4nell\u00e4 ei ole \u00e4\u00e4nioikeutta kyseisen\u00e4 kalenterivuonna pidett\u00e4viss\u00e4 seuran kokouksissa, ellei h\u00e4n maksa vapaaehtoisesti heti kokouksen alussa k\u00e4teisell\u00e4 kyseisen kalenterivuoden j\u00e4senmaksua.<\/p>\n<h3>7 \u00a7 Hallitus<\/h3>\n<p>Seuran asioita hoitaa hallitus, johon kuuluu syyskokouksessa valitut puheenjohtaja ja 4-10 muuta j\u00e4sent\u00e4.<\/p>\n<p>Hallituksen toimikausi alkaa marraskuun ensimm\u00e4isen\u00e4 (1.) p\u00e4iv\u00e4n\u00e4 ja p\u00e4\u00e4ttyy seuraavan vuoden lokakuun kolmantenakymmenenten\u00e4ensimm\u00e4isen\u00e4 (31.) p\u00e4iv\u00e4n\u00e4. Syyskokouksessa valituiksi tulleilla uusilla hallituksen j\u00e4senill\u00e4 on l\u00e4sn\u00e4olo- ja puheoikeus hallituksen kokouksissa ennen toimikauden alkamista.<\/p>\n<p>Hallitus valitsee keskuudestaan varapuheenjohtajan. Hallitus valitsee keskuudestaan tai ulkopuoleltaan sihteerin ja rahastonhoitajan. Hallitus voi lis\u00e4ksi valita keskuudestaan tai ulkopuoleltaan toiminnanjohtajan sek\u00e4 muut tarvittavat toimihenkil\u00f6t.<\/p>\n<p>Hallitus kokoontuu puheenjohtajan tai h\u00e4nen estyneen\u00e4 ollessaan varapuheenjohtajan kutsusta, kun he katsovat siihen olevan aihetta tai kun v\u00e4hint\u00e4\u00e4n puolet hallituksen j\u00e4senist\u00e4 sit\u00e4 vaatii.<\/p>\n<p>Hallitus on p\u00e4\u00e4t\u00f6svaltainen, kun v\u00e4hint\u00e4\u00e4n puolet sen j\u00e4senist\u00e4, puheenjohtaja tai varapuheenjohtaja mukaan luettuna on l\u00e4sn\u00e4. Hallituksen j\u00e4sen voi osallistua hallituksen kokoukseen puhelimitse tai muulla vastaavalla teknisell\u00e4 yhteydell\u00e4, jolloin h\u00e4nen katsotaan olevan l\u00e4sn\u00e4. \u00c4\u00e4nestykset ratkaistaan yksinkertaisella \u00e4\u00e4nten enemmist\u00f6ll\u00e4. \u00c4\u00e4nten menness\u00e4 tasan ratkaisee puheenjohtajan \u00e4\u00e4ni, vaaleissa kuitenkin arpa.<\/p>\n<p>Seuran ja sen jaostojen\/joukkueiden taloushallinnosta p\u00e4\u00e4tt\u00e4\u00e4 hallitus. Jaoston\/joukkueen ja seuran toiminnassa mukana olevien seuran(\/yhdistyksen) nimiss\u00e4 ker\u00e4\u00e4m\u00e4t varat ovat seuran(\/yhdistyksen) varoja. Hallitus p\u00e4\u00e4tt\u00e4\u00e4 n\u00e4iden varojen k\u00e4yt\u00f6st\u00e4.<\/p>\n<h3>8 \u00a7 Seuran nimen kirjoittaminen<\/h3>\n<p>Seuran nimen kirjoittaa hallituksen puheenjohtaja ja varapuheenjohtaja yhdess\u00e4 tai jompikumpi yhdess\u00e4 hallituksen j\u00e4senen tai toiminnanjohtajan kanssa. Nimenkirjoittajien on oltava t\u00e4ysi-ik\u00e4isi\u00e4.<\/p>\n<h3>9 \u00a7 Tilikausi ja toiminnantarkastus<\/h3>\n<p>Seuran tilikausi alkaa marraskuun ensimm\u00e4isen\u00e4 (1.) p\u00e4iv\u00e4n\u00e4 ja p\u00e4\u00e4ttyy seuraavan vuoden lokakuun kolmantenakymmenenten\u00e4ensimm\u00e4isen\u00e4 (31.) p\u00e4iv\u00e4n\u00e4.<\/p>\n<p>Tilinp\u00e4\u00e4t\u00f6s tarvittavine asiakirjoineen on annettava tilintarkastusyhteis\u00f6lle, tai tilintarkastajille, tai toiminnantarkastajille viimeist\u00e4\u00e4n kuukautta ennen kev\u00e4tkokousta. Tilintarkastusyhteis\u00f6n tai tilintarkastajien tai toiminnantarkastajien tulee antaa kirjallinen lausuntonsa viimeist\u00e4\u00e4n kaksi viikkoa ennen kev\u00e4tkokousta hallitukselle.<\/p>\n<h3>10 \u00a7 Seuran kokoukset<\/h3>\n<p>Seura pit\u00e4\u00e4 vuosittain kaksi varsinaista kokousta. Kev\u00e4tkokous pidet\u00e4\u00e4n tammikuun ensimm\u00e4isen (1.) p\u00e4iv\u00e4n ja helmikuun kahdennenkymmenennenkahdeksannen (28.) p\u00e4iv\u00e4n v\u00e4lisen\u00e4 aikana. Syyskokous pidet\u00e4\u00e4n syyskuun ensimm\u00e4isen (1.) p\u00e4iv\u00e4n ja lokakuun kolmannenkymmenennenensimm\u00e4isen (31.) p\u00e4iv\u00e4n v\u00e4lisen\u00e4 aikana. Kokouksen paikan ja tarkemman ajan m\u00e4\u00e4r\u00e4\u00e4 hallitus; kokouspaikan on sijaittava Tampereella.<\/p>\n<p>Ylim\u00e4\u00e4r\u00e4inen kokous pidet\u00e4\u00e4n, kun seuran kokous niin p\u00e4\u00e4tt\u00e4\u00e4 tai kun hallitus katsoo siihen olevan aihetta tai kun v\u00e4hint\u00e4\u00e4n kymmenesosa (1\/10) seuran \u00e4\u00e4nioikeutetuista j\u00e4senist\u00e4 sit\u00e4 hallitukselta erityisesti ilmoitettua asiaa varten kirjallisesti vaatii. Ylim\u00e4\u00e4r\u00e4isen kokouksen kutsussa on mainittava asia, jonka vuoksi kokous on koolle kutsuttu. Kokous on pidett\u00e4v\u00e4 kolmenkymmenen vuorokauden kuluessa siit\u00e4, kun vaatimus sen pit\u00e4misest\u00e4 on esitetty hallitukselle.<\/p>\n<p>Seuran kokouksissa jokaisella kyseisen kalenterivuoden j\u00e4senmaksun maksaneella 15 vuotta t\u00e4ytt\u00e4neell\u00e4 j\u00e4senell\u00e4 ja kannatusj\u00e4senell\u00e4, sek\u00e4 kunniapuheenjohtajalla ja kunniaj\u00e4senell\u00e4, on yksi \u00e4\u00e4ni. Valtakirjalla ei saa \u00e4\u00e4nest\u00e4\u00e4.<\/p>\n<p>Seuran kokouksen p\u00e4\u00e4t\u00f6kseksi tulee, ellei s\u00e4\u00e4nn\u00f6iss\u00e4 ole toisin m\u00e4\u00e4r\u00e4tty, se mielipide, jota on kannattanut yli puolet annetuista \u00e4\u00e4nist\u00e4. \u00c4\u00e4nten menness\u00e4 tasan ratkaisee kokouksen puheenjohtajan \u00e4\u00e4ni, vaaleissa kuitenkin arpa.<\/p>\n<h3>11 \u00a7 Seuran kokousten koollekutsuminen<\/h3>\n<p>Hallituksen on kutsuttava seuran kokoukset koolle v\u00e4hint\u00e4\u00e4n nelj\u00e4toista vuorokautta ennen kokousta j\u00e4senille l\u00e4hetetyill\u00e4 s\u00e4hk\u00f6posteilla, sek\u00e4 seuran nettisivuilla julkaistavalla ilmoituksella tai j\u00e4senille postitetuilla kirjeill\u00e4.<\/p>\n<h3>12 \u00a7 Kev\u00e4t- ja syyskokous<\/h3>\n<p>Seuran kev\u00e4tkokouksessa k\u00e4sitell\u00e4\u00e4n seuraavat asiat:<\/p>\n<ol>\n<li>Avataan kokous<\/li>\n<li>Annetaan seuran j\u00e4senille, joilla on j\u00e4senmaksu maksamatta, mahdollisuus j\u00e4senmaksun maksamiseen k\u00e4teisell\u00e4 tasarahalla<\/li>\n<li>Valitaan kokoukselle puheenjohtaja, sihteeri, kaksi p\u00f6yt\u00e4kirjan tarkastajaa ja \u00e4\u00e4ntenlaskijat<\/li>\n<li>Todetaan kokouksen laillisuus ja p\u00e4\u00e4t\u00f6svaltaisuus<\/li>\n<li>Hyv\u00e4ksyt\u00e4\u00e4n kokouksen ty\u00f6j\u00e4rjestys<\/li>\n<li>Esitet\u00e4\u00e4n hallituksen laatima vuosikertomus ja tilinp\u00e4\u00e4t\u00f6s sek\u00e4 tilintarkastajien tai toiminnantarkastajien lausunto<\/li>\n<li>P\u00e4\u00e4tet\u00e4\u00e4n tilinp\u00e4\u00e4t\u00f6ksen vahvistamisesta ja vastuuvapauden my\u00f6nt\u00e4misest\u00e4 hallitukselle ja muille vastuuvelvollisille<\/li>\n<li>K\u00e4sitell\u00e4\u00e4n mahdolliset hallituksen esitt\u00e4m\u00e4t kunniapuheenjohtajien ja -j\u00e4senien kutsumiset<\/li>\n<li>K\u00e4sitell\u00e4\u00e4n muut kokouskutsussa mainitut asiat<\/li>\n<li>P\u00e4\u00e4tet\u00e4\u00e4n kokous<\/li>\n<\/ol>\n<p>Seuran syyskokouksessa k\u00e4sitell\u00e4\u00e4n seuraavat asiat:<\/p>\n<ol>\n<li>Avataan kokous<\/li>\n<li>Annetaan seuran j\u00e4senille, joilla on j\u00e4senmaksu maksamatta, mahdollisuus j\u00e4senmaksun maksamiseen k\u00e4teisell\u00e4 tasarahalla<\/li>\n<li>Valitaan kokoukselle puheenjohtaja, sihteeri, kaksi p\u00f6yt\u00e4kirjan tarkastajaa ja \u00e4\u00e4ntenlaskijat<\/li>\n<li>Todetaan kokouksen laillisuus ja p\u00e4\u00e4t\u00f6svaltaisuus<\/li>\n<li>Hyv\u00e4ksyt\u00e4\u00e4n kokouksen ty\u00f6j\u00e4rjestys<\/li>\n<li>P\u00e4\u00e4tet\u00e4\u00e4n j\u00e4senyydest\u00e4 muissa j\u00e4rjest\u00f6iss\u00e4 ja yhteis\u00f6iss\u00e4<\/li>\n<li>Vahvistetaan j\u00e4sen- ja kannatusj\u00e4senmaksujen suuruus<\/li>\n<li>Vahvistetaan toimintasuunnitelma ja talousarvio<\/li>\n<li>Valitaan hallituksen puheenjohtaja<\/li>\n<li>Valitaan hallituksen muut j\u00e4senet<\/li>\n<li>Valitaan tilintarkastusyhteis\u00f6, tai tilintarkastaja ja varatilintarkastaja, tai toiminnantarkastaja ja<br \/>\nvaratoiminnantarkastaja<\/li>\n<li>P\u00e4\u00e4tet\u00e4\u00e4n tilintarkastusyhteis\u00f6n tai tilintarkastajien tai toiminnantarkastajien palkkioista<\/li>\n<li>P\u00e4\u00e4tet\u00e4\u00e4n seuran edustajista niihin j\u00e4rjest\u00f6ihin ja yhteis\u00f6ihin, joissa seura on j\u00e4senen\u00e4<\/li>\n<li>K\u00e4sitell\u00e4\u00e4n muut kokouskutsussa mainitut asiat<\/li>\n<li>P\u00e4\u00e4tet\u00e4\u00e4n kokous<\/li>\n<\/ol>\n<p>Mik\u00e4li seuran j\u00e4sen haluaa saada jonkin asian seuran kokouksen k\u00e4sitelt\u00e4v\u00e4ksi, on h\u00e4nen ilmoitettava siit\u00e4 kirjallisesti hallitukselle niin hyviss\u00e4 ajoin, ett\u00e4 asia voidaan sis\u00e4llytt\u00e4\u00e4 kokouskutsuun.<\/p>\n<h3>13 \u00a7 S\u00e4\u00e4nt\u00f6jen muuttaminen<\/h3>\n<p>P\u00e4\u00e4t\u00f6s s\u00e4\u00e4nt\u00f6jen muuttamisesta on teht\u00e4v\u00e4 seuran kokouksessa v\u00e4hint\u00e4\u00e4n kolmen nelj\u00e4sosan (3\/4) enemmist\u00f6ll\u00e4 annetuista \u00e4\u00e4nist\u00e4. Kokouskutsussa on mainittava s\u00e4\u00e4nt\u00f6jen muuttamisesta ja t\u00e4llainen kokouskutsu on l\u00e4hetett\u00e4v\u00e4 11 \u00a7:st\u00e4 poiketen v\u00e4hint\u00e4\u00e4n kaksikymment\u00e4yksi vuorokautta ennen kokousta.<\/p>\n<p>Seuran purkamista koskevan s\u00e4\u00e4nn\u00f6n (14 \u00a7) muuttamisesta s\u00e4\u00e4det\u00e4\u00e4n 14 \u00a7:ss\u00e4.<\/p>\n<h3>14 \u00a7 Seuran purkaminen<\/h3>\n<p>Seuran purkautuessa tai tullessa lakkautetuksi seuran varat k\u00e4ytet\u00e4\u00e4n seuran tarkoituksen ja toiminnan mukaiseen kohteeseen viimeisen kokouksen p\u00e4\u00e4t\u00f6ksen mukaisesti.<\/p>\n<p>Seura voidaan purkaa tai 14 \u00a7:n s\u00e4\u00e4nt\u00f6j\u00e4 muuttaa, jos p\u00e4\u00e4t\u00f6st\u00e4 on puoltanut kahdessa per\u00e4kk\u00e4isess\u00e4 v\u00e4hint\u00e4\u00e4n kolmen (3) kuukauden v\u00e4liajoin pidetyss\u00e4 kokouksessa v\u00e4hint\u00e4\u00e4n kolme nelj\u00e4sosaa (3\/4) \u00e4\u00e4nestyksess\u00e4 annetuista \u00e4\u00e4nist\u00e4. Seuran purkamista tai 14 \u00a7:n muuttamista koskeva kokouskutsu on l\u00e4hetett\u00e4v\u00e4 11 \u00a7:st\u00e4 poiketen v\u00e4hint\u00e4\u00e4n kaksikymment\u00e4yksi vuorokautta ennen kokousta.<\/p>\n","protected":false},"excerpt":{"rendered":"<p>1 \u00a7 Nimi ja kotipaikka Yhdistyksen nimi on Jalkapalloseura Tampere United ry ja sen kotipaikka on Tampere. Yhdistyksest\u00e4 k\u00e4ytet\u00e4\u00e4n n\u00e4iss\u00e4 s\u00e4\u00e4nn\u00f6iss\u00e4 nimityst\u00e4 seura. Seuran toiminta-alueena on Pirkanmaa. 2 \u00a7 Seuran tarkoitus ja toiminnan laatu Seuran tarkoituksena on edist\u00e4\u00e4 liikuntaa sek\u00e4 muuta siihen liittyv\u00e4\u00e4 kansalaistoimintaa seuran toiminta-alueella siten, ett\u00e4 erilaisista l\u00e4ht\u00f6kohdista olevilla henkil\u00f6ill\u00e4 on mahdollisuus harrastaa [&hellip;]<\/p>\n","protected":false},"author":2,"featured_media":0,"parent":0,"menu_order":0,"comment_status":"closed","ping_status":"closed","template":"","meta":{"_acf_changed":false,"footnotes":"","_links_to":"","_links_to_target":""},"class_list":["post-403","page","type-page","status-publish","hentry"],"acf":[],"aioseo_notices":[],"_links":{"self":[{"href":"https:\/\/tampereunited.fi\/juniorit\/wp-json\/wp\/v2\/pages\/403","targetHints":{"allow":["GET"]}}],"collection":[{"href":"https:\/\/tampereunited.fi\/juniorit\/wp-json\/wp\/v2\/pages"}],"about":[{"href":"https:\/\/tampereunited.fi\/juniorit\/wp-json\/wp\/v2\/types\/page"}],"author":[{"embeddable":true,"href":"https:\/\/tampereunited.fi\/juniorit\/wp-json\/wp\/v2\/users\/2"}],"replies":[{"embeddable":true,"href":"https:\/\/tampereunited.fi\/juniorit\/wp-json\/wp\/v2\/comments?post=403"}],"version-history":[{"count":5,"href":"https:\/\/tampereunited.fi\/juniorit\/wp-json\/wp\/v2\/pages\/403\/revisions"}],"predecessor-version":[{"id":6781,"href":"https:\/\/tampereunited.fi\/juniorit\/wp-json\/wp\/v2\/pages\/403\/revisions\/6781"}],"wp:attachment":[{"href":"https:\/\/tampereunited.fi\/juniorit\/wp-json\/wp\/v2\/media?parent=403"}],"curies":[{"name":"wp","href":"https:\/\/api.w.org\/{rel}","templated":true}]}}