{"id":399,"date":"2017-02-20T21:40:38","date_gmt":"2017-02-20T19:40:38","guid":{"rendered":"https:\/\/tampereunited.fi\/junnut\/?page_id=399"},"modified":"2026-03-16T09:49:11","modified_gmt":"2026-03-16T07:49:11","slug":"seuran-hallitus","status":"publish","type":"page","link":"https:\/\/tampereunited.fi\/juniorit\/seuran-hallitus\/","title":{"rendered":"Hallitus"},"content":{"rendered":"<h2>Jalkapalloseura Tampere United ry<\/h2>\n\n\n<p>Jalkapalloseura Tampere United ry:t\u00e4 hallinnoi seuran syyskokouksessa valittu hallitus, johon kuuluu puheenjohtajan lis\u00e4ksi 4\u201310 j\u00e4sent\u00e4. Hallituksen toimikausi alkaa aina 15.11. ja p\u00e4\u00e4ttyy seuraavana vuonna 14.11.<\/p>\n\n\n\n<p>Hallituksen j\u00e4senten ja seuran toimihenkil\u00f6iden s\u00e4hk\u00f6postiosoitteet ovat muotoa etunimi.sukunimi (\u00e4t) tampereunited.fi. Koko hallituksen tavoittaa s\u00e4hk\u00f6postiosoitteesta hallitus (\u00e4t) tampereunited.fi.<\/p>\n\n\n\n<p>Hallitus kokoontuu s\u00e4\u00e4nn\u00f6llisiin kokouksiin 16.12.2025, sek\u00e4 vuoden 2026 puolella 13.1., 3.2., 3.3., 7.4., 5.5., 2.6., 7.7., 4.8., 1.9., 6.10. ja 3.11.<\/p>\n\n\n\n<h2 class=\"wp-block-heading\">Hallitus 2026<\/h2>\n\n\n\n<figure class=\"wp-block-table\"><table><tbody><tr><td>Markus Ky\u00f6st\u00e4j\u00e4<\/td><td>050 550 6631<\/td><td>puheenjohtaja<\/td><\/tr><tr><td>Jaakko Niukkala<\/td><td>040 718 8500<\/td><td>varapuheenjohtaja, harrastejalkapallo juniorit (siniset ja oranssit)<\/td><\/tr><tr><td>Sara Asp<\/td><td>045 650 6828<\/td><td>rahastonhoitaja<\/td><\/tr><tr><td>Matti Malinen<\/td><td>044 055 9515<\/td><td>sihteeri<\/td><\/tr><tr><td>Jussi Kurikka-Oja<\/td><td>045 123 1982<\/td><td>pallokoulut<\/td><\/tr><tr><td>Tuomo Rintala<\/td><td>050 550 6631<\/td><td>kilpajalkapallo, juniorit 5v5 ja 8v8<\/td><\/tr><tr><td>Oskar Koukku<\/td><td>044 524 4307<\/td><td>kilpajalkapallo, juniorit 11v11<\/td><\/tr><tr><td>Jani Ristim\u00e4ki<\/td><td>050 555 2528<\/td><td>kilpa- ja harrastejalkapallo, miehet<\/td><\/tr><tr><td>Venla Sulander<\/td><td>040 869 7237<\/td><td>kilpa- ja harrastejalkapallo, naiset<\/td><\/tr><tr><td>Heikki Wilen<\/td><td>050 315 2655<\/td><td>omistajaohjaus<\/td><\/tr><tr><td>Tommi Peltomo<\/td><td>040 806 2614<\/td><td>omistajaohjaus<\/td><\/tr><\/tbody><\/table><\/figure>\n\n\n\n<h2 class=\"wp-block-heading\">Toimihenkil\u00f6t<\/h2>\n\n\n\n<figure class=\"wp-block-table\"><table><tbody><tr><td>Ville Lehtil\u00e4<\/td><td>045 7836 4440<\/td><td>juniorip\u00e4\u00e4llikk\u00f6<\/td><\/tr><tr><td>Ville Yli-Hemminki<\/td><td>041 449 1500<\/td><td>juniorikoordinaattori<\/td><\/tr><tr><td>Vesa Pyntt\u00e4ri<\/td><td>050 487 6787<\/td><td>j\u00e4sensihteeri<\/td><\/tr><\/tbody><\/table><\/figure>\n\n\n\n<h2 class=\"wp-block-heading\">H\u00e4irint\u00e4yhdyshenkil\u00f6 ja anonyymi h\u00e4irint\u00e4ilmoitus<\/h2>\n\n\n\n<p>Jo n\u00e4et tai koet h\u00e4irint\u00e4\u00e4 Tampere Unitedin tapahtumissa, voit ilmoittaa siit\u00e4 anonyymisti lomakkeen kautta tai ottamalla suoraan yhteytt\u00e4 h\u00e4irint\u00e4yhdyshenkil\u00f6\u00f6n. Kaikki h\u00e4irint\u00e4yhdyshenkil\u00f6lle ohjautuvat kontaktit k\u00e4sitell\u00e4\u00e4n ehdottoman luottamuksellisesti ja halutessasi my\u00f6s anonyymisti.<\/p>\n\n\n\n<p><strong>Venla Sulander<\/strong><\/br>venla.sulander@tampereunited.fi<\/br>040 869 7237<\/p>\n\n\n\n<div class=\"wp-block-buttons is-layout-flex wp-block-buttons-is-layout-flex\">\n<div class=\"wp-block-button\"><a class=\"wp-block-button__link wp-element-button\" href=\"https:\/\/tampereunited.fi\/seura\/hallitus\/#hairintailmoitus\">J\u00e4t\u00e4 anonyymi h\u00e4irint\u00e4ilmoitus<\/a><\/div>\n<\/div>\n","protected":false},"excerpt":{"rendered":"<p>Jalkapalloseura Tampere United ry Jalkapalloseura Tampere United ry:t\u00e4 hallinnoi seuran syyskokouksessa valittu hallitus, johon kuuluu puheenjohtajan lis\u00e4ksi 4\u201310 j\u00e4sent\u00e4. Hallituksen toimikausi alkaa aina 15.11. ja p\u00e4\u00e4ttyy seuraavana vuonna 14.11. Hallituksen j\u00e4senten ja seuran toimihenkil\u00f6iden s\u00e4hk\u00f6postiosoitteet ovat muotoa etunimi.sukunimi (\u00e4t) tampereunited.fi. Koko hallituksen tavoittaa s\u00e4hk\u00f6postiosoitteesta hallitus (\u00e4t) tampereunited.fi. Hallitus kokoontuu s\u00e4\u00e4nn\u00f6llisiin kokouksiin 16.12.2025, sek\u00e4 vuoden 2026 [&hellip;]<\/p>\n","protected":false},"author":2,"featured_media":0,"parent":0,"menu_order":0,"comment_status":"closed","ping_status":"closed","template":"","meta":{"_acf_changed":false,"footnotes":"","_links_to":"","_links_to_target":""},"class_list":["post-399","page","type-page","status-publish","hentry"],"acf":[],"aioseo_notices":[],"_links":{"self":[{"href":"https:\/\/tampereunited.fi\/juniorit\/wp-json\/wp\/v2\/pages\/399","targetHints":{"allow":["GET"]}}],"collection":[{"href":"https:\/\/tampereunited.fi\/juniorit\/wp-json\/wp\/v2\/pages"}],"about":[{"href":"https:\/\/tampereunited.fi\/juniorit\/wp-json\/wp\/v2\/types\/page"}],"author":[{"embeddable":true,"href":"https:\/\/tampereunited.fi\/juniorit\/wp-json\/wp\/v2\/users\/2"}],"replies":[{"embeddable":true,"href":"https:\/\/tampereunited.fi\/juniorit\/wp-json\/wp\/v2\/comments?post=399"}],"version-history":[{"count":28,"href":"https:\/\/tampereunited.fi\/juniorit\/wp-json\/wp\/v2\/pages\/399\/revisions"}],"predecessor-version":[{"id":6738,"href":"https:\/\/tampereunited.fi\/juniorit\/wp-json\/wp\/v2\/pages\/399\/revisions\/6738"}],"wp:attachment":[{"href":"https:\/\/tampereunited.fi\/juniorit\/wp-json\/wp\/v2\/media?parent=399"}],"curies":[{"name":"wp","href":"https:\/\/api.w.org\/{rel}","templated":true}]}}