{"id":3913,"date":"2023-09-14T13:24:28","date_gmt":"2023-09-14T10:24:28","guid":{"rendered":"https:\/\/tampereunited.fi\/junnusivut22\/?page_id=3913"},"modified":"2025-08-21T11:22:00","modified_gmt":"2025-08-21T08:22:00","slug":"harraste","status":"publish","type":"page","link":"https:\/\/tampereunited.fi\/juniorit\/joukkueet\/harraste\/","title":{"rendered":"Harraste (2024-2025)"},"content":{"rendered":"\n<p>Seurassa on tarjolla harrastejoukkueita aina 3-vuotiaista yl\u00f6sp\u00e4in.<\/p>\n\n\n\n<ul class=\"wp-block-list\">\n<li><a href=\"https:\/\/tampereunited.fi\/juniorit\/lapsi-aikuisryhmat-3-4-vuotiaat\/\" title=\"\">PT3-4 Lapsi-aikuisryhm\u00e4t<\/a><\/li>\n\n\n\n<li><a href=\"https:\/\/tampereunited.fi\/juniorit\/u5-7-pallokoulut\/\" title=\"PT5-8 Pallokoulut\">PT5-7 Pallokoulut<\/a><\/li>\n\n\n\n<li><a href=\"https:\/\/tampereunited.fi\/juniorit\/joukkueet\/harraste\/p8-9-2016-2017-sininen\/\" title=\"P8-9 (2015-2016) Sininen\">P8-9 Sininen<\/a><\/li>\n\n\n\n<li><a href=\"https:\/\/tampereunited.fi\/juniorit\/joukkueet\/harraste\/p10-11-2015-2014-sininen\/\" title=\"\">P10-11 Sininen<\/a><\/li>\n\n\n\n<li><a href=\"https:\/\/tampereunited.fi\/juniorit\/joukkueet\/harraste\/p12-13-2013-2012-sininen\/\" title=\"\">P12-13 Sininen<\/a><\/li>\n\n\n\n<li><a href=\"https:\/\/tampereunited.fi\/juniorit\/joukkueet\/harraste\/p14-15-2011-2010-sininen\/\" title=\"\">P14-15 Sininen<\/a><\/li>\n<\/ul>\n\n\n\n<p><strong>Kenelle harrastejoukkue sopii?<\/strong><\/p>\n\n\n\n<p>Harrastejoukkueet sopivat pelaajille, jotka haluavat harjoitella laadukkaassa ohjauksessa 1-2 kertaa viikossa. Harjoittelupaikat pysyv\u00e4t p\u00e4\u00e4s\u00e4\u00e4nt\u00f6isesti samoina ja ty\u00f6suhteessa seuraan toimivat valmentajat huolehtivat tekemisen laadusta.<\/p>\n\n\n\n<p><strong>Kausimaksut<\/strong><\/p>\n\n\n\n<p>L\u00f6ytyv\u00e4t joukkueiden omilta sivuilta.<\/p>\n\n\n\n<p><strong>Miten p\u00e4\u00e4sen mukaan?<\/strong><\/p>\n\n\n\n<p>Harrastejoukkueiden mukaan voi ilmoittautua ymp\u00e4ri vuoden.<\/p>\n\n\n\n<div class=\"wp-block-buttons is-layout-flex wp-block-buttons-is-layout-flex\">\n<div class=\"wp-block-button\"><a class=\"wp-block-button__link wp-element-button\" href=\"https:\/\/tampereunited.fi\/juniorit\/ilmoittaudu\/\">Ilmoittaudu mukaan<\/a><\/div>\n<\/div>\n","protected":false},"excerpt":{"rendered":"<p>Seurassa on tarjolla harrastejoukkueita aina 3-vuotiaista yl\u00f6sp\u00e4in. Kenelle harrastejoukkue sopii? Harrastejoukkueet sopivat pelaajille, jotka haluavat harjoitella laadukkaassa ohjauksessa 1-2 kertaa viikossa. Harjoittelupaikat pysyv\u00e4t p\u00e4\u00e4s\u00e4\u00e4nt\u00f6isesti samoina ja ty\u00f6suhteessa seuraan toimivat valmentajat huolehtivat tekemisen laadusta. Kausimaksut L\u00f6ytyv\u00e4t joukkueiden omilta sivuilta. Miten p\u00e4\u00e4sen mukaan? Harrastejoukkueiden mukaan voi ilmoittautua ymp\u00e4ri vuoden.<\/p>\n","protected":false},"author":11,"featured_media":0,"parent":3536,"menu_order":0,"comment_status":"closed","ping_status":"closed","template":"","meta":{"_acf_changed":false,"footnotes":"","_links_to":"","_links_to_target":""},"class_list":["post-3913","page","type-page","status-publish","hentry"],"acf":[],"aioseo_notices":[],"_links":{"self":[{"href":"https:\/\/tampereunited.fi\/juniorit\/wp-json\/wp\/v2\/pages\/3913","targetHints":{"allow":["GET"]}}],"collection":[{"href":"https:\/\/tampereunited.fi\/juniorit\/wp-json\/wp\/v2\/pages"}],"about":[{"href":"https:\/\/tampereunited.fi\/juniorit\/wp-json\/wp\/v2\/types\/page"}],"author":[{"embeddable":true,"href":"https:\/\/tampereunited.fi\/juniorit\/wp-json\/wp\/v2\/users\/11"}],"replies":[{"embeddable":true,"href":"https:\/\/tampereunited.fi\/juniorit\/wp-json\/wp\/v2\/comments?post=3913"}],"version-history":[{"count":11,"href":"https:\/\/tampereunited.fi\/juniorit\/wp-json\/wp\/v2\/pages\/3913\/revisions"}],"predecessor-version":[{"id":5725,"href":"https:\/\/tampereunited.fi\/juniorit\/wp-json\/wp\/v2\/pages\/3913\/revisions\/5725"}],"up":[{"embeddable":true,"href":"https:\/\/tampereunited.fi\/juniorit\/wp-json\/wp\/v2\/pages\/3536"}],"wp:attachment":[{"href":"https:\/\/tampereunited.fi\/juniorit\/wp-json\/wp\/v2\/media?parent=3913"}],"curies":[{"name":"wp","href":"https:\/\/api.w.org\/{rel}","templated":true}]}}