{"id":38,"date":"2017-02-05T21:11:56","date_gmt":"2017-02-05T19:11:56","guid":{"rendered":"https:\/\/tampereunited.fi\/junnut\/?page_id=38"},"modified":"2017-02-20T19:51:51","modified_gmt":"2017-02-20T17:51:51","slug":"vanhemmille","status":"publish","type":"page","link":"https:\/\/tampereunited.fi\/juniorit\/vanhemmille\/","title":{"rendered":"Vanhempien ohjeet"},"content":{"rendered":"<p>Tampere United on kannattajien seura. T\u00e4m\u00e4 tarkoittaa sit\u00e4, ett\u00e4 my\u00f6s ne junioreiden vanhemmat, jotka eiv\u00e4t toimi ohjaajina, lasketaan seuran ja oman juniorinsa joukkueen kannattajiksi. Kannattajien odotetaan k\u00e4ytt\u00e4ytyv\u00e4n asiallisesti kent\u00e4n laidalla ja luovan nimens\u00e4 mukaisesti kannustavan ilmapiirin junioreiden peleille. Kannustaminen ja pelin mukana el\u00e4minen on suositeltavaa.<\/p>\n<p class=\"nosto\">Tampere Unitedissa vanhemmat, jotka eiv\u00e4t toimi ohjaajina, ovat kannattajia<\/p>\n<p>Pelitapahtumissa ohjeiden antaminen kuuluu ohjaajille ja valmentajille. \u00c4l\u00e4 huutele neuvoja, sill\u00e4 lapset ovat yleens\u00e4 tilanteessa niin tohkeissaan, etteiv\u00e4t edes kuule niit\u00e4. Sit\u00e4 paitsi saatat neuvoa juuri p\u00e4invastaisia ohjeita kuin ohjaaja tai valmentaja on antanut. Usealta taholta tulevat ristiriitaiset ohjeet h\u00e4mment\u00e4v\u00e4t turhaan lasta. Anna lasten p\u00e4rj\u00e4t\u00e4 omin voimin.<\/p>\n<p>Me aikuiset olemme esimerkkej\u00e4 lapsille ja nuorille, ja he ottavat meist\u00e4 mallia. Fair Play eli reilu peli tarkoittaa my\u00f6s sit\u00e4, ett\u00e4 me aikuiset el\u00e4mme sit\u00e4 todeksi omalla esimerkill\u00e4mme ollessamme mukana seuran tapahtumissa.<\/p>\n<h3>Vanhemman puolelta reilua peli\u00e4 on<\/h3>\n<ul>\n<li>Kaikkien oman joukkueen j\u00e4senten, vastustajien ja tuomareiden kunnioittaminen<\/li>\n<li>S\u00e4\u00e4nt\u00f6jen noudattaminen ja lopputuloksen hyv\u00e4ksyminen<\/li>\n<li>Hyv\u00e4 k\u00e4yt\u00f6s kent\u00e4ll\u00e4 ja kent\u00e4n ulkopuolella<\/li>\n<li>Kohteliaisuus ja huomaavaisuus<\/li>\n<li>Siisti kielenk\u00e4ytt\u00f6<\/li>\n<\/ul>\n<h3>Toimi n\u00e4in<\/h3>\n<ul>\n<li>Anna ohjaajille ja valmentajille ty\u00f6rauha<\/li>\n<li>N\u00e4yt\u00e4 itse hyv\u00e4\u00e4 esimerkki\u00e4<\/li>\n<li>Puhu positiivisesti, kannusta, kiit\u00e4 ja kehu lasta<\/li>\n<li>Anna lapsen yritt\u00e4\u00e4, oppia ja erehty\u00e4<\/li>\n<li>Hyv\u00e4ksy lapsi tuloksista riippumatta<\/li>\n<li>Noudata yhdess\u00e4 sovittuja pelis\u00e4\u00e4nt\u00f6j\u00e4<\/li>\n<li>Kannusta lapsia monipuoliseen harrastamiseen<\/li>\n<\/ul>\n","protected":false},"excerpt":{"rendered":"<p>Tampere United on kannattajien seura. T\u00e4m\u00e4 tarkoittaa sit\u00e4, ett\u00e4 my\u00f6s ne junioreiden vanhemmat, jotka eiv\u00e4t toimi ohjaajina, lasketaan seuran ja oman juniorinsa joukkueen kannattajiksi. Kannattajien odotetaan k\u00e4ytt\u00e4ytyv\u00e4n asiallisesti kent\u00e4n laidalla ja luovan nimens\u00e4 mukaisesti kannustavan ilmapiirin junioreiden peleille. Kannustaminen ja pelin mukana el\u00e4minen on suositeltavaa. Tampere Unitedissa vanhemmat, jotka eiv\u00e4t toimi ohjaajina, ovat kannattajia Pelitapahtumissa [&hellip;]<\/p>\n","protected":false},"author":6,"featured_media":0,"parent":0,"menu_order":0,"comment_status":"closed","ping_status":"closed","template":"juniorit.php","meta":{"_acf_changed":false,"footnotes":"","_links_to":"","_links_to_target":""},"class_list":["post-38","page","type-page","status-publish","hentry"],"acf":[],"aioseo_notices":[],"_links":{"self":[{"href":"https:\/\/tampereunited.fi\/juniorit\/wp-json\/wp\/v2\/pages\/38","targetHints":{"allow":["GET"]}}],"collection":[{"href":"https:\/\/tampereunited.fi\/juniorit\/wp-json\/wp\/v2\/pages"}],"about":[{"href":"https:\/\/tampereunited.fi\/juniorit\/wp-json\/wp\/v2\/types\/page"}],"author":[{"embeddable":true,"href":"https:\/\/tampereunited.fi\/juniorit\/wp-json\/wp\/v2\/users\/6"}],"replies":[{"embeddable":true,"href":"https:\/\/tampereunited.fi\/juniorit\/wp-json\/wp\/v2\/comments?post=38"}],"version-history":[{"count":8,"href":"https:\/\/tampereunited.fi\/juniorit\/wp-json\/wp\/v2\/pages\/38\/revisions"}],"predecessor-version":[{"id":335,"href":"https:\/\/tampereunited.fi\/juniorit\/wp-json\/wp\/v2\/pages\/38\/revisions\/335"}],"wp:attachment":[{"href":"https:\/\/tampereunited.fi\/juniorit\/wp-json\/wp\/v2\/media?parent=38"}],"curies":[{"name":"wp","href":"https:\/\/api.w.org\/{rel}","templated":true}]}}