{"id":3671,"date":"2023-08-28T13:29:12","date_gmt":"2023-08-28T10:29:12","guid":{"rendered":"https:\/\/tampereunited.fi\/junnusivut22\/?page_id=3671"},"modified":"2024-08-29T12:50:41","modified_gmt":"2024-08-29T09:50:41","slug":"p12","status":"publish","type":"page","link":"https:\/\/tampereunited.fi\/juniorit\/joukkueet\/edustus\/p12\/","title":{"rendered":"P12 (2012)"},"content":{"rendered":"\n<p>Tervetuloa Tampere United P12 Edustusjoukkueen sivulle! <\/p>\n\n\n\n<p>Kaudella 2023-2024 P12-Edustusjoukkue on tarkoitettu 2012-syntyneille pojille. <\/p>\n\n\n\n<p>Joukkueen pelaajam\u00e4\u00e4r\u00e4 on kasvanut huomattavasti kauden aikana ja nyt kauden p\u00e4\u00e4ttyess\u00e4 pelaajia on yli tuplasti l\u00e4ht\u00f6tilanteeseen n\u00e4hden. <\/p>\n\n\n\n<p>Ensi kauden joukkuetta rakennetaan jo kovaa vauhtia. Mik\u00e4li olet kiinnostunut toiminnasta, ole yhteydess\u00e4 joukkueenjohtajaan ja sovi kokeilujaksosta!<\/p>\n\n\n\n<p>Tervetuloa kokeilemaan!<\/p>\n\n\n\n<!--more-->\n\n\n\n<h2 class=\"wp-block-heading\">FAKTAT<\/h2>\n\n\n\n<ul class=\"wp-block-list\">\n<li>Toiminta tavoitteellista, vaatii vahvaa sitoutumista niin juniorilta itselt\u00e4\u00e4n kuin perheelt\u00e4<\/li>\n\n\n\n<li>Tavoitteena pelata ik\u00e4luokan korkeimmilla tasoilla ja kehitt\u00e4\u00e4 pelaajia kohti ik\u00e4luokkansa k\u00e4rke\u00e4<\/li>\n\n\n\n<li>Pelataan l\u00e4ht\u00f6kohtaisesti Palloliiton L\u00e4ntisen alueen korkeimmilla sarjatasoilla<\/li>\n\n\n\n<li>Sopii pelaajille, jotka haluavat harjoitella tavoitteellisesti muiden sitoutuneiden ja motivoituneiden kanssa<\/li>\n\n\n\n<li>Kokenut ja koulutettu valmennusryhm\u00e4 tarjoaa pelaajille hyv\u00e4n ja motivoivan ymp\u00e4rist\u00f6n oppia ja kasvaa jalkapalloilijana kohti ik\u00e4ryhm\u00e4ns\u00e4 k\u00e4rke\u00e4<\/li>\n<\/ul>\n\n\n\n<p><\/p>\n\n\n\n<h2 class=\"wp-block-heading has-large-font-size\">KAUSIMAKSUT JA KUSTANNUSTEN KOOSTUMINEN KAUDELLA 2023-2024<\/h2>\n\n\n\n<p>Koko toimintakausi (lokakuu 2023-syyskuu 2024) 100 \u20ac\/kk. <\/p>\n\n\n\n<ul class=\"wp-block-list\">\n<li>602 \u20ac valmennus (palkat ja matkakorvaukset)<\/li>\n\n\n\n<li>140 \u20ac seurahallinto (taustaty\u00f6t ja toiminnan j\u00e4rjestelyt)<\/li>\n\n\n\n<li>229 \u20ac harjoittelukulut (olosuhteet, v\u00e4lineet)<\/li>\n\n\n\n<li>111 \u20ac kilpailukulut (sarjamaksut, olosuhteet, turnaukset)<\/li>\n\n\n\n<li>35 \u20ac j\u00e4senmaksu<\/li>\n\n\n\n<li>82 \u20ac pelipassi ja vakuutus<\/li>\n<\/ul>\n\n\n\n<p>Lis\u00e4ksi tulee kertahankintana varustepaketti, jonka hinta on noin 250-300 \u20ac riippuen tilattavista varusteista. <br>Varustepaketti sis\u00e4lt\u00e4\u00e4:<br><\/p>\n\n\n\n<ul class=\"wp-block-list\">\n<li>Peliasun<\/li>\n\n\n\n<li>Peliasuun sopivat alusasut<\/li>\n\n\n\n<li>Treenipaidan<\/li>\n\n\n\n<li>L\u00e4mmittelypaidan<\/li>\n\n\n\n<li>Verkkarit<\/li>\n\n\n\n<li>Tuulitakin<\/li>\n\n\n\n<li>Vapaaehtoisina varusteina my\u00f6s reppu ja toppatakki<\/li>\n<\/ul>\n\n\n\n<p>Ensimm\u00e4isen hankinnan j\u00e4lkeen varusteita uusitaan aina tarpeen mukaan. <\/p>\n\n\n\n<p>Valmennuksesta vastaa ty\u00f6suhteessa oleva vastuuvalmentaja.<\/p>\n\n\n\n<h2 class=\"wp-block-heading\">OLETKO KIINNOSTUNUT LIITTYM\u00c4\u00c4N JOUKKUEESEEN?<\/h2>\n\n\n\n<p>Ota yhteytt\u00e4 joukkueenjohtajaan ja sovi tutustumisesta harjoituksiin!<\/p>\n\n\n\n<p><\/p>\n","protected":false},"excerpt":{"rendered":"<p>Tervetuloa Tampere United P12 Edustusjoukkueen sivulle! Kaudella 2023-2024 P12-Edustusjoukkue on tarkoitettu 2012-syntyneille pojille. Joukkueen pelaajam\u00e4\u00e4r\u00e4 on kasvanut huomattavasti kauden aikana ja nyt kauden p\u00e4\u00e4ttyess\u00e4 pelaajia on yli tuplasti l\u00e4ht\u00f6tilanteeseen n\u00e4hden. Ensi kauden joukkuetta rakennetaan jo kovaa vauhtia. Mik\u00e4li olet kiinnostunut toiminnasta, ole yhteydess\u00e4 joukkueenjohtajaan ja sovi kokeilujaksosta! Tervetuloa kokeilemaan!<\/p>\n","protected":false},"author":14,"featured_media":4217,"parent":1391,"menu_order":0,"comment_status":"closed","ping_status":"closed","template":"page-templates\/junnujoukkue.php","meta":{"_acf_changed":false,"footnotes":"","_links_to":"","_links_to_target":""},"class_list":["post-3671","page","type-page","status-publish","has-post-thumbnail","hentry"],"acf":[],"aioseo_notices":[],"_links":{"self":[{"href":"https:\/\/tampereunited.fi\/juniorit\/wp-json\/wp\/v2\/pages\/3671","targetHints":{"allow":["GET"]}}],"collection":[{"href":"https:\/\/tampereunited.fi\/juniorit\/wp-json\/wp\/v2\/pages"}],"about":[{"href":"https:\/\/tampereunited.fi\/juniorit\/wp-json\/wp\/v2\/types\/page"}],"author":[{"embeddable":true,"href":"https:\/\/tampereunited.fi\/juniorit\/wp-json\/wp\/v2\/users\/14"}],"replies":[{"embeddable":true,"href":"https:\/\/tampereunited.fi\/juniorit\/wp-json\/wp\/v2\/comments?post=3671"}],"version-history":[{"count":77,"href":"https:\/\/tampereunited.fi\/juniorit\/wp-json\/wp\/v2\/pages\/3671\/revisions"}],"predecessor-version":[{"id":4770,"href":"https:\/\/tampereunited.fi\/juniorit\/wp-json\/wp\/v2\/pages\/3671\/revisions\/4770"}],"up":[{"embeddable":true,"href":"https:\/\/tampereunited.fi\/juniorit\/wp-json\/wp\/v2\/pages\/1391"}],"wp:featuredmedia":[{"embeddable":true,"href":"https:\/\/tampereunited.fi\/juniorit\/wp-json\/wp\/v2\/media\/4217"}],"wp:attachment":[{"href":"https:\/\/tampereunited.fi\/juniorit\/wp-json\/wp\/v2\/media?parent=3671"}],"curies":[{"name":"wp","href":"https:\/\/api.w.org\/{rel}","templated":true}]}}