{"id":3565,"date":"2022-09-23T16:51:29","date_gmt":"2022-09-23T13:51:29","guid":{"rendered":"https:\/\/tampereunited.fi\/junnusivut22\/?page_id=3565"},"modified":"2024-08-22T13:42:37","modified_gmt":"2024-08-22T10:42:37","slug":"p8-9","status":"publish","type":"page","link":"https:\/\/tampereunited.fi\/juniorit\/joukkueet\/edustus\/p8-9\/","title":{"rendered":"P8-9 (2015-2016)"},"content":{"rendered":"\n<p>Tervetuloa Tampere United P8-9 Edustusjoukkueen sivulle! <\/p>\n\n\n\n<p>Kaudella 2023-2024 P8-9-Edustusjoukkue on tarkoitettu 2015 -ja 2016-syntyneille pojille. <\/p>\n\n\n\n<p><\/p>\n\n\n\n<h2 class=\"wp-block-heading has-large-font-size\">FAKTAT<\/h2>\n\n\n\n<ul class=\"wp-block-list\">\n<li>Toiminta tavoitteellista, vaatii vahvaa sitoutumista niin juniorilta itselt\u00e4\u00e4n kuin perheelt\u00e4<\/li>\n\n\n\n<li>Tavoitteena pelata ik\u00e4luokan korkeimmilla tasoilla ja kehitt\u00e4\u00e4 pelaajia kohti ik\u00e4luokkansa k\u00e4rke\u00e4<\/li>\n\n\n\n<li>Pelataan l\u00e4ht\u00f6kohtaisesti Palloliiton L\u00e4ntisen alueen korkeimmilla sarjatasoilla<\/li>\n\n\n\n<li>Sopii pelaajille, jotka haluavat harjoitella tavoitteellisesti muiden sitoutuneiden ja motivoituneiden kanssa<\/li>\n\n\n\n<li>Kokenut ja koulutettu valmennusryhm\u00e4 tarjoaa pelaajille hyv\u00e4n ja motivoivan ymp\u00e4rist\u00f6n oppia ja kasvaa jalkapalloilijana kohti ik\u00e4ryhm\u00e4ns\u00e4 k\u00e4rke\u00e4<\/li>\n<\/ul>\n\n\n\n<h2 class=\"wp-block-heading\">KAUSIMAKSUT JA KUSTANNUSTEN KOOSTUMINEN KAUDELLA 2023-2024<\/h2>\n\n\n\n<p>Koko toimintakausi (lokakuu 2023-syyskuu 2024) 88 \u20ac\/kk. <\/p>\n\n\n\n<ul class=\"wp-block-list\">\n<li>576 \u20ac valmennus (palkat ja matkakorvaukset)<\/li>\n\n\n\n<li>110 \u20ac seurahallinto (taustaty\u00f6t ja toiminnan j\u00e4rjestelyt)<\/li>\n\n\n\n<li>138 \u20ac harjoittelukulut (olosuhteet, v\u00e4lineet)<\/li>\n\n\n\n<li>167 \u20ac kilpailukulut (sarjamaksut, olosuhteet, turnaukset)<\/li>\n\n\n\n<li>35 \u20ac j\u00e4senmaksu<\/li>\n\n\n\n<li>30 \u20ac pelipassi ja vakuutus<\/li>\n<\/ul>\n\n\n\n<p>Lis\u00e4ksi tulee kertahankintana varustepaketti, jonka hinta on noin 250 \u20ac. <br>Varustepaketti sis\u00e4lt\u00e4\u00e4 <\/p>\n\n\n\n<ul class=\"wp-block-list\">\n<li>Peliasun<\/li>\n\n\n\n<li>Treenipaidan<\/li>\n\n\n\n<li>L\u00e4mmittelypaidan<\/li>\n\n\n\n<li>Verkkarit<\/li>\n\n\n\n<li>Tuulitakin<\/li>\n\n\n\n<li>Vapaaehtoisina varusteina my\u00f6s reppu ja toppatakki<\/li>\n<\/ul>\n\n\n\n<p>Ensimm\u00e4isen hankinnan j\u00e4lkeen varusteita uusitaan aina tarpeen mukaan. <\/p>\n\n\n\n<p>Valmennuksesta vastaa ty\u00f6suhteessa oleva vastuuvalmentaja.<\/p>\n\n\n\n<h2 class=\"wp-block-heading\">OLETKO KIINNOSTUNUT LIITTYM\u00c4\u00c4N JOUKKUEESEEN?<\/h2>\n\n\n\n<p>Ota yhteytt\u00e4 joukkueenjohtajaan ja sovi tutustumisesta harjoituksiin!<\/p>\n","protected":false},"excerpt":{"rendered":"<p>Tervetuloa Tampere United P8-9 Edustusjoukkueen sivulle! Kaudella 2023-2024 P8-9-Edustusjoukkue on tarkoitettu 2015 -ja 2016-syntyneille pojille. FAKTAT KAUSIMAKSUT JA KUSTANNUSTEN KOOSTUMINEN KAUDELLA 2023-2024 Koko toimintakausi (lokakuu 2023-syyskuu 2024) 88 \u20ac\/kk. Lis\u00e4ksi tulee kertahankintana varustepaketti, jonka hinta on noin 250 \u20ac. Varustepaketti sis\u00e4lt\u00e4\u00e4 Ensimm\u00e4isen hankinnan j\u00e4lkeen varusteita uusitaan aina tarpeen mukaan. Valmennuksesta vastaa ty\u00f6suhteessa oleva vastuuvalmentaja. OLETKO [&hellip;]<\/p>\n","protected":false},"author":2,"featured_media":4225,"parent":1391,"menu_order":0,"comment_status":"closed","ping_status":"closed","template":"page-templates\/junnujoukkue.php","meta":{"_acf_changed":false,"footnotes":"","_links_to":"","_links_to_target":""},"class_list":["post-3565","page","type-page","status-publish","has-post-thumbnail","hentry"],"acf":[],"aioseo_notices":[],"_links":{"self":[{"href":"https:\/\/tampereunited.fi\/juniorit\/wp-json\/wp\/v2\/pages\/3565","targetHints":{"allow":["GET"]}}],"collection":[{"href":"https:\/\/tampereunited.fi\/juniorit\/wp-json\/wp\/v2\/pages"}],"about":[{"href":"https:\/\/tampereunited.fi\/juniorit\/wp-json\/wp\/v2\/types\/page"}],"author":[{"embeddable":true,"href":"https:\/\/tampereunited.fi\/juniorit\/wp-json\/wp\/v2\/users\/2"}],"replies":[{"embeddable":true,"href":"https:\/\/tampereunited.fi\/juniorit\/wp-json\/wp\/v2\/comments?post=3565"}],"version-history":[{"count":32,"href":"https:\/\/tampereunited.fi\/juniorit\/wp-json\/wp\/v2\/pages\/3565\/revisions"}],"predecessor-version":[{"id":4760,"href":"https:\/\/tampereunited.fi\/juniorit\/wp-json\/wp\/v2\/pages\/3565\/revisions\/4760"}],"up":[{"embeddable":true,"href":"https:\/\/tampereunited.fi\/juniorit\/wp-json\/wp\/v2\/pages\/1391"}],"wp:featuredmedia":[{"embeddable":true,"href":"https:\/\/tampereunited.fi\/juniorit\/wp-json\/wp\/v2\/media\/4225"}],"wp:attachment":[{"href":"https:\/\/tampereunited.fi\/juniorit\/wp-json\/wp\/v2\/media?parent=3565"}],"curies":[{"name":"wp","href":"https:\/\/api.w.org\/{rel}","templated":true}]}}