{"id":3533,"date":"2022-07-26T17:21:12","date_gmt":"2022-07-26T14:21:12","guid":{"rendered":"http:\/\/localhost\/tamujunnut\/?page_id=5"},"modified":"2026-03-16T10:25:37","modified_gmt":"2026-03-16T08:25:37","slug":"etusivu-2","status":"publish","type":"page","link":"https:\/\/tampereunited.fi\/juniorit\/","title":{"rendered":"Etusivu"},"content":{"rendered":"\n<h1 class=\"wp-block-heading has-text-align-center\">Ajankohtaista<\/h1>\n\n\n\n<div class=\"wp-block-columns is-layout-flex wp-container-core-columns-is-layout-9d6595d7 wp-block-columns-is-layout-flex\">\n<div class=\"wp-block-column is-layout-flow wp-block-column-is-layout-flow\" style=\"flex-basis:33.33%\"><\/div>\n\n\n\n<div class=\"wp-block-column is-vertically-aligned-center is-layout-flow wp-block-column-is-layout-flow\" style=\"flex-basis:66.66%\"><\/div>\n<\/div>\n\n\n\n<div class=\"wp-block-columns is-layout-flex wp-container-core-columns-is-layout-9d6595d7 wp-block-columns-is-layout-flex\">\n<div class=\"wp-block-column is-layout-flow wp-block-column-is-layout-flow\" style=\"flex-basis:33.33%\">\n<figure class=\"wp-block-image size-full\"><img loading=\"lazy\" decoding=\"async\" width=\"896\" height=\"896\" src=\"https:\/\/tampereunited.fi\/juniorit\/wp-content\/uploads\/sites\/4\/2022\/09\/tamu-junnut-herokuva.png\" alt=\"\" class=\"wp-image-3555\" srcset=\"https:\/\/tampereunited.fi\/juniorit\/wp-content\/uploads\/sites\/4\/2022\/09\/tamu-junnut-herokuva.png 896w, https:\/\/tampereunited.fi\/juniorit\/wp-content\/uploads\/sites\/4\/2022\/09\/tamu-junnut-herokuva-300x300.png 300w, https:\/\/tampereunited.fi\/juniorit\/wp-content\/uploads\/sites\/4\/2022\/09\/tamu-junnut-herokuva-150x150.png 150w, https:\/\/tampereunited.fi\/juniorit\/wp-content\/uploads\/sites\/4\/2022\/09\/tamu-junnut-herokuva-768x768.png 768w, https:\/\/tampereunited.fi\/juniorit\/wp-content\/uploads\/sites\/4\/2022\/09\/tamu-junnut-herokuva-640x640.png 640w\" sizes=\"auto, (max-width: 639px) 98vw, (max-width: 1199px) 64vw, 770px\" \/><\/figure>\n<\/div>\n\n\n\n<div class=\"wp-block-column is-vertically-aligned-center is-layout-flow wp-block-column-is-layout-flow\" style=\"flex-basis:66.66%\">\n<h2 class=\"wp-block-heading\">Paras paikka aloittaa kes\u00e4futis &#8211; ilmoittautuminen kes\u00e4n Pallokouluihin ja Lapsi-aikuisryhmiin auki!<\/h2>\n\n\n\n<p>Meill\u00e4 kaikissa ryhmiss\u00e4 palkatut ohjaajat!<\/p>\n\n\n\n<p class=\"has-medium-font-size\"><a href=\"https:\/\/tampereunited.fi\/juniorit\/lapsi-aikuisryhmat-3-4-vuotiaat\/\" title=\"\">Lapsi-aikuisryhm\u00e4t<\/a><\/p>\n\n\n\n<p>Lapsi-aikuisryhm\u00e4t on <strong>tarkoitettu 2023-2022<\/strong> syntyneille (3-4 -vuotiaille) lapsille. <\/p>\n\n\n\n<p class=\"has-medium-font-size\"><a href=\"https:\/\/tampereunited.fi\/juniorit\/pt5-6-pallokoulut\/\" title=\"\">PT5-6<\/a><\/p>\n\n\n\n<p>Pallokoulu on&nbsp;<strong>tarkoitettu 2021-2020<\/strong>&nbsp;syntyneille (5-6 -vuotiaille) lapsille. <\/p>\n\n\n\n<p class=\"has-medium-font-size\"><a href=\"https:\/\/tampereunited.fi\/juniorit\/p7-8-pallokoulut\/\" title=\"\">P7-8<\/a><\/p>\n\n\n\n<p>Pallokoulu on&nbsp;<strong>tarkoitettu 2019-2018<\/strong>&nbsp;syntyneille (7-8 -vuotiaille) pojille. <\/p>\n\n\n\n<p class=\"has-medium-font-size\"><a href=\"https:\/\/tampereunited.fi\/juniorit\/t7-9-pallokoulut\/\" title=\"\">T7-9<\/a><\/p>\n\n\n\n<p>Pallokoulu on&nbsp;<strong>tarkoitettu 2019-2017<\/strong>&nbsp;syntyneille (7-9 -vuotiaille) tyt\u00f6ille. <\/p>\n<\/div>\n<\/div>\n\n\n\n<p><\/p>\n\n\n\n<p><\/p>\n\n\n\n<p><\/p>\n\n\n\n<p><\/p>\n\n\n\n<p><\/p>\n\n\n\n<p><\/p>\n\n\n\n<p><\/p>\n\n\n\n<p><\/p>\n\n\n\n<h2 class=\"wp-block-heading\"><\/h2>\n\n\n\n<p><\/p>\n\n\n\n<p><\/p>\n","protected":false},"excerpt":{"rendered":"<p>Ajankohtaista Paras paikka aloittaa kes\u00e4futis &#8211; ilmoittautuminen kes\u00e4n Pallokouluihin ja Lapsi-aikuisryhmiin auki! Meill\u00e4 kaikissa ryhmiss\u00e4 palkatut ohjaajat! Lapsi-aikuisryhm\u00e4t Lapsi-aikuisryhm\u00e4t on tarkoitettu 2023-2022 syntyneille (3-4 -vuotiaille) lapsille. PT5-6 Pallokoulu on&nbsp;tarkoitettu 2021-2020&nbsp;syntyneille (5-6 -vuotiaille) lapsille. P7-8 Pallokoulu on&nbsp;tarkoitettu 2019-2018&nbsp;syntyneille (7-8 -vuotiaille) pojille. T7-9 Pallokoulu on&nbsp;tarkoitettu 2019-2017&nbsp;syntyneille (7-9 -vuotiaille) tyt\u00f6ille.<\/p>\n","protected":false},"author":2,"featured_media":3994,"parent":0,"menu_order":2,"comment_status":"closed","ping_status":"closed","template":"page-templates\/etusivu.php","meta":{"_acf_changed":false,"footnotes":"","_links_to":"","_links_to_target":""},"class_list":["post-3533","page","type-page","status-publish","has-post-thumbnail","hentry"],"acf":[],"aioseo_notices":[],"_links":{"self":[{"href":"https:\/\/tampereunited.fi\/juniorit\/wp-json\/wp\/v2\/pages\/3533","targetHints":{"allow":["GET"]}}],"collection":[{"href":"https:\/\/tampereunited.fi\/juniorit\/wp-json\/wp\/v2\/pages"}],"about":[{"href":"https:\/\/tampereunited.fi\/juniorit\/wp-json\/wp\/v2\/types\/page"}],"author":[{"embeddable":true,"href":"https:\/\/tampereunited.fi\/juniorit\/wp-json\/wp\/v2\/users\/2"}],"replies":[{"embeddable":true,"href":"https:\/\/tampereunited.fi\/juniorit\/wp-json\/wp\/v2\/comments?post=3533"}],"version-history":[{"count":104,"href":"https:\/\/tampereunited.fi\/juniorit\/wp-json\/wp\/v2\/pages\/3533\/revisions"}],"predecessor-version":[{"id":6739,"href":"https:\/\/tampereunited.fi\/juniorit\/wp-json\/wp\/v2\/pages\/3533\/revisions\/6739"}],"wp:featuredmedia":[{"embeddable":true,"href":"https:\/\/tampereunited.fi\/juniorit\/wp-json\/wp\/v2\/media\/3994"}],"wp:attachment":[{"href":"https:\/\/tampereunited.fi\/juniorit\/wp-json\/wp\/v2\/media?parent=3533"}],"curies":[{"name":"wp","href":"https:\/\/api.w.org\/{rel}","templated":true}]}}