{"id":3379,"date":"2022-09-15T19:34:43","date_gmt":"2022-09-15T16:34:43","guid":{"rendered":"https:\/\/tampereunited.fi\/junnusivut22\/?page_id=3379"},"modified":"2026-03-16T12:13:07","modified_gmt":"2026-03-16T10:13:07","slug":"harrastustuki","status":"publish","type":"page","link":"https:\/\/tampereunited.fi\/juniorit\/harrastustuki\/","title":{"rendered":"Ohjeet harrastustuen hakemiseen"},"content":{"rendered":"\n<figure class=\"wp-block-image size-large\"><img loading=\"lazy\" decoding=\"async\" width=\"1024\" height=\"536\" src=\"https:\/\/tampereunited.fi\/juniorit\/wp-content\/uploads\/sites\/4\/2025\/01\/tamu-harrastustuki-hakuohjeet-1024x536.jpg\" alt=\"\" class=\"wp-image-5132\" srcset=\"https:\/\/tampereunited.fi\/juniorit\/wp-content\/uploads\/sites\/4\/2025\/01\/tamu-harrastustuki-hakuohjeet-1024x536.jpg 1024w, https:\/\/tampereunited.fi\/juniorit\/wp-content\/uploads\/sites\/4\/2025\/01\/tamu-harrastustuki-hakuohjeet-300x157.jpg 300w, https:\/\/tampereunited.fi\/juniorit\/wp-content\/uploads\/sites\/4\/2025\/01\/tamu-harrastustuki-hakuohjeet-768x402.jpg 768w, https:\/\/tampereunited.fi\/juniorit\/wp-content\/uploads\/sites\/4\/2025\/01\/tamu-harrastustuki-hakuohjeet-1536x804.jpg 1536w, https:\/\/tampereunited.fi\/juniorit\/wp-content\/uploads\/sites\/4\/2025\/01\/tamu-harrastustuki-hakuohjeet-640x335.jpg 640w, https:\/\/tampereunited.fi\/juniorit\/wp-content\/uploads\/sites\/4\/2025\/01\/tamu-harrastustuki-hakuohjeet-1200x628.jpg 1200w, https:\/\/tampereunited.fi\/juniorit\/wp-content\/uploads\/sites\/4\/2025\/01\/tamu-harrastustuki-hakuohjeet.jpg 1920w\" sizes=\"auto, (max-width: 639px) 98vw, (max-width: 1199px) 64vw, 770px\" \/><\/figure>\n\n\n\n<p><\/p>\n\n\n\n<p>Tampere Unitedilla on rahasto v\u00e4h\u00e4varaisten tai syrj\u00e4ytymisuhan alla olevien lasten ja nuorten jalkapallo- ja futsalharrastuksen tukemiseksi. Rahaston mahdollistaa Jalkapallo-S\u00e4\u00e4ti\u00f6n tuki sek\u00e4 yritysten ja yksityishenkil\u00f6iden lahjoitukset. Rahaston my\u00f6nt\u00e4misen k\u00e4yt\u00e4nn\u00f6n j\u00e4rjestelyist\u00e4 vastaa Hope ry.<\/p>\n\n\n\n<p>K\u00e4yt\u00e4nn\u00f6ss\u00e4 Tampere Unitedin junioritoimintaan mukaan haluavan tai jo mukana olevan juniorin huoltaja voi hakea Hope ry:lt\u00e4 avustusta, josta Hope tekee p\u00e4\u00e4t\u00f6ksen. Tampere Unitedin avustuksen maksimisumma on 400&nbsp;\u20ac vuodessa per lapsi, ja tukea voi hakea 5\u201317-vuotiaan lapsen harrastukseen. Seuran 45&nbsp;\u20ac:n suuruista j\u00e4senmaksua ei harrastustuella voi kuitenkaan maksaa.<\/p>\n\n\n\n<h2 class=\"wp-block-heading\">Lataa hakemuslomake<\/h2>\n\n\n\n<ul class=\"wp-block-list\">\n<li><a href=\"https:\/\/tampereunited.fi\/juniorit\/wp-content\/uploads\/sites\/4\/2025\/10\/HARRASTUSTUEN-HAKEMINEN-TamU.pdf\" title=\"\">PDF-tiedostona<\/a><\/li>\n\n\n\n<li><a href=\"https:\/\/tampereunited.fi\/juniorit\/wp-content\/uploads\/sites\/4\/2025\/10\/HARRASTUSTUEN-HAKEMINEN-TamU.docx\" title=\"\">Word-tiedostona<\/a><\/li>\n<\/ul>\n\n\n\n<p>L\u00e4het\u00e4 hakemus s\u00e4hk\u00f6postitse osoitteeseen <a href=\"mailto:harrastukset.tampere@hopeyhdistys.fi\">harrastukset.tampere@hopeyhdistys.fi<\/a> joko liitetiedostona tai hakemuksen sis\u00e4lt\u00f6 s\u00e4hk\u00f6postiin kopioituna.<\/p>\n\n\n\n<p>T\u00e4m\u00e4n j\u00e4lkeen asia etenee seuraavasti: Hope ilmoittaa tukip\u00e4\u00e4t\u00f6ksist\u00e4 s\u00e4hk\u00f6postitse suoraan hakijalle, miss\u00e4 voi kest\u00e4\u00e4 ruuhkatilanteesta riippuen 2\u20134 viikkoa. Positiivisen tukip\u00e4\u00e4t\u00f6ksen saaneen harrastajan laskusta v\u00e4hennet\u00e4\u00e4n TamUn toimesta summa, joka tukip\u00e4\u00e4t\u00f6ksess\u00e4 on my\u00f6nnetty. Tukiraha voi riitt\u00e4\u00e4 useaan laskuun. Jos j\u00e4ljell\u00e4 oleva tukisumma on pienempi kuin laskun summa, tulee harrastajan maksaa t\u00e4m\u00e4 erotus. <\/p>\n\n\n\n<p><strong>Hope \u2013 Yhdess\u00e4 &amp; Yhteisesti ry<\/strong> syntyi vuonna 2009 perustajiensa tahdosta synnytt\u00e4\u00e4 konkreettinen hyv\u00e4n kierre ja antaa lapsille tasa-arvoisemmat mahdollisuudet arkeen. Hope on poliittisesti ja uskonnollisesti sitoutumaton j\u00e4rjest\u00f6, ja toimii 20 paikallistoimijan v\u00e4lityksell\u00e4 eri puolilla Suomea. Yksi Hopen toimintamuodoista on tukea lasten ja nuorten harrastuksia tarjoamalla v\u00e4h\u00e4varaisille lapsille mahdollisuuden kokeilla jotain uutta harrastusta tai aloittaa pitk\u00e4kestoisempi harrastaminen. Hope tukee my\u00f6s lasten mahdollisuutta jatkaa jo olemassa olevia harrastuksiaan. Lis\u00e4tietoja: <a href=\"https:\/\/hopeyhdistys.fi\/\">hopeyhdistys.fi<\/a>.<\/p>\n\n\n\n<h2 class=\"wp-block-heading\">Muut tukea my\u00f6nt\u00e4v\u00e4t tahot<\/h2>\n\n\n\n<p>Katso my\u00f6s muut tahot, joilta voi hakea tukea jalkapallon harrastamiseen: <a href=\"https:\/\/tampereunited.fi\/juniorit\/harrastustuki\/muut-tukimuodot\/\" title=\"\">tampereunited.fi\/juniorit\/harrastustuki\/muut-tukimuodot<\/a><\/p>\n\n\n\n<h2 class=\"wp-block-heading\">Tukirahastoa mahdollistamassa<\/h2>\n\n\n\n<p><a href=\"https:\/\/www.palloliitto.fi\/palloliitto\/spl-konserni\/jalkapallo-saatio\" title=\"\">Jalkapallo-S\u00e4\u00e4ti\u00f6lt\u00e4<\/a> on saatu vuosittain huomattava lahjoitus tukirahastoon vuodesta 2023 alkaen. Lis\u00e4ksi tukirahastoon ovat antaneet lahjoituksia lukuisat yritykset, joista logonsa ovat halunneet esiin alla olevat.<\/p>\n\n\n\n<figure class=\"wp-block-image size-full\"><img loading=\"lazy\" decoding=\"async\" width=\"301\" height=\"66\" src=\"https:\/\/tampereunited.fi\/juniorit\/wp-content\/uploads\/sites\/4\/2025\/02\/Aito-saastopankki-logo.png\" alt=\"\" class=\"wp-image-5173\" \/><\/figure>\n\n\n\n<p><\/p>\n\n\n\n<figure class=\"wp-block-image size-full\"><img loading=\"lazy\" decoding=\"async\" width=\"59\" height=\"66\" src=\"https:\/\/tampereunited.fi\/juniorit\/wp-content\/uploads\/sites\/4\/2025\/01\/kesko-logo2-e1738653555767.png\" alt=\"\" class=\"wp-image-5111\" \/><\/figure>\n\n\n\n<p><\/p>\n\n\n\n<figure class=\"wp-block-image size-full\"><img loading=\"lazy\" decoding=\"async\" width=\"280\" height=\"66\" src=\"https:\/\/tampereunited.fi\/juniorit\/wp-content\/uploads\/sites\/4\/2025\/01\/LahiTapiola-Pirkanmaa-logo2-e1738653453989.png\" alt=\"\" class=\"wp-image-5116\" \/><\/figure>\n\n\n\n<p><\/p>\n\n\n\n<figure class=\"wp-block-image size-full\"><img loading=\"lazy\" decoding=\"async\" width=\"277\" height=\"66\" src=\"https:\/\/tampereunited.fi\/juniorit\/wp-content\/uploads\/sites\/4\/2025\/01\/pok-logo2-e1738653484165.png\" alt=\"\" class=\"wp-image-5113\" \/><\/figure>\n\n\n\n<p><\/p>\n\n\n\n<figure class=\"wp-block-image size-full\"><img loading=\"lazy\" decoding=\"async\" width=\"202\" height=\"66\" src=\"https:\/\/tampereunited.fi\/juniorit\/wp-content\/uploads\/sites\/4\/2025\/04\/tampereen-autokuljetus-logo.png\" alt=\"\" class=\"wp-image-5538\" \/><\/figure>\n\n\n\n<h2 class=\"wp-block-heading\">N\u00e4in teet lahjoituksen tukirahastoon<\/h2>\n\n\n\n<p>Kaikki Jalkapalloseura Tampere Unitedin tukirahastoon ker\u00e4tyt varat k\u00e4ytet\u00e4\u00e4n avustuksina v\u00e4h\u00e4varaisista perheist\u00e4 tulevien pelaajien (5\u201317v) jalkapallo\u00ad\u00adharrastuksen tukemiseen. <a href=\"https:\/\/tampereunited.fi\/wp-content\/uploads\/2022\/11\/Jalkapalloseura-Tampere-Unitedin-tukirahaston-saannot.pdf\" title=\"\">Katso rahaston s\u00e4\u00e4nn\u00f6t<\/a>.<\/p>\n\n\n\n<p><strong>Lahjoituksen voi tehd\u00e4 tilisiirtona ker\u00e4ystilille:<br><\/strong>Jalkapalloseura Tampere United ry<br>IBAN: FI21 5730 0820 4323 71<br>BIC: OKOYFIHH<br>Viite: 1122<\/p>\n\n\n\n<p><strong>Rahanker\u00e4yksen j\u00e4rjest\u00e4j\u00e4:<br><\/strong>Jalkapalloseura Tampere United ry<br>Ilmarinkatu 28 LH 2<br>33500 Tampere<\/p>\n\n\n\n<p>S\u00e4hk\u00f6posti: hallitus@tampereunited.fi<br>Puhelin: +358 20 127 7740<\/p>\n\n\n\n<p>Rahanker\u00e4yksen lupanumero: RA\/2022\/1660<\/p>\n","protected":false},"excerpt":{"rendered":"<p>Tampere Unitedilla on rahasto v\u00e4h\u00e4varaisten tai syrj\u00e4ytymisuhan alla olevien lasten ja nuorten jalkapallo- ja futsalharrastuksen tukemiseksi. Rahaston mahdollistaa Jalkapallo-S\u00e4\u00e4ti\u00f6n tuki sek\u00e4 yritysten ja yksityishenkil\u00f6iden lahjoitukset. Rahaston my\u00f6nt\u00e4misen k\u00e4yt\u00e4nn\u00f6n j\u00e4rjestelyist\u00e4 vastaa Hope ry. K\u00e4yt\u00e4nn\u00f6ss\u00e4 Tampere Unitedin junioritoimintaan mukaan haluavan tai jo mukana olevan juniorin huoltaja voi hakea Hope ry:lt\u00e4 avustusta, josta Hope tekee p\u00e4\u00e4t\u00f6ksen. Tampere Unitedin [&hellip;]<\/p>\n","protected":false},"author":3,"featured_media":3392,"parent":0,"menu_order":0,"comment_status":"closed","ping_status":"closed","template":"","meta":{"_acf_changed":false,"footnotes":"","_links_to":"","_links_to_target":""},"class_list":["post-3379","page","type-page","status-publish","has-post-thumbnail","hentry"],"acf":[],"aioseo_notices":[],"_links":{"self":[{"href":"https:\/\/tampereunited.fi\/juniorit\/wp-json\/wp\/v2\/pages\/3379","targetHints":{"allow":["GET"]}}],"collection":[{"href":"https:\/\/tampereunited.fi\/juniorit\/wp-json\/wp\/v2\/pages"}],"about":[{"href":"https:\/\/tampereunited.fi\/juniorit\/wp-json\/wp\/v2\/types\/page"}],"author":[{"embeddable":true,"href":"https:\/\/tampereunited.fi\/juniorit\/wp-json\/wp\/v2\/users\/3"}],"replies":[{"embeddable":true,"href":"https:\/\/tampereunited.fi\/juniorit\/wp-json\/wp\/v2\/comments?post=3379"}],"version-history":[{"count":49,"href":"https:\/\/tampereunited.fi\/juniorit\/wp-json\/wp\/v2\/pages\/3379\/revisions"}],"predecessor-version":[{"id":6744,"href":"https:\/\/tampereunited.fi\/juniorit\/wp-json\/wp\/v2\/pages\/3379\/revisions\/6744"}],"wp:featuredmedia":[{"embeddable":true,"href":"https:\/\/tampereunited.fi\/juniorit\/wp-json\/wp\/v2\/media\/3392"}],"wp:attachment":[{"href":"https:\/\/tampereunited.fi\/juniorit\/wp-json\/wp\/v2\/media?parent=3379"}],"curies":[{"name":"wp","href":"https:\/\/api.w.org\/{rel}","templated":true}]}}