{"id":3258,"date":"2022-02-22T11:47:57","date_gmt":"2022-02-22T09:47:57","guid":{"rendered":"https:\/\/tampereunited.fi\/junnusivut22\/?page_id=3258"},"modified":"2025-09-21T17:38:17","modified_gmt":"2025-09-21T14:38:17","slug":"ilmoittaudu","status":"publish","type":"page","link":"https:\/\/tampereunited.fi\/juniorit\/ilmoittaudu\/","title":{"rendered":"Ilmoittaudu TamU-junioreihin"},"content":{"rendered":"\n<figure class=\"wp-block-image size-large\"><img loading=\"lazy\" decoding=\"async\" width=\"1024\" height=\"536\" src=\"https:\/\/tampereunited.fi\/juniorit\/wp-content\/uploads\/sites\/4\/2023\/10\/tule-tamu-junioreihin-1-1024x536.jpg\" alt=\"\" class=\"wp-image-3996\" srcset=\"https:\/\/tampereunited.fi\/juniorit\/wp-content\/uploads\/sites\/4\/2023\/10\/tule-tamu-junioreihin-1-1024x536.jpg 1024w, https:\/\/tampereunited.fi\/juniorit\/wp-content\/uploads\/sites\/4\/2023\/10\/tule-tamu-junioreihin-1-300x157.jpg 300w, https:\/\/tampereunited.fi\/juniorit\/wp-content\/uploads\/sites\/4\/2023\/10\/tule-tamu-junioreihin-1-768x402.jpg 768w, https:\/\/tampereunited.fi\/juniorit\/wp-content\/uploads\/sites\/4\/2023\/10\/tule-tamu-junioreihin-1-1536x804.jpg 1536w, https:\/\/tampereunited.fi\/juniorit\/wp-content\/uploads\/sites\/4\/2023\/10\/tule-tamu-junioreihin-1-640x335.jpg 640w, https:\/\/tampereunited.fi\/juniorit\/wp-content\/uploads\/sites\/4\/2023\/10\/tule-tamu-junioreihin-1-1200x628.jpg 1200w, https:\/\/tampereunited.fi\/juniorit\/wp-content\/uploads\/sites\/4\/2023\/10\/tule-tamu-junioreihin-1.jpg 1920w\" sizes=\"auto, (max-width: 639px) 98vw, (max-width: 1199px) 64vw, 770px\" \/><\/figure>\n\n\n\n<p><\/p>\n\n\n\n<p class=\"has-text-align-center\">T\u00e4ll\u00e4 sivulla p\u00e4\u00e4set ilmoittautumaan Tampere Unitedin junioritoimintaan. Harrastejoukkueisiin on mahdollista liitty\u00e4 mukaan ymp\u00e4ri vuoden, mik\u00e4li ryhmiss\u00e4 ja joukkueissa on tilaa. Kausimaksu katsotaan tapauskohtaisesti kesken kauden ilmoittauduttaessa. <a href=\"https:\/\/tampereunited.fi\/juniorit\/joukkueet\/harraste\/\" title=\"\">T\u00e4st\u00e4 voit katsoa lis\u00e4tietoja kaikista alla mainituista joukkueista<\/a>.<\/p>\n\n\n\n<h2 class=\"wp-block-heading has-text-align-center\">PT3-4 (2023-2022) Lapsi-aikuisryhm\u00e4t<\/h2>\n\n\n\n<p><\/p>\n\n\n\n<div class=\"wp-block-buttons is-content-justification-center is-layout-flex wp-container-core-buttons-is-layout-16018d1d wp-block-buttons-is-layout-flex\">\n<div class=\"wp-block-button\"><a class=\"wp-block-button__link has-text-align-center wp-element-button\" href=\"https:\/\/tampereunited.fi\/juniorit\/lapsi-aikuisryhmat-3-4-vuotiaat\/\">Ilmoittaudu lapsi-aikuisryhmiin<\/a><\/div>\n<\/div>\n\n\n\n<h2 class=\"wp-block-heading has-text-align-center\">PT5-7 (2021-2019) Pallokoulut<\/h2>\n\n\n\n<p><\/p>\n\n\n\n<div class=\"wp-block-buttons is-content-justification-center is-layout-flex wp-container-core-buttons-is-layout-16018d1d wp-block-buttons-is-layout-flex\">\n<div class=\"wp-block-button\"><a class=\"wp-block-button__link wp-element-button\" href=\"https:\/\/tampereunited.fi\/juniorit\/u5-7-pallokoulut\/\">Ilmoittaudu pallokouluun<\/a><\/div>\n<\/div>\n\n\n\n<p><\/p>\n\n\n\n<h2 class=\"wp-block-heading has-text-align-center\">Harrastejoukkueet (Sininen)<a href=\"https:\/\/docs.google.com\/forms\/d\/e\/1FAIpQLSds3zfIij1f4_XTjEpLWOBbmGR1wCBUJiORcxoNpARwFPyt-w\/viewform?usp=sf_link\" title=\"\"> <\/a><\/h2>\n\n\n\n<p><\/p>\n\n\n\n<div class=\"wp-block-buttons is-content-justification-center is-layout-flex wp-container-core-buttons-is-layout-16018d1d wp-block-buttons-is-layout-flex\">\n<div class=\"wp-block-button\"><a class=\"wp-block-button__link has-text-align-center wp-element-button\" href=\"https:\/\/tampereunited.myclub.fi\/flow\/courses\/9451424\"> P8-9 Sininen<\/a><\/div>\n\n\n\n<div class=\"wp-block-button\"><a class=\"wp-block-button__link wp-element-button\" href=\"https:\/\/tampereunited.myclub.fi\/flow\/courses\/9594309\">P10-11 Sininen<\/a><\/div>\n\n\n\n<div class=\"wp-block-button\"><a class=\"wp-block-button__link wp-element-button\" href=\"https:\/\/tampereunited.myclub.fi\/flow\/courses\/9616081\">P12-14 Sininen<\/a><\/div>\n\n\n\n<div class=\"wp-block-button\"><a class=\"wp-block-button__link wp-element-button\" href=\"https:\/\/tampereunited.myclub.fi\/flow\/courses\/9616135\">P15-16 Sininen<\/a><\/div>\n<\/div>\n\n\n\n<h2 class=\"wp-block-heading has-text-align-center\">Edustusjoukkueet<\/h2>\n\n\n\n<p class=\"has-text-align-center\">Junioriedustusjoukkueisiin liittyminen tapahtuu avointen harjoitusten ja\/tai tutustumiskertojen j\u00e4lkeen. Vastuuhenkil\u00f6iden yhteystiedot l\u00f6ytyv\u00e4t joukkueiden omilta sivuilta, ja heid\u00e4n kanssaan voitte sopia tutustumisk\u00e4ynnist\u00e4 harjoituksiin! <a href=\"https:\/\/tampereunited.fi\/juniorit\/joukkueet\/edustus\/\" title=\"\">Joukkueiden sivuille l\u00f6yd\u00e4t t\u00e4st\u00e4<\/a>.<\/p>\n","protected":false},"excerpt":{"rendered":"<p>T\u00e4ll\u00e4 sivulla p\u00e4\u00e4set ilmoittautumaan Tampere Unitedin junioritoimintaan. Harrastejoukkueisiin on mahdollista liitty\u00e4 mukaan ymp\u00e4ri vuoden, mik\u00e4li ryhmiss\u00e4 ja joukkueissa on tilaa. Kausimaksu katsotaan tapauskohtaisesti kesken kauden ilmoittauduttaessa. T\u00e4st\u00e4 voit katsoa lis\u00e4tietoja kaikista alla mainituista joukkueista. PT3-4 (2023-2022) Lapsi-aikuisryhm\u00e4t PT5-7 (2021-2019) Pallokoulut Harrastejoukkueet (Sininen) Edustusjoukkueet Junioriedustusjoukkueisiin liittyminen tapahtuu avointen harjoitusten ja\/tai tutustumiskertojen j\u00e4lkeen. Vastuuhenkil\u00f6iden yhteystiedot l\u00f6ytyv\u00e4t joukkueiden [&hellip;]<\/p>\n","protected":false},"author":2,"featured_media":3994,"parent":0,"menu_order":0,"comment_status":"closed","ping_status":"closed","template":"","meta":{"_acf_changed":false,"footnotes":"","_links_to":"","_links_to_target":""},"class_list":["post-3258","page","type-page","status-publish","has-post-thumbnail","hentry"],"acf":[],"aioseo_notices":[],"_links":{"self":[{"href":"https:\/\/tampereunited.fi\/juniorit\/wp-json\/wp\/v2\/pages\/3258","targetHints":{"allow":["GET"]}}],"collection":[{"href":"https:\/\/tampereunited.fi\/juniorit\/wp-json\/wp\/v2\/pages"}],"about":[{"href":"https:\/\/tampereunited.fi\/juniorit\/wp-json\/wp\/v2\/types\/page"}],"author":[{"embeddable":true,"href":"https:\/\/tampereunited.fi\/juniorit\/wp-json\/wp\/v2\/users\/2"}],"replies":[{"embeddable":true,"href":"https:\/\/tampereunited.fi\/juniorit\/wp-json\/wp\/v2\/comments?post=3258"}],"version-history":[{"count":38,"href":"https:\/\/tampereunited.fi\/juniorit\/wp-json\/wp\/v2\/pages\/3258\/revisions"}],"predecessor-version":[{"id":5942,"href":"https:\/\/tampereunited.fi\/juniorit\/wp-json\/wp\/v2\/pages\/3258\/revisions\/5942"}],"wp:featuredmedia":[{"embeddable":true,"href":"https:\/\/tampereunited.fi\/juniorit\/wp-json\/wp\/v2\/media\/3994"}],"wp:attachment":[{"href":"https:\/\/tampereunited.fi\/juniorit\/wp-json\/wp\/v2\/media?parent=3258"}],"curies":[{"name":"wp","href":"https:\/\/api.w.org\/{rel}","templated":true}]}}