{"id":27,"date":"2017-02-05T20:29:26","date_gmt":"2017-02-05T18:29:26","guid":{"rendered":"https:\/\/tampereunited.fi\/junnut\/?page_id=27"},"modified":"2017-02-19T11:38:09","modified_gmt":"2017-02-19T09:38:09","slug":"pelisaannot","status":"publish","type":"page","link":"https:\/\/tampereunited.fi\/juniorit\/saannot\/pelisaannot\/","title":{"rendered":"Pelis\u00e4\u00e4nn\u00f6t"},"content":{"rendered":"<table>\n<tbody>\n<tr>\n<th>JUNIORIT<\/th>\n<th>PELIAIKA (min)<\/th>\n<th>KENTT\u00c4<\/th>\n<th>MAALIT<\/th>\n<th>PALLO<\/th>\n<th>PELAAJIA (kpl)<\/th>\n<th>PELAAJIA V\u00c4H (kpl)<\/th>\n<th>RANG POTKU (m)<\/th>\n<\/tr>\n<tr>\n<td>G6 jun<\/td>\n<td>2&#215;20<\/td>\n<td>mini<\/td>\n<td>mini<\/td>\n<td>3<\/td>\n<td>4<\/td>\n<td>5<\/td>\n<td>5,0<\/td>\n<\/tr>\n<tr>\n<td>G7 jun<\/td>\n<td>2&#215;25<\/td>\n<td>mini<\/td>\n<td>mini<\/td>\n<td>3<\/td>\n<td>5<\/td>\n<td>5<\/td>\n<td>5,0<\/td>\n<\/tr>\n<tr>\n<td>F8 pojat<\/td>\n<td>2&#215;25<\/td>\n<td>mini<\/td>\n<td>mini<\/td>\n<td>3<\/td>\n<td>5<\/td>\n<td>5<\/td>\n<td>5,0<\/td>\n<\/tr>\n<tr>\n<td>F8 tyt\u00f6t<\/td>\n<td>2&#215;20<\/td>\n<td>mini<\/td>\n<td>mini<\/td>\n<td>3<\/td>\n<td>5<\/td>\n<td>5<\/td>\n<td>5,0<\/td>\n<\/tr>\n<tr>\n<td>F9 pojat<\/td>\n<td>2&#215;25<\/td>\n<td>nappula<\/td>\n<td>nappula<\/td>\n<td>3<\/td>\n<td>5<\/td>\n<td>5<\/td>\n<td>7,5<\/td>\n<\/tr>\n<tr>\n<td>F9 tyt\u00f6t<\/td>\n<td>2&#215;20<\/td>\n<td>mini<\/td>\n<td>mini<\/td>\n<td>3<\/td>\n<td>5<\/td>\n<td>5<\/td>\n<td>5,0<\/td>\n<\/tr>\n<tr>\n<td>E10 pojat<\/td>\n<td>2&#215;30<\/td>\n<td>nappula<\/td>\n<td>nappula<\/td>\n<td>4<\/td>\n<td>8<\/td>\n<td>5<\/td>\n<td>7,5<\/td>\n<\/tr>\n<tr>\n<td>E10 tyt\u00f6t<\/td>\n<td>2&#215;30<\/td>\n<td>nappula<\/td>\n<td>nappula<\/td>\n<td>4<\/td>\n<td>8<\/td>\n<td>5<\/td>\n<td>7,5<\/td>\n<\/tr>\n<tr>\n<td>E11 pojat<\/td>\n<td>2&#215;30<\/td>\n<td>nappula<\/td>\n<td>nappula<\/td>\n<td>4<\/td>\n<td>8<\/td>\n<td>5<\/td>\n<td>7,5<\/td>\n<\/tr>\n<tr>\n<td>E11 tyt\u00f6t<\/td>\n<td>2&#215;30<\/td>\n<td>nappula<\/td>\n<td>nappula<\/td>\n<td>4<\/td>\n<td>8<\/td>\n<td>5<\/td>\n<td>7,5<\/td>\n<\/tr>\n<tr>\n<td>D-jun<\/td>\n<td>2&#215;35<\/td>\n<td>nappula<\/td>\n<td>nappula<\/td>\n<td>4<\/td>\n<td>8<\/td>\n<td>5<\/td>\n<td>7,5<\/td>\n<\/tr>\n<\/tbody>\n<\/table>\n","protected":false},"excerpt":{"rendered":"<p>JUNIORIT PELIAIKA (min) KENTT\u00c4 MAALIT PALLO PELAAJIA (kpl) PELAAJIA V\u00c4H (kpl) RANG POTKU (m) G6 jun 2&#215;20 mini mini 3 4 5 5,0 G7 jun 2&#215;25 mini mini 3 5 5 5,0 F8 pojat 2&#215;25 mini mini 3 5 5 5,0 F8 tyt\u00f6t 2&#215;20 mini mini 3 5 5 5,0 F9 pojat 2&#215;25 nappula nappula [&hellip;]<\/p>\n","protected":false},"author":6,"featured_media":0,"parent":16,"menu_order":0,"comment_status":"closed","ping_status":"closed","template":"juniorit.php","meta":{"_acf_changed":false,"footnotes":"","_links_to":"","_links_to_target":""},"class_list":["post-27","page","type-page","status-publish","hentry"],"acf":[],"aioseo_notices":[],"_links":{"self":[{"href":"https:\/\/tampereunited.fi\/juniorit\/wp-json\/wp\/v2\/pages\/27","targetHints":{"allow":["GET"]}}],"collection":[{"href":"https:\/\/tampereunited.fi\/juniorit\/wp-json\/wp\/v2\/pages"}],"about":[{"href":"https:\/\/tampereunited.fi\/juniorit\/wp-json\/wp\/v2\/types\/page"}],"author":[{"embeddable":true,"href":"https:\/\/tampereunited.fi\/juniorit\/wp-json\/wp\/v2\/users\/6"}],"replies":[{"embeddable":true,"href":"https:\/\/tampereunited.fi\/juniorit\/wp-json\/wp\/v2\/comments?post=27"}],"version-history":[{"count":5,"href":"https:\/\/tampereunited.fi\/juniorit\/wp-json\/wp\/v2\/pages\/27\/revisions"}],"predecessor-version":[{"id":292,"href":"https:\/\/tampereunited.fi\/juniorit\/wp-json\/wp\/v2\/pages\/27\/revisions\/292"}],"up":[{"embeddable":true,"href":"https:\/\/tampereunited.fi\/juniorit\/wp-json\/wp\/v2\/pages\/16"}],"wp:attachment":[{"href":"https:\/\/tampereunited.fi\/juniorit\/wp-json\/wp\/v2\/media?parent=27"}],"curies":[{"name":"wp","href":"https:\/\/api.w.org\/{rel}","templated":true}]}}