{"id":25,"date":"2017-02-05T20:09:16","date_gmt":"2017-02-05T18:09:16","guid":{"rendered":"https:\/\/tampereunited.fi\/junnut\/?page_id=25"},"modified":"2017-02-19T15:16:19","modified_gmt":"2017-02-19T13:16:19","slug":"jalkapallosaannot","status":"publish","type":"page","link":"https:\/\/tampereunited.fi\/juniorit\/saannot\/jalkapallosaannot\/","title":{"rendered":"Jalkapallos\u00e4\u00e4nn\u00f6t"},"content":{"rendered":"<p>T\u00e4ss\u00e4 on tiivistetty jalkapallos\u00e4\u00e4nt\u00f6jen p\u00e4\u00e4kohdat:<\/p>\n<ol>\n<li>Alkupotku suoritetaan kent\u00e4n keskipisteest\u00e4 molempien puoliaikojen alussa ja hyv\u00e4ksytyn maalin j\u00e4lkeen. Ottelu alkaa, kun pelaaja potkaisee keskipisteess\u00e4 liikkumatta olevan pallon vastustajan kentt\u00e4puolelle. Pelaajien pit\u00e4\u00e4 olla aloituksessa omalla kentt\u00e4puoliskollaan.<\/li>\n<li>Maalipotku suoritetaan maalialueen sis\u00e4puolelta sen j\u00e4lkeen kun hy\u00f6kk\u00e4\u00e4v\u00e4n joukkueen pelaaja on pelannut pallon p\u00e4\u00e4tyrajan tai maalin yli. Palloa ei saa pelata ennen kuin pallo on ylitt\u00e4nyt rangaistusalueen rajan. T\u00e4t\u00e4 ennen kukaan vastustaja ei saa menn\u00e4 rangaistusalueen sis\u00e4puolelle.<\/li>\n<li>Kulmapotku suoritetaan, kun puolustavan joukkueen pelaaja on pelannut pallon oman p\u00e4\u00e4tyrajan yli. Maalin saa tehd\u00e4 suoraan kulmapotkusta vain normaalikent\u00e4ll\u00e4.<\/li>\n<li>Rajaheitto kun pallo ylitt\u00e4\u00e4 sivurajan, saa se joukkue joka ei pelannut palloa viimeksi, rajaheiton. Rajaheitto heitet\u00e4\u00e4n pallon ylimenopaikasta molemmin k\u00e4sin, paikaltaan p\u00e4\u00e4n yli. Heitt\u00e4j\u00e4n on oltava kent\u00e4n ulkopuolella.<\/li>\n<li>Erotuomaripalloa k\u00e4ytet\u00e4\u00e4n, kun peli on katkaistu tilap\u00e4isesti jostakin syyst\u00e4, jota ei ole s\u00e4\u00e4nn\u00f6iss\u00e4 mainittu. Esim. joku on loukkaantunut ja peli on vihelletty poikki.<\/li>\n<li>Paitsio: pelaaja on paitsioasemassa, jos h\u00e4n on vastustajan kentt\u00e4puolella ja pelaajan ja vastustajan p\u00e4\u00e4tyrajan v\u00e4liss\u00e4 on v\u00e4hemm\u00e4n kuin kaksi vastajoukkueen pelaajaa, joista maalivahti voi olla toinen. Paitsio ei ole voimassa rajaheiton, kulmapotkun ja maalipotkun aikana.<\/li>\n<li>Suora vapaapotku tuomitaan kun pelaaja potkaisee tai yritt\u00e4\u00e4 potkaista, kamppaa, hypp\u00e4\u00e4 p\u00e4\u00e4lle, taklaa v\u00e4kivaltaisesti, ly\u00f6 tai yritt\u00e4\u00e4 ly\u00f6d\u00e4, sylkee tai pit\u00e4\u00e4 kiinni tai ty\u00f6nt\u00e4\u00e4 vastustajaa. Lis\u00e4ksi, jos palloa pelataan tarkoituksella k\u00e4dell\u00e4, tuomitaan suora vapaapotku. Jos edell\u00e4 mainittu rike tapahtuu rangaistusalueella, tuomitaan rangaistuspotku.<\/li>\n<li>Ep\u00e4suora vapaapotku tuomitaan kun pelaaja pelaa vaarallisella tavalla, taklaa vaikka pallo ei ole peliet\u00e4isyydell\u00e4, est\u00e4\u00e4 vastapelaajaa pyrkim\u00e4tt\u00e4 edes pelaamaan palloa. Voidaan antaa my\u00f6s sopimattomasta k\u00e4yt\u00f6ksest\u00e4, esimerkiksi erotuomarin arvostelusta. Kaikki vapaapotkut suoritetaan rikkomuspaikasta.<\/li>\n<li>Rangaistuspotku suoritetaan &#8217;pilkulta&#8217; mik\u00e4 on junioripeleiss\u00e4 7,5 m p\u00e4\u00e4ss\u00e4 kohtisuoraan maalirajan keskipisteest\u00e4 rangaistusalueella. Potkua suoritettaessa on muiden pelaajien oltava rangaistusalueen ulkopuolella. (Kent\u00e4ll\u00e4 oleva kaari rangaistusalueen edess\u00e4). Pelaajat eiv\u00e4t saa liikkua palloon, ennen kuin potku on suoritettu.<\/li>\n<\/ol>\n","protected":false},"excerpt":{"rendered":"<p>T\u00e4ss\u00e4 on tiivistetty jalkapallos\u00e4\u00e4nt\u00f6jen p\u00e4\u00e4kohdat: Alkupotku suoritetaan kent\u00e4n keskipisteest\u00e4 molempien puoliaikojen alussa ja hyv\u00e4ksytyn maalin j\u00e4lkeen. Ottelu alkaa, kun pelaaja potkaisee keskipisteess\u00e4 liikkumatta olevan pallon vastustajan kentt\u00e4puolelle. Pelaajien pit\u00e4\u00e4 olla aloituksessa omalla kentt\u00e4puoliskollaan. Maalipotku suoritetaan maalialueen sis\u00e4puolelta sen j\u00e4lkeen kun hy\u00f6kk\u00e4\u00e4v\u00e4n joukkueen pelaaja on pelannut pallon p\u00e4\u00e4tyrajan tai maalin yli. Palloa ei saa pelata ennen [&hellip;]<\/p>\n","protected":false},"author":6,"featured_media":0,"parent":16,"menu_order":2,"comment_status":"closed","ping_status":"closed","template":"juniorit.php","meta":{"_acf_changed":false,"footnotes":"","_links_to":"","_links_to_target":""},"class_list":["post-25","page","type-page","status-publish","hentry"],"acf":[],"aioseo_notices":[],"_links":{"self":[{"href":"https:\/\/tampereunited.fi\/juniorit\/wp-json\/wp\/v2\/pages\/25","targetHints":{"allow":["GET"]}}],"collection":[{"href":"https:\/\/tampereunited.fi\/juniorit\/wp-json\/wp\/v2\/pages"}],"about":[{"href":"https:\/\/tampereunited.fi\/juniorit\/wp-json\/wp\/v2\/types\/page"}],"author":[{"embeddable":true,"href":"https:\/\/tampereunited.fi\/juniorit\/wp-json\/wp\/v2\/users\/6"}],"replies":[{"embeddable":true,"href":"https:\/\/tampereunited.fi\/juniorit\/wp-json\/wp\/v2\/comments?post=25"}],"version-history":[{"count":5,"href":"https:\/\/tampereunited.fi\/juniorit\/wp-json\/wp\/v2\/pages\/25\/revisions"}],"predecessor-version":[{"id":341,"href":"https:\/\/tampereunited.fi\/juniorit\/wp-json\/wp\/v2\/pages\/25\/revisions\/341"}],"up":[{"embeddable":true,"href":"https:\/\/tampereunited.fi\/juniorit\/wp-json\/wp\/v2\/pages\/16"}],"wp:attachment":[{"href":"https:\/\/tampereunited.fi\/juniorit\/wp-json\/wp\/v2\/media?parent=25"}],"curies":[{"name":"wp","href":"https:\/\/api.w.org\/{rel}","templated":true}]}}