{"id":23,"date":"2017-02-05T20:08:00","date_gmt":"2017-02-05T18:08:00","guid":{"rendered":"https:\/\/tampereunited.fi\/junnut\/?page_id=23"},"modified":"2017-02-20T19:17:54","modified_gmt":"2017-02-20T17:17:54","slug":"kilpailusaannot","status":"publish","type":"page","link":"https:\/\/tampereunited.fi\/juniorit\/saannot\/kilpailusaannot\/","title":{"rendered":"Kilpailus\u00e4\u00e4nn\u00f6t"},"content":{"rendered":"<p>Futisklubin sarjoissa ja turnauksissa noudatetaan Suomen Palloliiton s\u00e4\u00e4nt\u00f6j\u00e4 seuraavin poikkeuksin ja lis\u00e4yksin.<\/p>\n<ol>\n<li>Joukkueen ohjaajat ja pelaajat sek\u00e4 ohjaajat ja vanhemmat laativat kauden alussa yhteiset pelis\u00e4\u00e4nn\u00f6t, joista selvi\u00e4\u00e4 kuinka joukkueessa toimitaan kauden aikana harjoituksissa, peleiss\u00e4 ja joukkueen mahdollisissa muissa tapahtumissa. Kaikkien ohjaajien on sitouduttava noudattamaan Palloliiton Kaikki Pelaa -s\u00e4\u00e4nt\u00f6j\u00e4.<\/li>\n<li>Jos kaupunginosaan perustetaan useampi saman ik\u00e4luokan joukkue, on joukkueet muodostettava mahdollisimman tasavahvoiksi. Mik\u00e4li perustetut rinnakkaisjoukkueet yhdistyv\u00e4t kauden aikana, on lupa haettava kilpailujurylta. Muunlaiseen toimintaan on lupa haettava kilpailujurylt\u00e4.<\/li>\n<li>Jos pelaaja on edustanut kauden aikana jotakin toista kaupunginosajoukkuetta, ei h\u00e4n saa pelata muussa joukkueessa ilman kilpailujuryn lupaa.<\/li>\n<li>Yli-ik\u00e4iselle pelaajalle tulee anoa pelilupa kilpailujurylta. Hakemuksesta tulee ilmet\u00e4 pelaajan nimi, syntym\u00e4aika ja perustelut yli-ik\u00e4isen\u00e4 pelaamiseen.<\/li>\n<li>Pelatessaan sekajoukkueessa tytt\u00f6 saa olla yhden (1) vuoden vanhempi kuin ko. joukkueen pojat.<\/li>\n<li>Piirinsarjajoukkueiden\u00a0pelaajat eiv\u00e4t saa pelata Futisklubin otteluissa. Harjoituksiin osallistuminen on kuitenkin sallittua. S\u00e4\u00e4nt\u00f6 koskee my\u00f6s muiden seurojen piirinsarjoihin osallistuvien joukkueiden pelaajia. Muunlaiseen toimintaan on haettava lupa kilpailujurylt\u00e4.<\/li>\n<li>Joukkueen ohjaajan on laadittava pelaajista virallinen pelaajaluettelo, josta ilmenee v\u00e4hint\u00e4\u00e4n joukkueen kaupunginosan nimi, pelaajien nimet, henkil\u00f6tunnukset, puhelinnumerot, osoitteet, lisenssin maksup\u00e4iv\u00e4 sek\u00e4 taustahenkil\u00f6iden nimet sek\u00e4 puhelinnumerot. Joukkueluettelo on toimitettava viimeist\u00e4\u00e4n ensimm\u00e4isess\u00e4 Futisklubin turnauksessa. Pelaajaluettelo toimitetaan turnauskansliaan ennen ensimm\u00e4isen ottelun alkua. Joukkueluettelo on pidett\u00e4v\u00e4 ajan tasalla koko kauden ja muutokset ilmoitettava v\u00e4litt\u00f6m\u00e4sti TamU:n kilpailup\u00e4\u00e4llik\u00f6lle.<\/li>\n<li>Jokaisen Futisklubissa pelaavan juniorin on maksettava kausimaksu. Mik\u00e4li joukkueessa pelaa pelaaja, joka ei ole maksanut kausimaksua, on ohjaaja velvollinen korvaamaan Tampere Unitedille kyseisen pelaajan kausimaksun.<\/li>\n<li>Pelaajien ik\u00e4rajat, lukum\u00e4\u00e4r\u00e4 joukkueessa, peliaika, kent\u00e4n ja pallon koko on m\u00e4\u00e4ritelty Futisklubin pelis\u00e4\u00e4nt\u00f6jen yhteydess\u00e4 olevassa taulukossa. Mik\u00e4li toisella joukkueella on pelaajia alle enimm\u00e4ism\u00e4\u00e4r\u00e4n, suositellaan pelaamaan tasajoukkuein. E11 ja sit\u00e4 nuoremmissa ik\u00e4luokissa joukkue saa ottaa kent\u00e4lle yhden lis\u00e4pelaajan, kun vastustaja johtaa v\u00e4hint\u00e4\u00e4n viidell\u00e4 (5) maalilla. Etu menetet\u00e4\u00e4n eron v\u00e4hentyess\u00e4 kahteen (2) maaliin.<\/li>\n<li>Futisklubin otteluissa kotijoukkue pit\u00e4\u00e4 ottelup\u00f6yt\u00e4kirjaa. Kotijoukkueen ohjaaja ilmoittaa ottelutuloksen toimistolle. Tulokset ilmoitetaan <strong><a href=\"http:\/\/www.tpv.fi\/futisklubi\/tulosilmoitus\/index.php\">tulosilmoituslomakkeella<\/a>.<\/strong><\/li>\n<li>Mahdollisista ottelusiirroista on sovittava vastustajan kanssa v\u00e4hint\u00e4\u00e4n 3 p\u00e4iv\u00e4\u00e4 ennen otteluaikaa. Siirroista tulee ilmoittaa my\u00f6s kilpailup\u00e4\u00e4llik\u00f6lle.<\/li>\n<li>Sarjasta suljetaan kahden (2) luovutuksen j\u00e4lkeen. Jos joukkue ei ilmesty peliin, on ohjaaja velvollinen selvitt\u00e4m\u00e4\u00e4n poissaolon syyn kilpailup\u00e4\u00e4llik\u00f6lle.<\/li>\n<li>Pelinohjaajan (tuomarin) ja pelipallon otteluun hoitaa kotijoukkue sek\u00e4 sarjoissa ett\u00e4 turnauksissa. Pelinohjaajalla ei tarvitse olla erotuomarikorttia, mutta h\u00e4nen suositellaan olevan v\u00e4hint\u00e4\u00e4n 15 vuotta t\u00e4ytt\u00e4nyt ja B-, C- ja D-junioreiden  otteluissa v\u00e4hint\u00e4\u00e4n kaksi vuotta pelaajia vanhempi. On suositeltavaa, mutta ei pakollista, ett\u00e4 pelinohjaaja on k\u00e4ynyt pelinohjaajakurssin.<\/li>\n<li>Jos Futisklubin sarjoihin osallistuu muun seuran joukkue, ko. joukkueen peleist\u00e4 jaetaan sarjapisteet normaalisti ja ne otetaan huomioon lopputilannetta laskettaessa.<\/li>\n<li>Kilpailujury valvoo Futisklubissa s\u00e4\u00e4nt\u00f6jen noudattamista, tekee s\u00e4\u00e4nt\u00f6ihin tarvittavat muutokset ja k\u00e4sittelee mahdolliset vastalauseet. Juryn p\u00e4\u00e4t\u00f6ksest\u00e4 ei voi valittaa. Kilpailujury on p\u00e4\u00e4t\u00f6svaltainen kun paikalla on v\u00e4hint\u00e4\u00e4n puolet j\u00e4senist\u00e4. Kilpailujyryn j\u00e4senet kaudella 2017: Pekka Ropanen, Jari Visala, Anssi Ylinen.<\/li>\n<li>vastustaja tekee vastalauseen:\n<ol>\n<li>Yli-ik\u00e4isen peluuttaminen vastoin s\u00e4\u00e4nt\u00f6j\u00e4.<\/li>\n<li>Ik\u00e4kausijoukkueen pelaajan peluuttaminen.<\/li>\n<li>Kausimaksun maksamattoman pelaajan peluuttaminen.<\/li>\n<li>Mik\u00e4li pelaaja on pelannut kahdessa eri kaupunginosan joukkueessa ilman kilpailujuryn lupaa.<\/li>\n<\/ol>\n<\/li>\n<li>F-junioreissa tulee vastustajan vet\u00e4yty\u00e4 omalle kentt\u00e4alueelleen, kun vastustajalla on maalipotku.\u00a0Jos vastustaja laittaa pallon peliin nopeasti, on se pelattavissa, vaikka oma joukkue ei olisi kerinnyt vet\u00e4ytym\u00e4 omalle kentt\u00e4puoliskolleen.<\/li>\n<li>Suositus on, ett\u00e4 G\u2013F ik\u00e4isill\u00e4 pelataan pelit pelimuodolla 5v5. T\u00e4m\u00e4n avulla lasten pallokosketukset lis\u00e4\u00e4ntyv\u00e4t. Pelimuoto t\u00e4 tyy sopia erikseen vastustajan kanssa. (ks. kentt\u00e4koon m\u00e4\u00e4ritykset Pelis\u00e4\u00e4nn\u00f6ist\u00e4). 5v5 peleiss\u00e4 maalipotkun tilalla on maaliheitto.<\/li>\n<li>Peliaikaa voidaan soveltaa pelis\u00e4\u00e4nn\u00f6ist\u00e4 poiketen vastustajan my\u00f6ntymyksell\u00e4 esim. koko harjoitusvuoron mittaiseksi, mutta kuitenkin niin, ett\u00e4 peliaika tauotetaan sopiviin jaksoihin. (esim. 4&#215;15 min). T\u00e4ll\u00e4 taataan riitt\u00e4v\u00e4 m\u00e4\u00e4r\u00e4 peliaikaa kaikille.<\/li>\n<li>F-junioreissa maalivahti saa ottaa pallon k\u00e4teens\u00e4, kun oma kanssapelaaja potkaisee sen h\u00e4nelle. E- ja vanhemmissa ik\u00e4ryhm\u00e4ss\u00e4 annetaan ep\u00e4suora vapaapotku, mik\u00e4li maalivahti ottaa kanssapelaajan tarkoituksella antaman pallon k\u00e4teens\u00e4. Vapaapotku annetaan siit\u00e4 kohtaa, miss\u00e4 pallo on otettu k\u00e4teen kuitenkin v\u00e4hint\u00e4\u00e4n 5,5m et\u00e4isyydelt\u00e4 p\u00e4\u00e4tyrajasta.<\/li>\n<li>F\u2013E junioreissa on ohjatut rajaheitot (v\u00e4\u00e4r\u00e4n heiton suorittanut pelaaja saa yritt\u00e4\u00e4 uudestaan pelinohjaajan opastuksella).<\/li>\n<li>Pelaajavaihdot voi suorittaa vain omasta katkosta. Vaihtojen m\u00e4\u00e4r\u00e4\u00e4 ei ole rajattu kaikissa ik\u00e4luokissa.<\/li>\n<\/ol>\n<p><strong>Tampere Unitedin kilpailup\u00e4\u00e4llikk\u00f6 on Markus Ky\u00f6st\u00e4j\u00e4, markus.kyostaja (at) tampereunited.fi, puh. 0400 524 564<\/strong><\/p>\n<p>Juryn edustaja ja yhteyshenkil\u00f6 on Futisklubin kilpailup\u00e4\u00e4llikk\u00f6 Pekka Ropanen, pekka.ropanen(at)tpv.fi, puh. 0400 638 444.<\/p>\n","protected":false},"excerpt":{"rendered":"<p>Futisklubin sarjoissa ja turnauksissa noudatetaan Suomen Palloliiton s\u00e4\u00e4nt\u00f6j\u00e4 seuraavin poikkeuksin ja lis\u00e4yksin. Joukkueen ohjaajat ja pelaajat sek\u00e4 ohjaajat ja vanhemmat laativat kauden alussa yhteiset pelis\u00e4\u00e4nn\u00f6t, joista selvi\u00e4\u00e4 kuinka joukkueessa toimitaan kauden aikana harjoituksissa, peleiss\u00e4 ja joukkueen mahdollisissa muissa tapahtumissa. Kaikkien ohjaajien on sitouduttava noudattamaan Palloliiton Kaikki Pelaa -s\u00e4\u00e4nt\u00f6j\u00e4. Jos kaupunginosaan perustetaan useampi saman ik\u00e4luokan joukkue, [&hellip;]<\/p>\n","protected":false},"author":6,"featured_media":0,"parent":16,"menu_order":0,"comment_status":"closed","ping_status":"closed","template":"juniorit.php","meta":{"_acf_changed":false,"footnotes":"","_links_to":"","_links_to_target":""},"class_list":["post-23","page","type-page","status-publish","hentry"],"acf":[],"aioseo_notices":[],"_links":{"self":[{"href":"https:\/\/tampereunited.fi\/juniorit\/wp-json\/wp\/v2\/pages\/23","targetHints":{"allow":["GET"]}}],"collection":[{"href":"https:\/\/tampereunited.fi\/juniorit\/wp-json\/wp\/v2\/pages"}],"about":[{"href":"https:\/\/tampereunited.fi\/juniorit\/wp-json\/wp\/v2\/types\/page"}],"author":[{"embeddable":true,"href":"https:\/\/tampereunited.fi\/juniorit\/wp-json\/wp\/v2\/users\/6"}],"replies":[{"embeddable":true,"href":"https:\/\/tampereunited.fi\/juniorit\/wp-json\/wp\/v2\/comments?post=23"}],"version-history":[{"count":7,"href":"https:\/\/tampereunited.fi\/juniorit\/wp-json\/wp\/v2\/pages\/23\/revisions"}],"predecessor-version":[{"id":340,"href":"https:\/\/tampereunited.fi\/juniorit\/wp-json\/wp\/v2\/pages\/23\/revisions\/340"}],"up":[{"embeddable":true,"href":"https:\/\/tampereunited.fi\/juniorit\/wp-json\/wp\/v2\/pages\/16"}],"wp:attachment":[{"href":"https:\/\/tampereunited.fi\/juniorit\/wp-json\/wp\/v2\/media?parent=23"}],"curies":[{"name":"wp","href":"https:\/\/api.w.org\/{rel}","templated":true}]}}