{"id":2027,"date":"2020-02-26T19:00:48","date_gmt":"2020-02-26T17:00:48","guid":{"rendered":"https:\/\/tampereunited.fi\/junnusivut22\/?page_id=2027"},"modified":"2026-03-12T16:11:44","modified_gmt":"2026-03-12T14:11:44","slug":"lapsi-aikuisryhmat-3-4-vuotiaat","status":"publish","type":"page","link":"https:\/\/tampereunited.fi\/juniorit\/lapsi-aikuisryhmat-3-4-vuotiaat\/","title":{"rendered":"Lapsi-aikuisryhm\u00e4t 2026"},"content":{"rendered":"<h4>\u00a0<\/h4>\n<p><strong>Ilmoittautuminen kes\u00e4n<\/strong><strong> 2026 Lapsi-aikuisryhmiin on avattu!<\/strong><\/p>\n<ul>\n<li>Kes\u00e4kauden 2026 lapsi-aikuistoiminta k\u00e4ynnistyy<strong>\u00a04.5.2026\u00a0<\/strong>ja p\u00e4\u00e4ttyy 28.8.2026. Toiminnassa vietet\u00e4\u00e4n kes\u00e4taukoa 29.6.2026 &#8211; 12.7.2026.<\/li>\n<li>Lapsi-aikuisryhm\u00e4t on tarkoitettu 3-4-vuotiaille lapsille (2023-2022) yhdess\u00e4 huoltajan kanssa.<\/li>\n<li>Tavoitteena on tutustuttaa lapsi jalkapalloon erilaisten leikkien avulla. Toinen lapsen vanhemmista (tai joku muu lapselle tuttu aikuinen) on jatkuvasti mukana leikeiss\u00e4 lapsen kanssa.<\/li>\n<li><strong>Koulutetut ohjaajat\u00a0<\/strong>vastaavat toiminnan laadusta.<\/li>\n<\/ul>\n<p><strong>MAKSUT, ILMOITTAUTUMINEN JA LASKUTUS<\/strong><\/p>\n<ul>\n<li>Kausimaksu Lapsi-aikuinen -ryhm\u00e4t <strong>68\u20ac<\/strong><\/li>\n<li>Vakuutus ja rekister\u00f6intimaksu\u00a0<strong>16 \u20ac<\/strong>\u00a0(mik\u00e4li lapsi ei ole osallistunut toimintaan 2026)<\/li>\n<li>J\u00e4senmaksu\u00a0<strong>45 \u20ac<\/strong>\u00a0(mik\u00e4li lapsi ei ole osallistunut toimintaan 2026)<\/li>\n<li>Vapaaehtoinen varusteet:\n<ul>\n<li>Paita\u00a0<strong>15 \u20ac<\/strong>\u00a0(Nimikoitu, toimitetaan harjoituksiin kokeilujakson j\u00e4lkeen)<\/li>\n<li>Pallo\u00a0<strong>18 \u20ac <\/strong>(Toimitetaan ensimm\u00e4isiin harjoituksiin)<\/li>\n<\/ul>\n<\/li>\n<li>Ilmoittaudu toimintaan myClubin v\u00e4lityksell\u00e4. MyClub-ohjeet harrastajille l\u00f6ytyv\u00e4t osoitteesta<a href=\"https:\/\/docs.myclub.fi\/member\" target=\"_blank\" rel=\"nofollow noopener noreferrer\"><u>\u00a0<\/u><strong><u>https:\/\/docs.myclub.fi\/member.<\/u><\/strong><\/a><\/li>\n<li>Merkitse pelaajan kaikki etunimet. (Yhdistyslaki 11.1 \u00a7)<\/li>\n<li>Lasku l\u00e4htee automaattisesti ilmoittautumisen yhteydess\u00e4. Paikka ryhm\u00e4ss\u00e4 varmistuu, kun lasku on maksettu.<\/li>\n<\/ul>\n<p><strong>MAKSU- JA PERUUTUSEHDOT<\/strong><\/p>\n<ul>\n<li>Toimintaan on mahdollisuus k\u00e4yd\u00e4 tutustumassa kahden viikon ajan harjoituksiin saapumisesta.<\/li>\n<li>Mik\u00e4li osallistuminen perutaan tutustumisjakson aikana, hyvitet\u00e4\u00e4n pelaajalle kaikki maksetut maksut (pl. k\u00e4ytt\u00f6\u00f6notettu pallo).<\/li>\n<li><strong>Toimintaan osallistumisen voi peruuttaa VAIN l\u00e4hett\u00e4m\u00e4ll\u00e4 s\u00e4hk\u00f6postia\u00a0<\/strong><a href=\"mailto:juniorit@tampereunited.fi\" target=\"_blank\" rel=\"nofollow noopener noreferrer\"><strong>juniorit@tampereunited.fi<\/strong><\/a><\/li>\n<li>S\u00e4hk\u00f6postin tulee sis\u00e4lt\u00e4\u00e4 seuraavat tiedot:\n<ul>\n<li>Pelaajan koko nimi<\/li>\n<li>Maksajan tiedot sek\u00e4 tilinumero palautusta varten<\/li>\n<\/ul>\n<\/li>\n<\/ul>\n<p><u><a title=\"\" href=\"https:\/\/tampereunited.myclub.fi\/flow\/courses\/public\" target=\"_blank\" rel=\"noopener\">ILMOITTAUDU MUKAAN<\/a><\/u><\/p>\n<p><a href=\"https:\/\/tampereunited.fi\/seura\/saannot\/\" target=\"_blank\" rel=\"nofollow noopener noreferrer\"><u>Seuran s\u00e4\u00e4nn\u00f6t<\/u><\/a><u>,<\/u><a href=\"https:\/\/tampereunited.fi\/tietosuojaseloste\" target=\"_blank\" rel=\"nofollow noopener noreferrer\">\u00a0<u>tietosuojaseloste<\/u><\/a>, <a href=\"https:\/\/www-assets.palloliitto.fi\/62562\/1764665296-pelipassivakuutuksen-vakuutusdokumentit-2026_v2.pdf\" target=\"_blank\" rel=\"nofollow noopener noreferrer\">tietoa vakuutuksesta<\/a><\/p>\n\n\n<\/p>\n<p class=\"has-medium-font-size\"><strong>KES\u00c4N HARJOITUSRYHM\u00c4T<\/strong><\/p>\n<p>\n\n\n\n<\/p>\n<p>Kes\u00e4n harjoitusryhm\u00e4t ja paikat. Tarkemmat tiedot l\u00f6ytyv\u00e4t <a title=\"\" href=\"https:\/\/tampereunited.myclub.fi\/flow\/courses\/\" target=\"_blank\" rel=\"noopener\">ilmoittautumisen yhteydess\u00e4 myClubista<\/a>.<\/p>\n<p>\n\n\n<\/p>\n\n\n<p><\/p>\n\n\n\n<figure class=\"wp-block-table\"><table class=\"has-fixed-layout\"><tbody><tr><td>Amuri 1<\/td><td>Kansainv\u00e4linen koulu (Fista)<\/td><\/tr><tr><td>Amuri 2<\/td><td>V\u00e4in\u00f6 Linnan puisto<\/td><\/tr><tr><td>Annala<\/td><td>Annalan puisto, Karosen koulu<\/td><\/tr><tr><td>Atala<\/td><td>Nikin puisto<\/td><\/tr><tr><td>Hervanta-Rusko<\/td><td>Heinurinm\u00e4ki<\/td><\/tr><tr><td>H\u00e4rm\u00e4l\u00e4<\/td><td>H\u00e4rm\u00e4l\u00e4npuisto + Tehtaankallionpuisto<\/td><\/tr><tr><td>Juhannuskyl\u00e4<\/td><td>Johanneksen koulun kentt\u00e4<\/td><\/tr><tr><td>Kaarila<\/td><td>Kaarilan koulu<\/td><\/tr><tr><td>Kaleva 1<\/td><td>Sammon (vanha) koulu<\/td><\/tr><tr><td>Kaleva 2<\/td><td>Sammon (vanha) koulu<\/td><\/tr><tr><td>Lamminp\u00e4\u00e4<\/td><td>Lamminp\u00e4\u00e4n koulu<\/td><\/tr><tr><td>M\u00e4yr\u00e4nm\u00e4ki<\/td><td>M\u00e4yr\u00e4nm\u00e4en puisto<\/td><\/tr><tr><td>Niemenranta<\/td><td>Sellupuisto<\/td><\/tr><tr><td>Peltolammi<\/td><td>Palokallionpuisto<\/td><\/tr><tr><td>Takahuhti<\/td><td>Jankanpuisto<\/td><\/tr><tr><td>Tesoma<\/td><td>Tesoman koulu<\/td><\/tr><tr><td>Vehmainen<\/td><td>Juvelanpuisto<\/td><\/tr><tr><td>Viiala<\/td><td>Kalle P\u00e4\u00e4talon puisto<\/td><\/tr><tr><td>Viinikka<\/td><td>Koskuenpuisto<\/td><\/tr><\/tbody><\/table><\/figure>\n\n\n<div class=\"col-7\">\n<div class=\"form-group\">\n<div class=\"richtext \">\n<ul>\n<li>Huom! Ryhm\u00e4 tarvitsee toteutuakseen v\u00e4hint\u00e4\u00e4n kahdeksan osallistujaa. Mik\u00e4li valitsemanne ryhm\u00e4n osallistujam\u00e4\u00e4r\u00e4 j\u00e4\u00e4 v\u00e4h\u00e4iseksi, voidaan ryhmi\u00e4 yhdistell\u00e4.<\/li>\n<\/ul>\n<\/div>\n<\/div>\n<\/div>\n\n\n<p><\/p>\n","protected":false},"excerpt":{"rendered":"<p>\u00a0 Ilmoittautuminen kes\u00e4n 2026 Lapsi-aikuisryhmiin on avattu! Kes\u00e4kauden 2026 lapsi-aikuistoiminta k\u00e4ynnistyy\u00a04.5.2026\u00a0ja p\u00e4\u00e4ttyy 28.8.2026. Toiminnassa vietet\u00e4\u00e4n kes\u00e4taukoa 29.6.2026 &#8211; 12.7.2026. Lapsi-aikuisryhm\u00e4t on tarkoitettu 3-4-vuotiaille lapsille (2023-2022) yhdess\u00e4 huoltajan kanssa. Tavoitteena on tutustuttaa lapsi jalkapalloon erilaisten leikkien avulla. Toinen lapsen vanhemmista (tai joku muu lapselle tuttu aikuinen) on jatkuvasti mukana leikeiss\u00e4 lapsen kanssa. Koulutetut ohjaajat\u00a0vastaavat toiminnan laadusta. [&hellip;]<\/p>\n","protected":false},"author":11,"featured_media":0,"parent":0,"menu_order":0,"comment_status":"closed","ping_status":"closed","template":"","meta":{"_acf_changed":false,"footnotes":"","_links_to":"","_links_to_target":""},"class_list":["post-2027","page","type-page","status-publish","hentry"],"acf":[],"aioseo_notices":[],"_links":{"self":[{"href":"https:\/\/tampereunited.fi\/juniorit\/wp-json\/wp\/v2\/pages\/2027","targetHints":{"allow":["GET"]}}],"collection":[{"href":"https:\/\/tampereunited.fi\/juniorit\/wp-json\/wp\/v2\/pages"}],"about":[{"href":"https:\/\/tampereunited.fi\/juniorit\/wp-json\/wp\/v2\/types\/page"}],"author":[{"embeddable":true,"href":"https:\/\/tampereunited.fi\/juniorit\/wp-json\/wp\/v2\/users\/11"}],"replies":[{"embeddable":true,"href":"https:\/\/tampereunited.fi\/juniorit\/wp-json\/wp\/v2\/comments?post=2027"}],"version-history":[{"count":196,"href":"https:\/\/tampereunited.fi\/juniorit\/wp-json\/wp\/v2\/pages\/2027\/revisions"}],"predecessor-version":[{"id":6722,"href":"https:\/\/tampereunited.fi\/juniorit\/wp-json\/wp\/v2\/pages\/2027\/revisions\/6722"}],"wp:attachment":[{"href":"https:\/\/tampereunited.fi\/juniorit\/wp-json\/wp\/v2\/media?parent=2027"}],"curies":[{"name":"wp","href":"https:\/\/api.w.org\/{rel}","templated":true}]}}