{"id":192,"date":"2022-09-22T14:50:00","date_gmt":"2022-09-22T11:50:00","guid":{"rendered":"http:\/\/localhost\/tamujunnut\/?page_id=192"},"modified":"2025-09-29T14:41:16","modified_gmt":"2025-09-29T11:41:16","slug":"u5-7-pallokoulut","status":"publish","type":"page","link":"https:\/\/tampereunited.fi\/juniorit\/u5-7-pallokoulut\/","title":{"rendered":"PT5-7 Pallokoulut"},"content":{"rendered":"\n<p><\/p>\n\n\n\n<p><strong>Ilmoittautuminen talven 2026 Pallokouluihin on nyt avattu!<\/strong><\/p>\n\n\n\n<ul class=\"wp-block-list\">\n<li>Pallokoulu on <strong>tarkoitettu 2019-2021<\/strong> syntyneille (5-7 -vuotiaille) lapsille.<\/li>\n\n\n\n<li><strong>Kausi alkaa 29.9.2025<\/strong> ja p\u00e4\u00e4ttyy 3.4.2026. Taukoa toiminnasta viet\u00e4mme 13.10 &#8211; 19.10.2025, 8.12.2025 &#8211; 11.1.2026 sek\u00e4 23.2. &#8211; 1.3.2026.&nbsp;<\/li>\n\n\n\n<li><strong>Koulutetut valmentajat&nbsp;<\/strong>vastaavat Pallokoulujen toiminnan laadusta,&nbsp;<strong>vanhempia ei velvoiteta<\/strong>&nbsp;mukaan toimintaan<\/li>\n\n\n\n<li>Tarjoamme mahdollisuuden harrastaa jalkapalloa omien kykyjen ja innon mukaisesti. Kilpailullisia tavoitteita ei ole, ja kaikki saavat pelata. T\u00e4rkeint\u00e4 on, ett\u00e4 kaikki osallistujat saavat kokea liikunnan riemua.<\/li>\n\n\n\n<li>Pallokoululaisten&nbsp;<strong>pelitoiminta<\/strong>&nbsp;tapahtuu seuran sis\u00e4isiss\u00e4 peli-illoissa<\/li>\n<\/ul>\n\n\n\n<p><strong><strong>Ilmoittautuminen ja laskutus<\/strong><\/strong><\/p>\n\n\n\n<p><\/p>\n\n\n\n<ul class=\"wp-block-list\">\n<li>Ilmoittaudu toimintaan myClubin v\u00e4lityksell\u00e4. MyClub-ohjeet harrastajille l\u00f6ytyv\u00e4t osoitteesta&nbsp;<a href=\"https:\/\/docs.myclub.fi\/member\" target=\"_blank\" rel=\"noreferrer noopener\"><u>https:\/\/docs.myclub.fi\/member<\/u><\/a><\/li>\n\n\n\n<li>Merkitse pelaajan kaikki etunimet. (Yhdistyslaki 11.1 \u00a7)<\/li>\n\n\n\n<li>Lasku l\u00e4hetet\u00e4\u00e4n ilmoittautumisen j\u00e4lkeen myClubin v\u00e4lityksell\u00e4, ei viel\u00e4 ilmoittautumisen yhteydess\u00e4.<\/li>\n<\/ul>\n\n\n\n<p><a href=\"https:\/\/tampereunited.fi\/juniorit\/u5-7-pallokoulut\/\" target=\"_blank\" rel=\"noreferrer noopener\"><\/a><u><a href=\"https:\/\/tampereunited.myclub.fi\/flow\/courses\/\" target=\"_blank\" rel=\"noopener\" title=\"\">ILMOITTAUDU MUKAAN<\/a><\/u><\/p>\n\n\n\n<p><a href=\"https:\/\/tampereunited.fi\/seura\/saannot\/\" rel=\"noreferrer noopener\" target=\"_blank\"><u>Seuran s\u00e4\u00e4nn\u00f6t<\/u><\/a>,<a href=\"https:\/\/tampereunited.fi\/tietosuojaseloste\" rel=\"noreferrer noopener\" target=\"_blank\">&nbsp;<u>tietosuojaseloste<\/u><\/a>,<a href=\"https:\/\/www-assets.palloliitto.fi\/62562\/1732865651-pelipassivakuutuksen-vakuutusdokumentit-2025.pdf\" rel=\"noreferrer noopener\" target=\"_blank\">&nbsp;<u>tietoa vakuutuksesta<\/u><\/a><\/p>\n\n\n\n<p><\/p>\n\n\n\n<figure class=\"wp-block-image size-large\"><img loading=\"lazy\" decoding=\"async\" width=\"1024\" height=\"546\" src=\"https:\/\/tampereunited.fi\/juniorit\/wp-content\/uploads\/sites\/4\/2022\/02\/tamu-juniorit-ilmoittautuminen-1024x546.jpg\" alt=\"\" class=\"wp-image-3259\" srcset=\"https:\/\/tampereunited.fi\/juniorit\/wp-content\/uploads\/sites\/4\/2022\/02\/tamu-juniorit-ilmoittautuminen-1024x546.jpg 1024w, https:\/\/tampereunited.fi\/juniorit\/wp-content\/uploads\/sites\/4\/2022\/02\/tamu-juniorit-ilmoittautuminen-300x160.jpg 300w, https:\/\/tampereunited.fi\/juniorit\/wp-content\/uploads\/sites\/4\/2022\/02\/tamu-juniorit-ilmoittautuminen-768x410.jpg 768w, https:\/\/tampereunited.fi\/juniorit\/wp-content\/uploads\/sites\/4\/2022\/02\/tamu-juniorit-ilmoittautuminen.jpg 1500w\" sizes=\"auto, (max-width: 639px) 98vw, (max-width: 1199px) 64vw, 770px\" \/><\/figure>\n\n\n\n<p><\/p>\n\n\n\n<p><strong>KAUSIMAKSUT<\/strong><\/p>\n\n\n\n<ul class=\"wp-block-list\">\n<li>Pallokoulu 119 \u20ac<\/li>\n\n\n\n<li>J\u00e4senmaksu (kausi 2026) 45 \u20ac<\/li>\n\n\n\n<li>Palloliiton rekister\u00f6inti &amp; vakuutus (kausi 2026) 11 \u20ac<\/li>\n<\/ul>\n\n\n\n<p><strong>VARUSTEMAKSUT<\/strong><\/p>\n\n\n\n<ul class=\"wp-block-list\">\n<li>Peliasu (tarvittaessa) 51 \u20ac<\/li>\n<\/ul>\n\n\n\n<p>Peliasu sis\u00e4lt\u00e4\u00e4 pelaajan nimell\u00e4 varustetun pelipaidan, shortsit ja sukat. Peliasut toimitetaan suoraan harjoituspaikoille.<\/p>\n\n\n\n<p><strong>MAKSU- JA PERUUTUSEHDOT<\/strong><\/p>\n\n\n\n<ul class=\"wp-block-list\">\n<li>Early Bird tarjous on voimassa 18.8. &#8211; 31.8. v\u00e4lisen\u00e4 aikana.<\/li>\n\n\n\n<li>Osallistumisen Pallokouluihin voi perua maksutta kahden viikon ajan harjoituksien alkamisesta.<\/li>\n\n\n\n<li>Toimintaan osallistumisen voi peruuttaa VAIN l\u00e4hett\u00e4m\u00e4ll\u00e4 s\u00e4hk\u00f6postia&nbsp;<a href=\"mailto:juniorit@tampereunited.fi\" target=\"_blank\" rel=\"noreferrer noopener\">juniorit@tampereunited.fi<\/a><\/li>\n\n\n\n<li>S\u00e4hk\u00f6postin tulee sis\u00e4lt\u00e4\u00e4 seuraavat tiedot:\n<ul class=\"wp-block-list\">\n<li>Pelaajan koko nimi<\/li>\n\n\n\n<li>Maksajan tiedot sek\u00e4 tilinumero palautusta varten<\/li>\n<\/ul>\n<\/li>\n<\/ul>\n\n\n\n<p><strong>Ohjeita vanhemmille<\/strong><\/p>\n\n\n\n<ul class=\"wp-block-list\">\n<li>Merkitse osallistuminen myClub-sovelluksen avulla, jotta ohjaaja pystyy suunnittelemaan harjoituksia osallistujam\u00e4\u00e4r\u00e4n mukaan.\n<ul class=\"wp-block-list\">\n<li>Merkitse tilin k\u00e4ytt\u00e4j\u00e4tietojen tietosuoja-asetuksista lapsen etunimi ja sukunimi n\u00e4kyviin, jotta ohjaajat n\u00e4kev\u00e4t, keit\u00e4 treeneihin on tulossa.<\/li>\n<\/ul>\n<\/li>\n\n\n\n<li>Kannusta lasta, mutta anna ohjaajille ty\u00f6rauha. Lapsi voi h\u00e4mmenty\u00e4 ohjaajan ja vanhemman samanaikaisista, kesken\u00e4\u00e4n ristiriitaisista ohjeista.<\/li>\n\n\n\n<li>Jos lapsi k\u00e4ytt\u00e4ytyy v\u00e4kivaltaisesti toisia lapsia\/ohjaajia kohtaan, varaamme oikeuden peruuttaa lapsen osallistumisen toimintaan, jolloin jo maksetut kausimaksu ja j\u00e4senmaksu (pl. mahdollinen rekister\u00f6intimaksu ja hankittu peliasu) palautetaan.<\/li>\n<\/ul>\n\n\n\n<p><\/p>\n\n\n\n<figure class=\"wp-block-table\"><table><tbody><tr><th>Varusteet<\/th><\/tr><tr><td>Jalkapallo (koko 3), sis\u00e4pelikeng\u00e4t, s\u00e4\u00e4risuojat ja juomapullo<\/td><\/tr><tr><th>&nbsp;<\/th><\/tr><\/tbody><\/table><\/figure>\n\n\n\n<p class=\"has-medium-font-size\"><strong>TALVEN HARJOITUSRYHM\u00c4T<\/strong> <\/p>\n\n\n\n<figure class=\"wp-block-table\"><table><tbody><tr><th>Etel\u00e4-Hervanta<\/th><\/tr><tr><td>Harjoituspaikat: Etel\u00e4-Hervannan koulu, palloilusali, <a href=\"https:\/\/www.google.com\/maps\/place\/\/data=!4m2!3m1!1s0x468edfb416a7a19b:0x3b33a14abc674865?sa=X&amp;ved=1t:8290&amp;ictx=111\" target=\"_blank\" rel=\"noopener\" title=\"\">(Mekaniikan polku 9, 33720 Tampere)<\/a><\/td><\/tr><tr><td>Harjoitusajat: Keskiviikko PT5-7 17:00-18:00<\/td><\/tr><tr><td>Vastuuvalmentaja: Reea M\u00e4ntymaa <\/td><\/tr><tr><td>Yhteystiedot: reea.mantymaa@tampereunited.fi<\/td><\/tr><\/tbody><\/table><\/figure>\n\n\n\n<figure class=\"wp-block-table\"><table><tbody><tr><th>Lielahti<\/th><\/tr><tr><td>Harjoituspaikat: Lielahden koulu, pieni liikuntasali, (<a href=\"https:\/\/www.google.com\/maps\/place\/Lielahden+koulu\/@61.5217874,23.6712235,596m\/data=!3m2!1e3!4b1!4m6!3m5!1s0x468ed877c1174e97:0x108dbe4d02c99a4f!8m2!3d61.5217874!4d23.6712235!16s%2Fg%2F11g7_bz72f?hl=fi&amp;entry=ttu&amp;g_ep=EgoyMDI1MDgxMy4wIKXMDSoASAFQAw%3D%3D\" target=\"_blank\" rel=\"noopener\" title=\"\">Lielahdenkatu 15, 33400, Tampere<\/a>)<\/td><\/tr><tr><td>Harjoitusajat: Keskiviikko PT5-7 17:00-18:00<\/td><\/tr><tr><td>Vastuuvalmentaja: Atiq Naseri<\/td><\/tr><tr><td>Yhteystiedot: atiq.naseri@tampereunited.fi<\/td><\/tr><\/tbody><\/table><\/figure>\n\n\n\n<figure class=\"wp-block-table\"><table><tbody><tr><th>Ratina<\/th><\/tr><tr><td>Harjoituspaikat: Tampereen stadion, liikuntasali 1, <a href=\"https:\/\/www.google.com\/maps\/place\/\/data=!4m2!3m1!1s0x468ed8ad6ee8f701:0x6de949c9945bf3b3?sa=X&amp;ved=1t:8290&amp;ictx=111\" target=\"_blank\" rel=\"noopener\" title=\"\">(Ratinan rantatie 1, 33100, Tampere)<\/a><\/td><\/tr><tr><td>Harjoitusajat: Maanantai PT5-7 18:00-19:00<\/td><\/tr><tr><td>Vastuuvalmentaja: Emmi Erkkil\u00e4<\/td><\/tr><tr><td>Yhteystiedot: <\/td><\/tr><\/tbody><\/table><\/figure>\n\n\n\n<figure class=\"wp-block-table\"><table><tbody><tr><th>Linnainmaa<\/th><\/tr><tr><td>Harjoituspaikat: Linnanmaan koulu, uusi liikuntasali, (<a href=\"https:\/\/www.google.com\/maps\/place\/\/data=!4m2!3m1!1s0x468f2071baf7c82b:0x2a83ff30b18ded8?sa=X&amp;ved=1t:8290&amp;ictx=111\" target=\"_blank\" rel=\"noopener\" title=\"\">Linnainmaankatu 12, 33580 Tampere<\/a>)<\/td><\/tr><tr><td>Harjoitusajat: Tiistai PT5-7 18:00-19:00<\/td><\/tr><tr><td>Vastuuvalmentaja: Reea M\u00e4ntymaa (2 ensim\u00e4ist\u00e4 viikkoa)<\/td><\/tr><tr><td>Yhteystiedot: reea.mantymaa@tampereunited.fi<\/td><\/tr><\/tbody><\/table><\/figure>\n\n\n\n<figure class=\"wp-block-table\"><table><tbody><tr><th>Sampo<\/th><\/tr><tr><td>Harjoituspaikat: Sammon (vanha) koulu, liikuntasali alakerrassa, (<a href=\"https:\/\/maps.google.com\/maps?hl=fi&amp;gl=fi&amp;um=1&amp;ie=UTF-8&amp;fb=1&amp;sa=X&amp;ftid=0x468f20a8463f516b:0xbd5fc92f21f2efb0\" target=\"_blank\" rel=\"noopener\" title=\"\">Teiskontie 16, 33540 Tampere<\/a>)<\/td><\/tr><tr><td>Harjoitusajat: Torstai PT5-7 19:00-20:00 <\/td><\/tr><tr><td>Vastuuvalmentaja: Emilia Merikari<\/td><\/tr><tr><td>Yhteystiedot: emilia.merikari@tampereunited.fi<\/td><\/tr><\/tbody><\/table><\/figure>\n\n\n\n<figure class=\"wp-block-table\"><table><tbody><tr><th>Fista<\/th><\/tr><tr><td>Harjoituspaikat: Fista liikuntasali, (<a href=\"https:\/\/www.google.com\/maps\/place\/\/data=!4m2!3m1!1s0x468ed8a48ae02939:0xf0946711629896d?sa=X&amp;ved=1t:8290&amp;ictx=111\" target=\"_blank\" rel=\"noopener\" title=\"\">Satakunnankatu 60, 33230 Tampere<\/a>)<\/td><\/tr><tr><td>Harjoitusajat: Tiistai PT5-7 17:00-18:00<\/td><\/tr><tr><td>Vastuuvalmentaja: Jaakko Niukkala<\/td><\/tr><tr><td>Yhteystiedot: jaakko.niukkala@tampereunited.fi<\/td><\/tr><\/tbody><\/table><\/figure>\n\n\n\n<p>Huom! Varaamme oikeuden perua yksitt\u00e4inen Pallokoulun tapahtumapaikka v\u00e4h\u00e4isen ilmoittautujam\u00e4\u00e4r\u00e4n (alle 8) vuoksi. T\u00e4ll\u00f6in palautamme jo maksetut maksut t\u00e4ysim\u00e4\u00e4r\u00e4isin\u00e4 tai asiakas voi valita toisen harjoituspaikan 25%:n alennuksella kausimaksun osalta.<\/p>\n\n\n\n<p><\/p>\n","protected":false},"excerpt":{"rendered":"<p>Ilmoittautuminen talven 2026 Pallokouluihin on nyt avattu! Ilmoittautuminen ja laskutus ILMOITTAUDU MUKAAN Seuran s\u00e4\u00e4nn\u00f6t,&nbsp;tietosuojaseloste,&nbsp;tietoa vakuutuksesta KAUSIMAKSUT VARUSTEMAKSUT Peliasu sis\u00e4lt\u00e4\u00e4 pelaajan nimell\u00e4 varustetun pelipaidan, shortsit ja sukat. Peliasut toimitetaan suoraan harjoituspaikoille. MAKSU- JA PERUUTUSEHDOT Ohjeita vanhemmille Varusteet Jalkapallo (koko 3), sis\u00e4pelikeng\u00e4t, s\u00e4\u00e4risuojat ja juomapullo &nbsp; TALVEN HARJOITUSRYHM\u00c4T Etel\u00e4-Hervanta Harjoituspaikat: Etel\u00e4-Hervannan koulu, palloilusali, (Mekaniikan polku 9, 33720 [&hellip;]<\/p>\n","protected":false},"author":2,"featured_media":0,"parent":0,"menu_order":11,"comment_status":"closed","ping_status":"closed","template":"","meta":{"_acf_changed":false,"footnotes":"","_links_to":"","_links_to_target":""},"class_list":["post-192","page","type-page","status-publish","hentry"],"acf":[],"aioseo_notices":[],"_links":{"self":[{"href":"https:\/\/tampereunited.fi\/juniorit\/wp-json\/wp\/v2\/pages\/192","targetHints":{"allow":["GET"]}}],"collection":[{"href":"https:\/\/tampereunited.fi\/juniorit\/wp-json\/wp\/v2\/pages"}],"about":[{"href":"https:\/\/tampereunited.fi\/juniorit\/wp-json\/wp\/v2\/types\/page"}],"author":[{"embeddable":true,"href":"https:\/\/tampereunited.fi\/juniorit\/wp-json\/wp\/v2\/users\/2"}],"replies":[{"embeddable":true,"href":"https:\/\/tampereunited.fi\/juniorit\/wp-json\/wp\/v2\/comments?post=192"}],"version-history":[{"count":119,"href":"https:\/\/tampereunited.fi\/juniorit\/wp-json\/wp\/v2\/pages\/192\/revisions"}],"predecessor-version":[{"id":5957,"href":"https:\/\/tampereunited.fi\/juniorit\/wp-json\/wp\/v2\/pages\/192\/revisions\/5957"}],"wp:attachment":[{"href":"https:\/\/tampereunited.fi\/juniorit\/wp-json\/wp\/v2\/media?parent=192"}],"curies":[{"name":"wp","href":"https:\/\/api.w.org\/{rel}","templated":true}]}}