{"id":168,"date":"2017-02-08T23:12:20","date_gmt":"2017-02-08T21:12:20","guid":{"rendered":"https:\/\/tampereunited.fi\/junnut\/?page_id=168"},"modified":"2026-04-30T15:22:47","modified_gmt":"2026-04-30T12:22:47","slug":"harjoituskirjasto","status":"publish","type":"page","link":"https:\/\/tampereunited.fi\/juniorit\/harjoituskirjasto\/","title":{"rendered":"Harjoituskirjasto"},"content":{"rendered":"<p>T\u00e4lt\u00e4 sivulta l\u00f6yd\u00e4t ik\u00e4luokkakohtaiset kausisuunnitelmat kaupunginosajoukkueille. Kausisuunnitelmat on suunniteltu siten, ett\u00e4 ne muodostavat sis\u00e4ll\u00f6llisen ja teemallisen kokonaisuuden, jota mukaillen kausi on mahdollista vied\u00e4 l\u00e4pi onnistuneesti. Ty\u00f6n edistyess\u00e4 kausisuunnitelmia lis\u00e4t\u00e4\u00e4n my\u00f6s muille ik\u00e4luokille, nuorimmista vanhempia kohti edeten. Harjoituskirjaston ty\u00f6st\u00f6n ollessa viel\u00e4 kesken, parhaat harjoitusopit saa <a href=\"https:\/\/www.palloliitto.fi\/valmentajien-materiaalit-jalkapallo\">Palloliiton sivuilta<\/a>.<\/p>\n<p>Jatkossa t\u00e4m\u00e4 sivu sulautuu osaksi koko seuran valmennuslinjaa, joka on t\u00e4ll\u00e4kin hetkell\u00e4 ty\u00f6n alla. T\u00e4h\u00e4n kuuluvat isot lijaukset ja p\u00e4\u00e4valinnat ohjaavat jo nyt toimintaamme alle 10-vuotiaiden kaupunginosajoukkueiden osalta ja niiden jalkauttaminen p\u00e4ivitt\u00e4iseen toimintaan on k\u00e4ynniss\u00e4. Seuran toimintakulttuurin mukaisesti my\u00f6s valmennuslinjamme tulee olemaan julkinen, kunhan se on ensin ty\u00f6stetty julkaisukuntoon.<\/p>\n<p>Kirjan kansikuvaa klikkaamalla avautuu p\u00e4\u00e4telaitteelle sopiva tiedostoversio. Erillisten latauslinkkien takaa saat avattua tulostus-\/painolaatuisen version.<\/p>\n<div class=\"row\">\n<div class=\"columns large-3 medium-6 small-12\">\n<table class=\"show-for-small\" style=\"width: 175px\">\n<tbody>\n<tr>\n<td style=\"text-align: center\"><strong>Kehitt\u00e4v\u00e4t pelimuodot<\/strong><\/td>\n<\/tr>\n<tr>\n<td><a href=\"https:\/\/tampereunited.fi\/juniorit\/wp-content\/uploads\/sites\/4\/2019\/02\/Tampere-United-juniorit-kehitt\u00e4v\u00e4t-pelimuodot-online.pdf\"><img decoding=\"async\" src=\"https:\/\/tampereunited.fi\/juniorit\/wp-content\/uploads\/sites\/4\/2019\/02\/kehittavat_pelimuodot_cover-e1551370307214.jpg\" \/><\/a><\/td>\n<\/tr>\n<tr>\n<td style=\"text-align: center\"><a href=\"https:\/\/tampereunited.fi\/juniorit\/wp-content\/uploads\/sites\/4\/2019\/02\/Tampere-United-juniorit-kehitt\u00e4v\u00e4t-pelimuodot.pdf\">lataa<\/a><\/td>\n<\/tr>\n<\/tbody>\n<\/table>\n<\/div>\n<div class=\"columns large-3 medium-6 small-12\">\n<table class=\"show-for-small\" style=\"width: 175px\">\n<tbody>\n<tr>\n<td style=\"text-align: center\"><strong>U6 kausisuunnitelma<\/strong><\/td>\n<\/tr>\n<tr>\n<td><a href=\"https:\/\/tampereunited.fi\/juniorit\/wp-content\/uploads\/sites\/4\/2019\/02\/Tampere-United-juniorit-U6-kausisuunnitelma_online.pdf\"><img decoding=\"async\" src=\"https:\/\/tampereunited.fi\/juniorit\/wp-content\/uploads\/sites\/4\/2019\/02\/U6_kausisuunnitelma_cover-e1550049224719.jpg\" \/><\/a><\/td>\n<\/tr>\n<tr>\n<td style=\"text-align: center\"><a href=\"https:\/\/tampereunited.fi\/juniorit\/wp-content\/uploads\/sites\/4\/2019\/02\/Tampere-United-juniorit-U6-kausisuunnitelma.pdf\">lataa<\/a><\/td>\n<\/tr>\n<\/tbody>\n<\/table>\n<\/div>\n<div class=\"columns large-3 medium-6 small-12\">\n<table class=\"show-for-small\" style=\"width: 175px\">\n<tbody>\n<tr>\n<td style=\"text-align: center\"><strong>U7 kausisuunnitelma<\/strong><\/td>\n<\/tr>\n<tr>\n<td><a href=\"https:\/\/tampereunited.fi\/juniorit\/wp-content\/uploads\/sites\/4\/2019\/04\/Tampere-United-juniorit-U7-kausisuunnitelma-online.pdf\"><img decoding=\"async\" src=\"https:\/\/tampereunited.fi\/juniorit\/wp-content\/uploads\/sites\/4\/2019\/04\/U7-kansikuva.jpg\" \/><\/a><\/td>\n<\/tr>\n<tr>\n<td style=\"text-align: center\"><a href=\"https:\/\/tampereunited.fi\/juniorit\/wp-content\/uploads\/sites\/4\/2019\/04\/Tampere-United-juniorit-U7-kausisuunnitelma.pdf\">lataa<\/a><\/td>\n<\/tr>\n<\/tbody>\n<\/table>\n<\/div>\n<\/div>\n","protected":false},"excerpt":{"rendered":"<p>T\u00e4lt\u00e4 sivulta l\u00f6yd\u00e4t ik\u00e4luokkakohtaiset kausisuunnitelmat kaupunginosajoukkueille. Kausisuunnitelmat on suunniteltu siten, ett\u00e4 ne muodostavat sis\u00e4ll\u00f6llisen ja teemallisen kokonaisuuden, jota mukaillen kausi on mahdollista vied\u00e4 l\u00e4pi onnistuneesti. Ty\u00f6n edistyess\u00e4 kausisuunnitelmia lis\u00e4t\u00e4\u00e4n my\u00f6s muille ik\u00e4luokille, nuorimmista vanhempia kohti edeten. Harjoituskirjaston ty\u00f6st\u00f6n ollessa viel\u00e4 kesken, parhaat harjoitusopit saa Palloliiton sivuilta. Jatkossa t\u00e4m\u00e4 sivu sulautuu osaksi koko seuran valmennuslinjaa, joka [&hellip;]<\/p>\n","protected":false},"author":6,"featured_media":0,"parent":0,"menu_order":0,"comment_status":"closed","ping_status":"closed","template":"","meta":{"_acf_changed":false,"footnotes":"","_links_to":"","_links_to_target":""},"class_list":["post-168","page","type-page","status-publish","hentry"],"acf":[],"aioseo_notices":[],"_links":{"self":[{"href":"https:\/\/tampereunited.fi\/juniorit\/wp-json\/wp\/v2\/pages\/168","targetHints":{"allow":["GET"]}}],"collection":[{"href":"https:\/\/tampereunited.fi\/juniorit\/wp-json\/wp\/v2\/pages"}],"about":[{"href":"https:\/\/tampereunited.fi\/juniorit\/wp-json\/wp\/v2\/types\/page"}],"author":[{"embeddable":true,"href":"https:\/\/tampereunited.fi\/juniorit\/wp-json\/wp\/v2\/users\/6"}],"replies":[{"embeddable":true,"href":"https:\/\/tampereunited.fi\/juniorit\/wp-json\/wp\/v2\/comments?post=168"}],"version-history":[{"count":34,"href":"https:\/\/tampereunited.fi\/juniorit\/wp-json\/wp\/v2\/pages\/168\/revisions"}],"predecessor-version":[{"id":6803,"href":"https:\/\/tampereunited.fi\/juniorit\/wp-json\/wp\/v2\/pages\/168\/revisions\/6803"}],"wp:attachment":[{"href":"https:\/\/tampereunited.fi\/juniorit\/wp-json\/wp\/v2\/media?parent=168"}],"curies":[{"name":"wp","href":"https:\/\/api.w.org\/{rel}","templated":true}]}}