{"id":1391,"date":"2019-02-12T09:22:41","date_gmt":"2019-02-12T07:22:41","guid":{"rendered":"https:\/\/tampereunited.fi\/junnusivut22\/?page_id=1391"},"modified":"2025-10-16T20:26:52","modified_gmt":"2025-10-16T17:26:52","slug":"edustus","status":"publish","type":"page","link":"https:\/\/tampereunited.fi\/juniorit\/joukkueet\/edustus\/","title":{"rendered":"Edustus (2025-2026)"},"content":{"rendered":"<p>Junioriedustusjoukkueet ovat Tampere Unitedissa tavoitteellisesti toimivia joukkueita, joihin valitaan pelaajat n\u00e4ytt\u00f6jen perusteella.<\/p>\n<ul>\n<li><a href=\"https:\/\/tampereunited.fi\/juniorit\/joukkueet\/edustus-2025-2026\/p7-9-2017-2019\/\">P7-9 (2017-2019)<\/a><\/li>\n<li><a href=\"https:\/\/tampereunited.fi\/juniorit\/joukkueet\/edustus-2025-2026\/p10-2016\/\">P10 (2016)<\/a><\/li>\n<li><a href=\"https:\/\/tampereunited.fi\/juniorit\/joukkueet\/edustus-2025-2026\/p11-2015\/\">P11 (2015)<\/a><\/li>\n<li><a href=\"https:\/\/tampereunited.fi\/juniorit\/joukkueet\/edustus-2025-2026\/p12-2014\/\">P12 (2014)<\/a><\/li>\n<li><a href=\"https:\/\/tampereunited.fi\/juniorit\/joukkueet\/edustus-2025-2026\/p13-2013\/\">P13 (2013)<\/a><\/li>\n<li><a href=\"https:\/\/tampereunited.fi\/juniorit\/joukkueet\/edustus-2025-2026\/p14-2012\/\">P14 (2012)<\/a><\/li>\n<li><a href=\"https:\/\/tampereunited.fi\/juniorit\/joukkueet\/edustus-2025-2026\/p16-2010\/\">P16 (2010-2011)<\/a><\/li>\n<li><a href=\"https:\/\/tampereunited.fi\/juniorit\/joukkueet\/edustus-2025-2026\/p17-2008-2009\/\">P17 (2007-2008)<\/a><strong>Kenelle edustusjoukkue sopii?<\/strong>\n<p>Edustusjoukkue sopii juniorille, joka haluaa tavoitella oman potentiaalinsa huippua ja harjoitella muiden motivoituneiden kanssa. Seuraan ty\u00f6suhteessa olevat vastuuvalmentajat takaavat laadukkaan toiminnan jokaisessa ik\u00e4luokassa.<\/p>\n<p><strong>Kausimaksut<\/strong><\/p>\n<p>Joukkueiden kausimaksut erittelyineen on avattu kunkin joukkueen sivulla.<\/p>\n<p><strong>Miten p\u00e4\u00e4sen mukaan?<\/strong><\/p>\n<p>Mik\u00e4li olet kiinnostunut liittym\u00e4\u00e4n edustusjoukkueeseen, ole yhteydess\u00e4 joukkueenjohtajaan sopiaksesi tutustumisesta harjoituksiin!<\/p>\n<div class=\"row\">\n<div class=\"row\"><\/div>\n<\/div>\n<\/li>\n<\/ul>\n<div class=\"row\">\n<div class=\"row\">\n<div class=\"columns large-6 small-12\"><\/div>\n<\/div>\n<\/div>\n","protected":false},"excerpt":{"rendered":"<p>Junioriedustusjoukkueet ovat Tampere Unitedissa tavoitteellisesti toimivia joukkueita, joihin valitaan pelaajat n\u00e4ytt\u00f6jen perusteella. P7-9 (2017-2019) P10 (2016) P11 (2015) P12 (2014) P13 (2013) P14 (2012) P16 (2010-2011) P17 (2007-2008)Kenelle edustusjoukkue sopii? Edustusjoukkue sopii juniorille, joka haluaa tavoitella oman potentiaalinsa huippua ja harjoitella muiden motivoituneiden kanssa. Seuraan ty\u00f6suhteessa olevat vastuuvalmentajat takaavat laadukkaan toiminnan jokaisessa ik\u00e4luokassa. Kausimaksut Joukkueiden [&hellip;]<\/p>\n","protected":false},"author":7,"featured_media":0,"parent":3536,"menu_order":0,"comment_status":"closed","ping_status":"closed","template":"","meta":{"_acf_changed":false,"footnotes":"","_links_to":"","_links_to_target":""},"class_list":["post-1391","page","type-page","status-publish","hentry"],"acf":[],"aioseo_notices":[],"_links":{"self":[{"href":"https:\/\/tampereunited.fi\/juniorit\/wp-json\/wp\/v2\/pages\/1391","targetHints":{"allow":["GET"]}}],"collection":[{"href":"https:\/\/tampereunited.fi\/juniorit\/wp-json\/wp\/v2\/pages"}],"about":[{"href":"https:\/\/tampereunited.fi\/juniorit\/wp-json\/wp\/v2\/types\/page"}],"author":[{"embeddable":true,"href":"https:\/\/tampereunited.fi\/juniorit\/wp-json\/wp\/v2\/users\/7"}],"replies":[{"embeddable":true,"href":"https:\/\/tampereunited.fi\/juniorit\/wp-json\/wp\/v2\/comments?post=1391"}],"version-history":[{"count":66,"href":"https:\/\/tampereunited.fi\/juniorit\/wp-json\/wp\/v2\/pages\/1391\/revisions"}],"predecessor-version":[{"id":6048,"href":"https:\/\/tampereunited.fi\/juniorit\/wp-json\/wp\/v2\/pages\/1391\/revisions\/6048"}],"up":[{"embeddable":true,"href":"https:\/\/tampereunited.fi\/juniorit\/wp-json\/wp\/v2\/pages\/3536"}],"wp:attachment":[{"href":"https:\/\/tampereunited.fi\/juniorit\/wp-json\/wp\/v2\/media?parent=1391"}],"curies":[{"name":"wp","href":"https:\/\/api.w.org\/{rel}","templated":true}]}}